{"id":29020,"date":"2025-10-01T14:09:52","date_gmt":"2025-10-01T14:09:52","guid":{"rendered":"https:\/\/whitelip.com\/?post_type=product&#038;p=29020"},"modified":"2026-05-07T10:11:38","modified_gmt":"2026-05-07T10:11:38","slug":"fumi-salty-violet-strong","status":"publish","type":"product","link":"https:\/\/whitelip.com\/tr\/fumi\/fumi-salty-violet-strong\/","title":{"rendered":"FUMI Salty Violet Strong"},"content":{"rendered":"<h2><b>FUMI Salty Violet Strong<\/b><\/h2>\n<p><span style=\"font-weight: 400;\">FUMI Tuzlu Violet G\u00fc\u00e7l\u00fc, violet'in \u00e7i\u00e7eksel tatl\u0131l\u0131\u011f\u0131n\u0131 cesur tuzlu bir twist ile sunarak incelikli ve cesur ayn\u0131 zamanda benzersiz bir \u0130skandinav lezzet deneyimi yarat\u0131r. Bu ince nikotin po\u015fetleri, po\u015fet ba\u015f\u0131na 8 mg nikotin g\u00fcc\u00fc ile ay\u0131r\u0131c\u0131 ve maceraperest tat profilleri sevenler i\u00e7in tasarlanm\u0131\u015ft\u0131r. Ayr\u0131k ve rahat kullan\u0131m i\u00e7in tasarlanm\u0131\u015f, FUMI Tuzlu Violet G\u00fc\u00e7l\u00fc duda\u011f\u0131n alt\u0131na sorunsuz oturur, geleneksel \u00fcr\u00fcnlere temiz ve lekesiz bir alternatif sa\u011fl\u0131yor. \u00c7i\u00e7eksel notalar\u0131 ve tuzlulu\u011fun dengesi, FUMI \u00fcr\u00fcn yelpazesinde ger\u00e7ekten benzersiz bir se\u00e7enek haline getiriyor.<\/span><\/p>\n<table>\n<tbody>\n<tr>\n<td><b>Attribute<\/b><\/td>\n<td><b>Ayr\u0131nt\u0131lar<\/b><\/td>\n<\/tr>\n<tr>\n<td><span style=\"font-weight: 400;\">Kutu Ba\u015f\u0131na \u0130\u00e7erik<\/span><\/td>\n<td><span style=\"font-weight: 400;\">14g (20 paket)<\/span><\/td>\n<\/tr>\n<tr>\n<td><span style=\"font-weight: 400;\">Nikotin \u0130\u00e7eri\u011fi<\/span><\/td>\n<td><span style=\"font-weight: 400;\">11 mg\/g<\/span><\/td>\n<\/tr>\n<tr>\n<td><span style=\"font-weight: 400;\">Po\u015fet Format\u0131<\/span><\/td>\n<td><span style=\"font-weight: 400;\">\u0130nce<\/span><\/td>\n<\/tr>\n<tr>\n<td><span style=\"font-weight: 400;\">\u00dcretici<\/span><\/td>\n<td><span style=\"font-weight: 400;\">FUMI<\/span><\/td>\n<\/tr>\n<tr>\n<td><span style=\"font-weight: 400;\">Aroma<\/span><\/td>\n<td><span style=\"font-weight: 400;\">Mor &amp; Tuzlu<\/span><\/td>\n<\/tr>\n<tr>\n<td><span style=\"font-weight: 400;\">T\u00fcr<\/span><\/td>\n<td><span style=\"font-weight: 400;\">T\u00fcm beyaz po\u015fet, t\u00fct\u00fcns\u00fcz<\/span><\/td>\n<\/tr>\n<\/tbody>\n<\/table>","protected":false},"excerpt":{"rendered":"<p>Rafine <strong>mor<\/strong> aroma cesur tuzlu kenar ile kar\u015f\u0131la\u015f\u0131r benzersiz bir \u0130skandinav profili i\u00e7in. \u00c7i\u00e7ek, ac\u0131, ve hat\u0131rlan\u0131r. The <strong>ince<\/strong> format duda\u011f\u0131n alt\u0131nda gizli oturuyor rahat, hareket halinde kullan\u0131m i\u00e7in. Her po\u015fet i\u00e7erir <strong data-start=\"267\" data-end=\"284\">8 mg nikotin<\/strong>, temiz, g\u00fc\u00e7l\u00fc duyum sunuyor t\u00fct\u00fcns\u00fcz veya lekeler.<\/p>","protected":false},"featured_media":29024,"comment_status":"open","ping_status":"closed","template":"","format":[206],"meta":{"_acf_changed":false},"product_brand":[],"product_cat":[245],"product_tag":[16583],"flavours":[202,198],"nicotine":[208,236],"class_list":{"0":"post-29020","1":"product","2":"type-product","3":"status-publish","4":"has-post-thumbnail","6":"product_cat-fumi","7":"product_tag-8-mg-pouch","8":"pa_quantity-1-pack","9":"pa_quantity-10-pack","10":"pa_quantity-3-pack","11":"pa_quantity-30-pack","12":"pa_quantity-5-pack","13":"pa_quantity-60-pack","14":"flavours-violet","15":"flavours-licorice","16":"format-slim","17":"nicotine-11-mg-g","18":"nicotine-strong","20":"first","21":"instock","22":"taxable","23":"shipping-taxable","24":"purchasable","25":"product-type-variable"},"acf":[],"_links":{"self":[{"href":"https:\/\/whitelip.com\/tr\/wp-json\/wp\/v2\/product\/29020","targetHints":{"allow":["GET"]}}],"collection":[{"href":"https:\/\/whitelip.com\/tr\/wp-json\/wp\/v2\/product"}],"about":[{"href":"https:\/\/whitelip.com\/tr\/wp-json\/wp\/v2\/types\/product"}],"replies":[{"embeddable":true,"href":"https:\/\/whitelip.com\/tr\/wp-json\/wp\/v2\/comments?post=29020"}],"wp:featuredmedia":[{"embeddable":true,"href":"https:\/\/whitelip.com\/tr\/wp-json\/wp\/v2\/media\/29024"}],"wp:attachment":[{"href":"https:\/\/whitelip.com\/tr\/wp-json\/wp\/v2\/media?parent=29020"}],"wp:term":[{"taxonomy":"product_brand","embeddable":true,"href":"https:\/\/whitelip.com\/tr\/wp-json\/wp\/v2\/product_brand?post=29020"},{"taxonomy":"product_cat","embeddable":true,"href":"https:\/\/whitelip.com\/tr\/wp-json\/wp\/v2\/product_cat?post=29020"},{"taxonomy":"product_tag","embeddable":true,"href":"https:\/\/whitelip.com\/tr\/wp-json\/wp\/v2\/product_tag?post=29020"},{"taxonomy":"flavours","embeddable":true,"href":"https:\/\/whitelip.com\/tr\/wp-json\/wp\/v2\/flavours?post=29020"},{"taxonomy":"format","embeddable":true,"href":"https:\/\/whitelip.com\/tr\/wp-json\/wp\/v2\/format?post=29020"},{"taxonomy":"nicotine","embeddable":true,"href":"https:\/\/whitelip.com\/tr\/wp-json\/wp\/v2\/nicotine?post=29020"}],"curies":[{"name":"wp","href":"https:\/\/api.w.org\/{rel}","templated":true}]}}