{"id":28866,"date":"2025-09-30T15:25:05","date_gmt":"2025-09-30T15:25:05","guid":{"rendered":"https:\/\/whitelip.com\/?post_type=product&#038;p=28866"},"modified":"2026-04-17T12:39:48","modified_gmt":"2026-04-17T12:39:48","slug":"xqs-fizzy-peach-strong","status":"publish","type":"product","link":"https:\/\/whitelip.com\/tr\/xqs\/xqs-fizzy-peach-strong\/","title":{"rendered":"XQS Fizzy Peach Strong"},"content":{"rendered":"<h2><strong>XQS Fizzy Peach Strong<\/strong><\/h2>\n<p>XQS Fizzy Peach Strong, k\u00f6p\u00fcrl\u00fc \u015feftali tad\u0131 olan t\u00fcm beyaz nikotin po\u015fu\u011fud\u00fcr. Po\u015fuklar 16 mg\/g nikotin g\u00fcc\u00fc ile ince format olarak gelir.<\/p>\n<ul>\n<li>Aroma: \u015eeftali<\/li>\n<li>Format: \u0130nce<\/li>\n<li>Nikotin: 16 mg\/g<\/li>\n<li>Po\u015fetler: 20 adet<\/li>\n<li>A\u011f\u0131rl\u0131k: 10 g<\/li>\n<li>Marka: <a href=\"https:\/\/whitelip.se\/en\/xqs\/\" target=\"_blank\" rel=\"noopener\">XQS<\/a><\/li>\n<li>\u00dcretici: <a href=\"https:\/\/www.st-group.com\/\" target=\"_blank\" rel=\"noopener\">Insurgent Ventures II<\/a><\/li>\n<\/ul>\n<p><em><strong>Marka Hakk\u0131nda: XQS<\/strong><\/em><\/p>\n<p>XQS nikotin po\u015fetleriyle tat ve kolayl\u0131k d\u00fcnyas\u0131n\u0131 ke\u015ffedin\u2014ola\u011fan\u00fcst\u00fc tat \u00e7e\u015fitlili\u011fi ve gizlilik sunan bir yelpaze. \u00c7e\u015fitli heyecan verici tatlar ve nikotin g\u00fc\u00e7l\u00fckleriyle, XQS nikotin ihtiya\u00e7lar\u0131n\u0131z\u0131 kar\u015f\u0131lamak i\u00e7in uygun ve \u015f\u0131k bir \u00e7\u00f6z\u00fcm sunmaktad\u0131r. Ayr\u0131ca XQS'nin ekstra do\u011fall\u0131\u011f\u0131n\u0131 da deneyimleyin\u2014hap \u00fcr\u00fcnleri orijinal ve keyifli bir nikotin deneyimi i\u00e7in do\u011fal olarak renklenmi\u015ftir. XQS nikotin po\u015fetlerinin geni\u015f yelpazesini ke\u015ffedin ve kolayl\u0131k i\u00e7in keyifli ve \u00f6zelle\u015ftirilmi\u015f nikotin deneyimi i\u00e7in favori bulun.<\/p>","protected":false},"excerpt":{"rendered":"<p>XQS<strong> Fizzy Peach<\/strong> Strong, k\u00f6p\u00fcrl\u00fc \u015feftali tad\u0131 olan t\u00fcm beyaz nikotin po\u015fu\u011fud\u00fcr. Po\u015fuklar <strong>ince<\/strong> formatta gelir ve <strong>16 mg\/g.<\/strong><\/p>","protected":false},"featured_media":84312,"comment_status":"open","ping_status":"closed","template":"","format":[206],"meta":{"_acf_changed":false},"product_brand":[],"product_cat":[27],"product_tag":[16583],"flavours":[196],"nicotine":[213,232],"class_list":{"0":"post-28866","1":"product","2":"type-product","3":"status-publish","4":"has-post-thumbnail","6":"product_cat-xqs","7":"product_tag-8-mg-pouch","8":"pa_quantity-1-pack","9":"pa_quantity-10-pack","10":"pa_quantity-3-pack","11":"pa_quantity-30-pack","12":"pa_quantity-5-pack","13":"pa_quantity-60-pack","14":"flavours-fruits-berries","15":"format-slim","16":"nicotine-16-mg-g","17":"nicotine-extra-strong","19":"first","20":"instock","21":"taxable","22":"shipping-taxable","23":"purchasable","24":"product-type-variable","25":"has-default-attributes"},"acf":[],"_links":{"self":[{"href":"https:\/\/whitelip.com\/tr\/wp-json\/wp\/v2\/product\/28866","targetHints":{"allow":["GET"]}}],"collection":[{"href":"https:\/\/whitelip.com\/tr\/wp-json\/wp\/v2\/product"}],"about":[{"href":"https:\/\/whitelip.com\/tr\/wp-json\/wp\/v2\/types\/product"}],"replies":[{"embeddable":true,"href":"https:\/\/whitelip.com\/tr\/wp-json\/wp\/v2\/comments?post=28866"}],"wp:featuredmedia":[{"embeddable":true,"href":"https:\/\/whitelip.com\/tr\/wp-json\/wp\/v2\/media\/84312"}],"wp:attachment":[{"href":"https:\/\/whitelip.com\/tr\/wp-json\/wp\/v2\/media?parent=28866"}],"wp:term":[{"taxonomy":"product_brand","embeddable":true,"href":"https:\/\/whitelip.com\/tr\/wp-json\/wp\/v2\/product_brand?post=28866"},{"taxonomy":"product_cat","embeddable":true,"href":"https:\/\/whitelip.com\/tr\/wp-json\/wp\/v2\/product_cat?post=28866"},{"taxonomy":"product_tag","embeddable":true,"href":"https:\/\/whitelip.com\/tr\/wp-json\/wp\/v2\/product_tag?post=28866"},{"taxonomy":"flavours","embeddable":true,"href":"https:\/\/whitelip.com\/tr\/wp-json\/wp\/v2\/flavours?post=28866"},{"taxonomy":"format","embeddable":true,"href":"https:\/\/whitelip.com\/tr\/wp-json\/wp\/v2\/format?post=28866"},{"taxonomy":"nicotine","embeddable":true,"href":"https:\/\/whitelip.com\/tr\/wp-json\/wp\/v2\/nicotine?post=28866"}],"curies":[{"name":"wp","href":"https:\/\/api.w.org\/{rel}","templated":true}]}}