{"id":28860,"date":"2025-09-30T15:25:06","date_gmt":"2025-09-30T15:25:06","guid":{"rendered":"https:\/\/whitelip.com\/?post_type=product&#038;p=28860"},"modified":"2026-05-09T10:11:14","modified_gmt":"2026-05-09T10:11:14","slug":"xqs-dark-banana-strong","status":"publish","type":"product","link":"https:\/\/whitelip.com\/tr\/xqs\/xqs-dark-banana-strong\/","title":{"rendered":"XQS Dark Banana Strong"},"content":{"rendered":"<h2><strong>XQS Dark Banana Strong<\/strong><\/h2>\n<p>XQS Dark Banana Strong, koyu \u00e7ikolata ve muz tad\u0131 olan t\u00fcm beyaz bir nikotin po\u015fu\u011fudur. Po\u015fuklar 16 mg\/g nikotin g\u00fcc\u00fc ile ince format olarak gelir.<\/p>\n<ul>\n<li>Aroma: Koyu \u00c7ikolata &amp; Muz<\/li>\n<li>Format: \u0130nce<\/li>\n<li>Nikotin: 16 mg\/g<\/li>\n<li>Po\u015fetler: 20 adet<\/li>\n<li>A\u011f\u0131rl\u0131k: 10 g<\/li>\n<li>Marka: <a href=\"https:\/\/whitelip.se\/en\/xqs\/\" target=\"_blank\" rel=\"noopener\">XQS<\/a><\/li>\n<li>\u00dcretici: <a href=\"https:\/\/www.st-group.com\/\" target=\"_blank\" rel=\"noopener\">Insurgent Ventures II<\/a><\/li>\n<\/ul>\n<p><em><strong>Marka Hakk\u0131nda: XQS<\/strong><\/em><\/p>\n<p>XQS nikotin po\u015fetleriyle tat ve kolayl\u0131k d\u00fcnyas\u0131n\u0131 ke\u015ffedin\u2014ola\u011fan\u00fcst\u00fc tat \u00e7e\u015fitlili\u011fi ve gizlilik sunan bir yelpaze. \u00c7e\u015fitli heyecan verici tatlar ve nikotin g\u00fc\u00e7l\u00fckleriyle, XQS nikotin ihtiya\u00e7lar\u0131n\u0131z\u0131 kar\u015f\u0131lamak i\u00e7in uygun ve \u015f\u0131k bir \u00e7\u00f6z\u00fcm sunmaktad\u0131r. Ayr\u0131ca XQS'nin ekstra do\u011fall\u0131\u011f\u0131n\u0131 da deneyimleyin\u2014hap \u00fcr\u00fcnleri orijinal ve keyifli bir nikotin deneyimi i\u00e7in do\u011fal olarak renklenmi\u015ftir. XQS nikotin po\u015fetlerinin geni\u015f yelpazesini ke\u015ffedin ve kolayl\u0131k i\u00e7in keyifli ve \u00f6zelle\u015ftirilmi\u015f nikotin deneyimi i\u00e7in favori bulun.<\/p>","protected":false},"excerpt":{"rendered":"<p>XQS <strong data-start=\"4\" data-end=\"19\">Dark Banana<\/strong> <strong data-start=\"20\" data-end=\"30\">G\u00fc\u00e7l\u00fc<\/strong> koyu \u00e7ikolata ve muza t\u00fcm beyaz profilde sunar. <strong data-start=\"95\" data-end=\"103\">ince<\/strong> po\u015fuklar ayr\u0131k ve rahattur. Nikotin g\u00fcc\u00fc: <strong>16 mg\/g.<\/strong><\/p>","protected":false},"featured_media":84311,"comment_status":"open","ping_status":"closed","template":"","format":[206],"meta":{"_acf_changed":false},"product_brand":[],"product_cat":[27],"product_tag":[16583],"flavours":[188,196],"nicotine":[213,232],"class_list":{"0":"post-28860","1":"product","2":"type-product","3":"status-publish","4":"has-post-thumbnail","6":"product_cat-xqs","7":"product_tag-8-mg-pouch","8":"pa_quantity-1-pack","9":"pa_quantity-10-pack","10":"pa_quantity-3-pack","11":"pa_quantity-30-pack","12":"pa_quantity-5-pack","13":"pa_quantity-60-pack","14":"flavours-chocolate","15":"flavours-fruits-berries","16":"format-slim","17":"nicotine-16-mg-g","18":"nicotine-extra-strong","20":"first","21":"instock","22":"taxable","23":"shipping-taxable","24":"purchasable","25":"product-type-variable","26":"has-default-attributes"},"acf":[],"_links":{"self":[{"href":"https:\/\/whitelip.com\/tr\/wp-json\/wp\/v2\/product\/28860","targetHints":{"allow":["GET"]}}],"collection":[{"href":"https:\/\/whitelip.com\/tr\/wp-json\/wp\/v2\/product"}],"about":[{"href":"https:\/\/whitelip.com\/tr\/wp-json\/wp\/v2\/types\/product"}],"replies":[{"embeddable":true,"href":"https:\/\/whitelip.com\/tr\/wp-json\/wp\/v2\/comments?post=28860"}],"wp:featuredmedia":[{"embeddable":true,"href":"https:\/\/whitelip.com\/tr\/wp-json\/wp\/v2\/media\/84311"}],"wp:attachment":[{"href":"https:\/\/whitelip.com\/tr\/wp-json\/wp\/v2\/media?parent=28860"}],"wp:term":[{"taxonomy":"product_brand","embeddable":true,"href":"https:\/\/whitelip.com\/tr\/wp-json\/wp\/v2\/product_brand?post=28860"},{"taxonomy":"product_cat","embeddable":true,"href":"https:\/\/whitelip.com\/tr\/wp-json\/wp\/v2\/product_cat?post=28860"},{"taxonomy":"product_tag","embeddable":true,"href":"https:\/\/whitelip.com\/tr\/wp-json\/wp\/v2\/product_tag?post=28860"},{"taxonomy":"flavours","embeddable":true,"href":"https:\/\/whitelip.com\/tr\/wp-json\/wp\/v2\/flavours?post=28860"},{"taxonomy":"format","embeddable":true,"href":"https:\/\/whitelip.com\/tr\/wp-json\/wp\/v2\/format?post=28860"},{"taxonomy":"nicotine","embeddable":true,"href":"https:\/\/whitelip.com\/tr\/wp-json\/wp\/v2\/nicotine?post=28860"}],"curies":[{"name":"wp","href":"https:\/\/api.w.org\/{rel}","templated":true}]}}