{"id":28739,"date":"2025-09-29T13:47:39","date_gmt":"2025-09-29T13:47:39","guid":{"rendered":"https:\/\/whitelip.com\/?post_type=product&#038;p=28739"},"modified":"2026-04-18T12:26:05","modified_gmt":"2026-04-18T12:26:05","slug":"whitelip-can-dispenser","status":"publish","type":"product","link":"https:\/\/whitelip.com\/tr\/merch\/whitelip-can-dispenser\/","title":{"rendered":"Whitelip Kutu Dispenseri"},"content":{"rendered":"<p data-start=\"0\" data-end=\"54\"><strong>Whitelip Can Dispenser ile mekan\u0131n\u0131z\u0131 y\u00fckseltin<\/strong><\/p>\n<p data-start=\"56\" data-end=\"271\">Sofistike tasar\u0131m\u0131 g\u00fcnl\u00fck i\u015flevsellik ile birle\u015ftiren nihai depolama \u00e7\u00f6z\u00fcm\u00fcn\u00fc ke\u015ffedin. Whitelip Can Dispenser, tezgahlar\u0131n\u0131za, altlar\u0131na veya buzdolab\u0131n\u0131za d\u00fczen ve stil getirmek i\u00e7in tasarlanm\u0131\u015ft\u0131r.<\/p>\n<p data-start=\"273\" data-end=\"296\"><strong data-start=\"273\" data-end=\"294\">Ana \u00d6zellikler:<\/strong><\/p>\n<ul data-start=\"298\" data-end=\"749\">\n<li data-start=\"298\" data-end=\"412\">\n<p data-start=\"300\" data-end=\"412\"><strong data-start=\"300\" data-end=\"319\">Modern Estetik:<\/strong> Parlak siyah cilas\u0131 ve ikonik Whitelip logosu zarif bir etki yarat\u0131r.<\/p>\n<\/li>\n<li data-start=\"413\" data-end=\"514\">\n<p data-start=\"415\" data-end=\"514\"><strong data-start=\"415\" data-end=\"439\">Korumal\u0131 ve S\u0131zd\u0131rmaz:<\/strong> Tamamen kapal\u0131 tasar\u0131m kutular\u0131 toza kar\u015f\u0131 korumu\u015f ve d\u00fczenli bir \u015fekilde istiflemi\u015f tutar.<\/p>\n<\/li>\n<li data-start=\"515\" data-end=\"634\">\n<p data-start=\"517\" data-end=\"634\"><strong data-start=\"517\" data-end=\"536\">Kolay Eri\u015fim:<\/strong> \u0130tme mekanizmas\u0131 sayesinde bir seferde bir kutu \u015feffaf \u00f6n dispenserden \u00e7\u0131kart\u0131l\u0131r.<\/p>\n<\/li>\n<li data-start=\"635\" data-end=\"749\">\n<p data-start=\"637\" data-end=\"749\"><strong data-start=\"637\" data-end=\"662\">Dayan\u0131kl\u0131 Yap\u0131:<\/strong> Y\u00fcksek kaliteli akrilden el yap\u0131m\u0131, istikrarl\u0131 ve uzun \u00f6m\u00fcrl\u00fc bir depolama \u00e7\u00f6z\u00fcm\u00fc.<\/p>\n<\/li>\n<\/ul>","protected":false},"excerpt":{"rendered":"<p>Whitelip Can Dispenser ile kutular\u0131n\u0131z\u0131 organize ve haz\u0131r tutun. Minimalist parlak siyah tasar\u0131m, herhangi bir modern mutfak, ofis veya e\u011flence alan\u0131na m\u00fckemmel \u015fekilde uyum sa\u011flar. El yap\u0131m\u0131 kap kutular\u0131n\u0131z\u0131 temiz tutarken, \u00f6n tarafl\u0131 dispenseri sayesinde bir sonraki kutu her zaman elinizin alt\u0131ndad\u0131r.<\/p>","protected":false},"featured_media":28740,"comment_status":"open","ping_status":"closed","template":"","format":[],"meta":{"_acf_changed":false},"product_brand":[],"product_cat":[81],"product_tag":[],"flavours":[],"nicotine":[],"class_list":{"0":"post-28739","1":"product","2":"type-product","3":"status-publish","4":"has-post-thumbnail","6":"product_cat-merch","7":"pa_quantity-1-pack","9":"first","10":"instock","11":"taxable","12":"shipping-taxable","13":"purchasable","14":"product-type-variable","15":"has-default-attributes"},"acf":[],"_links":{"self":[{"href":"https:\/\/whitelip.com\/tr\/wp-json\/wp\/v2\/product\/28739","targetHints":{"allow":["GET"]}}],"collection":[{"href":"https:\/\/whitelip.com\/tr\/wp-json\/wp\/v2\/product"}],"about":[{"href":"https:\/\/whitelip.com\/tr\/wp-json\/wp\/v2\/types\/product"}],"replies":[{"embeddable":true,"href":"https:\/\/whitelip.com\/tr\/wp-json\/wp\/v2\/comments?post=28739"}],"wp:featuredmedia":[{"embeddable":true,"href":"https:\/\/whitelip.com\/tr\/wp-json\/wp\/v2\/media\/28740"}],"wp:attachment":[{"href":"https:\/\/whitelip.com\/tr\/wp-json\/wp\/v2\/media?parent=28739"}],"wp:term":[{"taxonomy":"product_brand","embeddable":true,"href":"https:\/\/whitelip.com\/tr\/wp-json\/wp\/v2\/product_brand?post=28739"},{"taxonomy":"product_cat","embeddable":true,"href":"https:\/\/whitelip.com\/tr\/wp-json\/wp\/v2\/product_cat?post=28739"},{"taxonomy":"product_tag","embeddable":true,"href":"https:\/\/whitelip.com\/tr\/wp-json\/wp\/v2\/product_tag?post=28739"},{"taxonomy":"flavours","embeddable":true,"href":"https:\/\/whitelip.com\/tr\/wp-json\/wp\/v2\/flavours?post=28739"},{"taxonomy":"format","embeddable":true,"href":"https:\/\/whitelip.com\/tr\/wp-json\/wp\/v2\/format?post=28739"},{"taxonomy":"nicotine","embeddable":true,"href":"https:\/\/whitelip.com\/tr\/wp-json\/wp\/v2\/nicotine?post=28739"}],"curies":[{"name":"wp","href":"https:\/\/api.w.org\/{rel}","templated":true}]}}