{"id":28727,"date":"2025-10-01T09:30:20","date_gmt":"2025-10-01T09:30:20","guid":{"rendered":"https:\/\/whitelip.com\/?post_type=product&#038;p=28727"},"modified":"2026-04-15T17:06:51","modified_gmt":"2026-04-15T17:06:51","slug":"greatest-arctic-edition","status":"publish","type":"product","link":"https:\/\/whitelip.com\/tr\/greatest\/greatest-arctic-edition\/","title":{"rendered":"GREATEST Arctic Bask\u0131s\u0131"},"content":{"rendered":"<h2><b>GREATEST Arctic Bask\u0131s\u0131<\/b><\/h2>\n<p><span style=\"font-weight: 400;\">GREATEST Arctic Edition nikotin po\u015fetleri, ferahlat\u0131c\u0131 bir nikotin deneyimi i\u00e7in ekstra so\u011futma etkisi ile dondurucu ve canland\u0131r\u0131c\u0131 bir nane aromas\u0131 sunar. Gram ba\u015f\u0131na 16 mg nikotin g\u00fcc\u00fc ile, her po\u015fette yakla\u015f\u0131k 12 mg'ye e\u015fde\u011ferdir, bu ince format po\u015fetler deneyimli kullan\u0131c\u0131lar i\u00e7in ideal g\u00fc\u00e7l\u00fc bir vuru\u015f sa\u011flar. Her kutu, di\u015f lekelenmeden gizli ve konforlu kullan\u0131m i\u00e7in tasarlanan 20 t\u00fcm beyaz po\u015fet i\u00e7erir. Yenilik\u00e7i yakla\u015f\u0131m\u0131 ve tutarl\u0131 kalitesiyle bilinen Finlandiyal\u0131 \u00fcretici Puff &amp; Pouch taraf\u0131ndan \u00fcretilen GREATEST Arctic Edition, maksimum tazelik ile cesur nane tatlar\u0131ndan ho\u015flanan ki\u015fileri memnun etmek i\u00e7in tasarlanm\u0131\u015ft\u0131r.<\/span><\/p>\n<table>\n<tbody>\n<tr>\n<td><b>Attribute<\/b><\/td>\n<td><b>Ayr\u0131nt\u0131lar<\/b><\/td>\n<\/tr>\n<tr>\n<td><b>10g (20 po\u015fet)<\/b><\/td>\n<td><span style=\"font-weight: 400;\">12g (20 po\u015fet)<\/span><\/td>\n<\/tr>\n<tr>\n<td><b>Nikotin i\u00e7eri\u011fi<\/b><\/td>\n<td><span style=\"font-weight: 400;\">16 mg\/g (po\u015fet ba\u015f\u0131na 12 mg)<\/span><\/td>\n<\/tr>\n<tr>\n<td><b>Po\u015fet format\u0131<\/b><\/td>\n<td><span style=\"font-weight: 400;\">\u0130nce<\/span><\/td>\n<\/tr>\n<tr>\n<td><b>\u00dcretici<\/b><\/td>\n<td><span style=\"font-weight: 400;\">Puff &amp; Pouch<\/span><\/td>\n<\/tr>\n<tr>\n<td><b>Aroma<\/b><\/td>\n<td><span style=\"font-weight: 400;\">Arctic Mint<\/span><\/td>\n<\/tr>\n<tr>\n<td><b>T\u00fcr<\/b><\/td>\n<td><span style=\"font-weight: 400;\">Tamamen beyaz po\u015fet<\/span><\/td>\n<\/tr>\n<\/tbody>\n<\/table>","protected":false},"excerpt":{"rendered":"<p>Dondurucu, canland\u0131r\u0131c\u0131 <strong data-start=\"18\" data-end=\"26\">nane<\/strong> ekstra so\u011futma etkisi ile. <strong data-start=\"56\" data-end=\"64\">\u0130nce<\/strong>, t\u00fcm beyaz po\u015fetler duda\u011f\u0131n alt\u0131nda gizlice oturur ve di\u015f lekelenmez; her kutu 20 i\u00e7erir. Her po\u015fet i\u00e7erir <strong data-start=\"179\" data-end=\"198\">~12 mg nikotin<\/strong> (16 mg\/g), deneyimli kullan\u0131c\u0131lar i\u00e7in g\u00fc\u00e7l\u00fc bir vuru\u015f sa\u011flayan. Tutarl\u0131 kalite ve maksimum tazelik i\u00e7in Puff &amp; Pouch (Finlandiya) taraf\u0131ndan yap\u0131lm\u0131\u015ft\u0131r.<\/p>","protected":false},"featured_media":28731,"comment_status":"open","ping_status":"closed","template":"","format":[206],"meta":{"_acf_changed":false},"product_brand":[],"product_cat":[87],"product_tag":[16561],"flavours":[199],"nicotine":[213,232],"class_list":{"0":"post-28727","1":"product","2":"type-product","3":"status-publish","4":"has-post-thumbnail","6":"product_cat-greatest","7":"product_tag-12-mg-pouch","8":"pa_quantity-1-pack","9":"pa_quantity-10-pack","10":"pa_quantity-3-pack","11":"pa_quantity-30-pack","12":"pa_quantity-5-pack","13":"pa_quantity-60-pack","14":"flavours-mint","15":"format-slim","16":"nicotine-16-mg-g","17":"nicotine-extra-strong","19":"first","20":"instock","21":"taxable","22":"shipping-taxable","23":"purchasable","24":"product-type-variable"},"acf":[],"_links":{"self":[{"href":"https:\/\/whitelip.com\/tr\/wp-json\/wp\/v2\/product\/28727","targetHints":{"allow":["GET"]}}],"collection":[{"href":"https:\/\/whitelip.com\/tr\/wp-json\/wp\/v2\/product"}],"about":[{"href":"https:\/\/whitelip.com\/tr\/wp-json\/wp\/v2\/types\/product"}],"replies":[{"embeddable":true,"href":"https:\/\/whitelip.com\/tr\/wp-json\/wp\/v2\/comments?post=28727"}],"wp:featuredmedia":[{"embeddable":true,"href":"https:\/\/whitelip.com\/tr\/wp-json\/wp\/v2\/media\/28731"}],"wp:attachment":[{"href":"https:\/\/whitelip.com\/tr\/wp-json\/wp\/v2\/media?parent=28727"}],"wp:term":[{"taxonomy":"product_brand","embeddable":true,"href":"https:\/\/whitelip.com\/tr\/wp-json\/wp\/v2\/product_brand?post=28727"},{"taxonomy":"product_cat","embeddable":true,"href":"https:\/\/whitelip.com\/tr\/wp-json\/wp\/v2\/product_cat?post=28727"},{"taxonomy":"product_tag","embeddable":true,"href":"https:\/\/whitelip.com\/tr\/wp-json\/wp\/v2\/product_tag?post=28727"},{"taxonomy":"flavours","embeddable":true,"href":"https:\/\/whitelip.com\/tr\/wp-json\/wp\/v2\/flavours?post=28727"},{"taxonomy":"format","embeddable":true,"href":"https:\/\/whitelip.com\/tr\/wp-json\/wp\/v2\/format?post=28727"},{"taxonomy":"nicotine","embeddable":true,"href":"https:\/\/whitelip.com\/tr\/wp-json\/wp\/v2\/nicotine?post=28727"}],"curies":[{"name":"wp","href":"https:\/\/api.w.org\/{rel}","templated":true}]}}