{"id":28722,"date":"2025-09-29T12:34:36","date_gmt":"2025-09-29T12:34:36","guid":{"rendered":"https:\/\/whitelip.com\/?post_type=product&#038;p=28722"},"modified":"2026-04-17T06:06:54","modified_gmt":"2026-04-17T06:06:54","slug":"greatest-lemonade-edition","status":"publish","type":"product","link":"https:\/\/whitelip.com\/tr\/greatest\/greatest-lemonade-edition\/","title":{"rendered":"GREATEST Limonata Bask\u0131s\u0131"},"content":{"rendered":"<h2><b>GREATEST Limonata Bask\u0131s\u0131<\/b><\/h2>\n<p><span style=\"font-weight: 400;\">GREATEST Lemonade Edition nikotin po\u015fetleri, sitrus tatl\u0131l\u0131\u011f\u0131 ve ek\u015fili\u011fin m\u00fckemmel dengesini i\u00e7eren \u00e7\u0131t\u0131r ve ferahlat\u0131c\u0131 bir limonata tad\u0131 sunar. Gram ba\u015f\u0131na 16 mg nikotin g\u00fcc\u00fcyle, her po\u015fete yakla\u015f\u0131k 12 mg tutar\u0131nda, bu ince formatl\u0131 po\u015fetler deneyimli kullan\u0131c\u0131lar i\u00e7in ideal olan g\u00fc\u00e7l\u00fc ve sabit bir sal\u0131n\u0131m sa\u011flar. Her kutu, duda\u011f\u0131n alt\u0131nda rahat oturan ve di\u015fleri lekelendirmeyen 20 diskreet, t\u00fcm\u00fc beyaz po\u015fet i\u00e7erir. Finlandiya'l\u0131 \u00fcretici Puff &amp; Pouch taraf\u0131ndan \u00fcretilen, modern yenili\u011fi geleneksel kalite ile birle\u015ftirmesiyle tan\u0131nan GREATEST Lemonade Edition, cesur ve ferahlat\u0131c\u0131 bir nikotin deneyimi sunar.<\/span><\/p>\n<table>\n<tbody>\n<tr>\n<td><b>Attribute<\/b><\/td>\n<td><b>Ayr\u0131nt\u0131lar<\/b><\/td>\n<\/tr>\n<tr>\n<td><b>10g (20 po\u015fet)<\/b><\/td>\n<td><span style=\"font-weight: 400;\">12g (20 po\u015fet)<\/span><\/td>\n<\/tr>\n<tr>\n<td><b>Nikotin i\u00e7eri\u011fi<\/b><\/td>\n<td><span style=\"font-weight: 400;\">16 mg\/g (po\u015fet ba\u015f\u0131na 12 mg)<\/span><\/td>\n<\/tr>\n<tr>\n<td><b>Po\u015fet format\u0131<\/b><\/td>\n<td><span style=\"font-weight: 400;\">\u0130nce<\/span><\/td>\n<\/tr>\n<tr>\n<td><b>\u00dcretici<\/b><\/td>\n<td><span style=\"font-weight: 400;\">Premium Pouch Global<\/span><\/td>\n<\/tr>\n<tr>\n<td><b>Aroma<\/b><\/td>\n<td><span style=\"font-weight: 400;\">Limonata<\/span><\/td>\n<\/tr>\n<tr>\n<td><b>T\u00fcr<\/b><\/td>\n<td><span style=\"font-weight: 400;\">Tamamen beyaz po\u015fet<\/span><\/td>\n<\/tr>\n<\/tbody>\n<\/table>","protected":false},"excerpt":{"rendered":"<p>\u00c7\u0131t\u0131r, ferahlat\u0131c\u0131 <strong data-start=\"18\" data-end=\"30\">limonata<\/strong> dengeli sitrus tatl\u0131l\u0131\u011f\u0131 ve ek\u015fili\u011fi ile. <strong data-start=\"72\" data-end=\"80\">\u0130nce<\/strong>, t\u00fcm\u00fc beyaz po\u015fetler duda\u011f\u0131n alt\u0131nda diskretle oturur ve di\u015fleri lekelendirmez; kutuda 20 adet. Her po\u015fet i\u00e7erir <strong data-start=\"184\" data-end=\"203\">~12 mg nikotin<\/strong> (16 mg\/g), deneyimli kullan\u0131c\u0131lar i\u00e7in g\u00fc\u00e7l\u00fc ve sabit bir sal\u0131n\u0131m sa\u011flar. Puff &amp; Pouch (Finlandiya) taraf\u0131ndan \u00fcretilmi\u015ftir ve tutarl\u0131 kaliteyi garantiler.<\/p>","protected":false},"featured_media":28726,"comment_status":"open","ping_status":"closed","template":"","format":[206],"meta":{"_acf_changed":false},"product_brand":[],"product_cat":[87],"product_tag":[16561],"flavours":[190],"nicotine":[213,232],"class_list":{"0":"post-28722","1":"product","2":"type-product","3":"status-publish","4":"has-post-thumbnail","6":"product_cat-greatest","7":"product_tag-12-mg-pouch","8":"pa_quantity-1-pack","9":"pa_quantity-10-pack","10":"pa_quantity-3-pack","11":"pa_quantity-30-pack","12":"pa_quantity-5-pack","13":"pa_quantity-60-pack","14":"flavours-citrus","15":"format-slim","16":"nicotine-16-mg-g","17":"nicotine-extra-strong","19":"first","20":"instock","21":"taxable","22":"shipping-taxable","23":"purchasable","24":"product-type-variable"},"acf":[],"_links":{"self":[{"href":"https:\/\/whitelip.com\/tr\/wp-json\/wp\/v2\/product\/28722","targetHints":{"allow":["GET"]}}],"collection":[{"href":"https:\/\/whitelip.com\/tr\/wp-json\/wp\/v2\/product"}],"about":[{"href":"https:\/\/whitelip.com\/tr\/wp-json\/wp\/v2\/types\/product"}],"replies":[{"embeddable":true,"href":"https:\/\/whitelip.com\/tr\/wp-json\/wp\/v2\/comments?post=28722"}],"wp:featuredmedia":[{"embeddable":true,"href":"https:\/\/whitelip.com\/tr\/wp-json\/wp\/v2\/media\/28726"}],"wp:attachment":[{"href":"https:\/\/whitelip.com\/tr\/wp-json\/wp\/v2\/media?parent=28722"}],"wp:term":[{"taxonomy":"product_brand","embeddable":true,"href":"https:\/\/whitelip.com\/tr\/wp-json\/wp\/v2\/product_brand?post=28722"},{"taxonomy":"product_cat","embeddable":true,"href":"https:\/\/whitelip.com\/tr\/wp-json\/wp\/v2\/product_cat?post=28722"},{"taxonomy":"product_tag","embeddable":true,"href":"https:\/\/whitelip.com\/tr\/wp-json\/wp\/v2\/product_tag?post=28722"},{"taxonomy":"flavours","embeddable":true,"href":"https:\/\/whitelip.com\/tr\/wp-json\/wp\/v2\/flavours?post=28722"},{"taxonomy":"format","embeddable":true,"href":"https:\/\/whitelip.com\/tr\/wp-json\/wp\/v2\/format?post=28722"},{"taxonomy":"nicotine","embeddable":true,"href":"https:\/\/whitelip.com\/tr\/wp-json\/wp\/v2\/nicotine?post=28722"}],"curies":[{"name":"wp","href":"https:\/\/api.w.org\/{rel}","templated":true}]}}