{"id":28704,"date":"2025-09-30T14:12:45","date_gmt":"2025-09-30T14:12:45","guid":{"rendered":"https:\/\/whitelip.com\/?post_type=product&#038;p=28704"},"modified":"2026-04-15T17:07:26","modified_gmt":"2026-04-15T17:07:26","slug":"loop-blueberry-ice-3","status":"publish","type":"product","link":"https:\/\/whitelip.com\/tr\/loop\/loop-blueberry-ice-3\/","title":{"rendered":"LOOP Yaban Mersini Buz #3"},"content":{"rendered":"<h2><b>LOOP Yaban Mersini Buz #3<\/b><\/h2>\n<p><span style=\"font-weight: 400;\">LOOP Blueberry Ice #3, olgun blueberry'nin tatl\u0131 ve meyveli tad\u0131n\u0131 ferah bir so\u011futma etkisiyle birle\u015ftirir, p\u00fcr\u00fczs\u00fcz ve canland\u0131r\u0131c\u0131 bir nikotin deneyimi yarat\u0131r. Bu ince nikotin po\u015fetleri, meyveli ve donmu\u015f bir twist ile dengeli bir nikotin kuvveti arayan kullan\u0131c\u0131lar i\u00e7in m\u00fckemmeldir. Gizli ve rahat kullan\u0131m i\u00e7in tasarlanm\u0131\u015f olan LOOP Blueberry Ice #3, duda\u011f\u0131n alt\u0131na sorunsuzca oturur, g\u00fcn boyunca kolay ve keyifli bir se\u00e7enek haline getirir. Meyve tat\u0131l\u0131\u011f\u0131 ve buzlu tazeli\u011fin kar\u0131\u015f\u0131m\u0131, tatmin edici ve modern bir nikotin alternatifi sa\u011flar.<\/span><\/p>\n<table>\n<tbody>\n<tr>\n<td><b>Attribute<\/b><\/td>\n<td><b>Ayr\u0131nt\u0131lar<\/b><\/td>\n<\/tr>\n<tr>\n<td><span style=\"font-weight: 400;\">Kutu Ba\u015f\u0131na \u0130\u00e7erik<\/span><\/td>\n<td><span style=\"font-weight: 400;\">12g (20 po\u015fet)<\/span><\/td>\n<\/tr>\n<tr>\n<td><span style=\"font-weight: 400;\">Nikotin \u0130\u00e7eri\u011fi<\/span><\/td>\n<td><span style=\"font-weight: 400;\">10 mg\/g<\/span><\/td>\n<\/tr>\n<tr>\n<td><span style=\"font-weight: 400;\">Po\u015fet Format\u0131<\/span><\/td>\n<td><span style=\"font-weight: 400;\">\u0130nce<\/span><\/td>\n<\/tr>\n<tr>\n<td><span style=\"font-weight: 400;\">\u00dcretici<\/span><\/td>\n<td><span style=\"font-weight: 400;\">LOOP<\/span><\/td>\n<\/tr>\n<tr>\n<td><span style=\"font-weight: 400;\">Aroma<\/span><\/td>\n<td><span style=\"font-weight: 400;\">Blueberry &amp; Cooling (Blueberry Ice)<\/span><\/td>\n<\/tr>\n<tr>\n<td><span style=\"font-weight: 400;\">T\u00fcr<\/span><\/td>\n<td><span style=\"font-weight: 400;\">T\u00fcm beyaz po\u015fet, t\u00fct\u00fcns\u00fcz<\/span><\/td>\n<\/tr>\n<\/tbody>\n<\/table>","protected":false},"excerpt":{"rendered":"<p>Tatl\u0131, sulu <strong data-start=\"13\" data-end=\"30\">mavi \u00e7ilek buz<\/strong> p\u00fcr\u00fczs\u00fcz, ferah bir so\u011futma ile. <strong data-start=\"64\" data-end=\"72\">\u0130nce<\/strong>, t\u00fct\u00fcns\u00fcz po\u015fetler g\u00fcn boyunca dengeli, canland\u0131r\u0131c\u0131 bir deneyim i\u00e7in duda\u011f\u0131n alt\u0131na gizlice oturur.<\/p>","protected":false},"featured_media":28709,"comment_status":"open","ping_status":"closed","template":"","format":[206],"meta":{"_acf_changed":false},"product_brand":[],"product_cat":[32],"product_tag":[17011],"flavours":[199,196],"nicotine":[207,236],"class_list":{"0":"post-28704","1":"product","2":"type-product","3":"status-publish","4":"has-post-thumbnail","6":"product_cat-loop","7":"product_tag-9-4-mg-pouch","8":"pa_quantity-1-pack","9":"pa_quantity-10-pack","10":"pa_quantity-3-pack","11":"pa_quantity-30-pack","12":"pa_quantity-5-pack","13":"pa_quantity-60-pack","14":"flavours-mint","15":"flavours-fruits-berries","16":"format-slim","17":"nicotine-10-mg-g","18":"nicotine-strong","20":"first","21":"instock","22":"taxable","23":"shipping-taxable","24":"purchasable","25":"product-type-variable"},"acf":[],"_links":{"self":[{"href":"https:\/\/whitelip.com\/tr\/wp-json\/wp\/v2\/product\/28704","targetHints":{"allow":["GET"]}}],"collection":[{"href":"https:\/\/whitelip.com\/tr\/wp-json\/wp\/v2\/product"}],"about":[{"href":"https:\/\/whitelip.com\/tr\/wp-json\/wp\/v2\/types\/product"}],"replies":[{"embeddable":true,"href":"https:\/\/whitelip.com\/tr\/wp-json\/wp\/v2\/comments?post=28704"}],"wp:featuredmedia":[{"embeddable":true,"href":"https:\/\/whitelip.com\/tr\/wp-json\/wp\/v2\/media\/28709"}],"wp:attachment":[{"href":"https:\/\/whitelip.com\/tr\/wp-json\/wp\/v2\/media?parent=28704"}],"wp:term":[{"taxonomy":"product_brand","embeddable":true,"href":"https:\/\/whitelip.com\/tr\/wp-json\/wp\/v2\/product_brand?post=28704"},{"taxonomy":"product_cat","embeddable":true,"href":"https:\/\/whitelip.com\/tr\/wp-json\/wp\/v2\/product_cat?post=28704"},{"taxonomy":"product_tag","embeddable":true,"href":"https:\/\/whitelip.com\/tr\/wp-json\/wp\/v2\/product_tag?post=28704"},{"taxonomy":"flavours","embeddable":true,"href":"https:\/\/whitelip.com\/tr\/wp-json\/wp\/v2\/flavours?post=28704"},{"taxonomy":"format","embeddable":true,"href":"https:\/\/whitelip.com\/tr\/wp-json\/wp\/v2\/format?post=28704"},{"taxonomy":"nicotine","embeddable":true,"href":"https:\/\/whitelip.com\/tr\/wp-json\/wp\/v2\/nicotine?post=28704"}],"curies":[{"name":"wp","href":"https:\/\/api.w.org\/{rel}","templated":true}]}}