{"id":28175,"date":"2025-09-24T12:42:20","date_gmt":"2025-09-24T12:42:20","guid":{"rendered":"https:\/\/whitelip.com\/?post_type=product&#038;p=28175"},"modified":"2026-05-06T10:11:26","modified_gmt":"2026-05-06T10:11:26","slug":"rush-mango-freeze","status":"publish","type":"product","link":"https:\/\/whitelip.com\/tr\/rush\/rush-mango-freeze\/","title":{"rendered":"RUSH Mango Freeze"},"content":{"rendered":"<h2>RUSH Mango Freeze<\/h2>\n<p class=\"\" data-start=\"76\" data-end=\"609\">RUSH Mango Freeze nikotin po\u015fetleri, olgun mangonun tatl\u0131, egzotik tad\u0131n\u0131 buzlu so\u011futma etkisiyle harmanlanm\u0131\u015f olarak sunar. Bu tropikal-buzla bulu\u015fan kombinasyon, hem meyveli hem de canland\u0131r\u0131c\u0131, canl\u0131 ve ferah bir po\u015fet deneyimi olu\u015fturur. Her ince, tamamen beyaz po\u015fet 11,2 mg nikotin i\u00e7erir ve d\u00fczenli kullan\u0131c\u0131lar i\u00e7in so\u011futma burulmas\u0131 ile cesur tatlar\u0131 sevenlere ideal g\u00fc\u00e7l\u00fc bir etki sa\u011flar. Ayr\u0131k, rahat ve lekesiz, RUSH Mango Freeze modern t\u00fct\u00fcns\u00fcz bir formatta y\u00fcksek tat ve kalite standartlar\u0131na g\u00f6re \u00fcretilir.<\/p>\n<table>\n<tbody>\n<tr>\n<td><b>Attribute<\/b><\/td>\n<td><b>Ayr\u0131nt\u0131lar<\/b><\/td>\n<\/tr>\n<tr>\n<td><b>10g (20 po\u015fet)<\/b><\/td>\n<td><span style=\"font-weight: 400;\">14g (20 paket)<\/span><\/td>\n<\/tr>\n<tr>\n<td><b>Nikotin i\u00e7eri\u011fi<\/b><\/td>\n<td><span style=\"font-weight: 400;\">16 mg\/g (po\u015fet ba\u015f\u0131na 11,2 mg)<\/span><\/td>\n<\/tr>\n<tr>\n<td><b>Po\u015fet format\u0131<\/b><\/td>\n<td><span style=\"font-weight: 400;\">\u0130nce<\/span><\/td>\n<\/tr>\n<tr>\n<td><b>\u00dcretici<\/b><\/td>\n<td><span style=\"font-weight: 400;\">RUSH<\/span><\/td>\n<\/tr>\n<tr>\n<td><b>Aroma<\/b><\/td>\n<td><span style=\"font-weight: 400;\">Mango &amp; So\u011futma (Mango Freeze)<\/span><\/td>\n<\/tr>\n<tr>\n<td><b>T\u00fcr<\/b><\/td>\n<td><span style=\"font-weight: 400;\">Nikotin Po\u015feti<\/span><\/td>\n<\/tr>\n<\/tbody>\n<\/table>","protected":false},"excerpt":{"rendered":"<p>RUSH Mango Freeze nikotin po\u015fetleri tatl\u0131, egzotik <strong data-start=\"59\" data-end=\"75\">Mango Dondurusu<\/strong> tad\u0131 vermektedir. <strong data-start=\"111\" data-end=\"119\">\u0130nce<\/strong>, ayr\u0131k ve lekesiz rahatl\u0131k i\u00e7in tamamen beyaz format. Her po\u015fet i\u00e7erir <strong data-start=\"192\" data-end=\"212\">11.2 mg nikotin<\/strong>. Canl\u0131, meyveli profil d\u00fczenli kullan\u0131c\u0131lar i\u00e7in g\u00fc\u00e7l\u00fc bir etki.<\/p>","protected":false},"featured_media":28179,"comment_status":"open","ping_status":"closed","template":"","format":[206],"meta":{"_acf_changed":false},"product_brand":[],"product_cat":[244],"product_tag":[16577],"flavours":[199,196],"nicotine":[213,232],"class_list":{"0":"post-28175","1":"product","2":"type-product","3":"status-publish","4":"has-post-thumbnail","6":"product_cat-rush","7":"product_tag-11-2-mg-pouch","8":"pa_quantity-1-pack","9":"pa_quantity-10-pack","10":"pa_quantity-3-pack","11":"pa_quantity-30-pack","12":"pa_quantity-5-pack","13":"pa_quantity-60-pack","14":"flavours-mint","15":"flavours-fruits-berries","16":"format-slim","17":"nicotine-16-mg-g","18":"nicotine-extra-strong","20":"first","21":"outofstock","22":"taxable","23":"shipping-taxable","24":"purchasable","25":"product-type-variable"},"acf":[],"_links":{"self":[{"href":"https:\/\/whitelip.com\/tr\/wp-json\/wp\/v2\/product\/28175","targetHints":{"allow":["GET"]}}],"collection":[{"href":"https:\/\/whitelip.com\/tr\/wp-json\/wp\/v2\/product"}],"about":[{"href":"https:\/\/whitelip.com\/tr\/wp-json\/wp\/v2\/types\/product"}],"replies":[{"embeddable":true,"href":"https:\/\/whitelip.com\/tr\/wp-json\/wp\/v2\/comments?post=28175"}],"wp:featuredmedia":[{"embeddable":true,"href":"https:\/\/whitelip.com\/tr\/wp-json\/wp\/v2\/media\/28179"}],"wp:attachment":[{"href":"https:\/\/whitelip.com\/tr\/wp-json\/wp\/v2\/media?parent=28175"}],"wp:term":[{"taxonomy":"product_brand","embeddable":true,"href":"https:\/\/whitelip.com\/tr\/wp-json\/wp\/v2\/product_brand?post=28175"},{"taxonomy":"product_cat","embeddable":true,"href":"https:\/\/whitelip.com\/tr\/wp-json\/wp\/v2\/product_cat?post=28175"},{"taxonomy":"product_tag","embeddable":true,"href":"https:\/\/whitelip.com\/tr\/wp-json\/wp\/v2\/product_tag?post=28175"},{"taxonomy":"flavours","embeddable":true,"href":"https:\/\/whitelip.com\/tr\/wp-json\/wp\/v2\/flavours?post=28175"},{"taxonomy":"format","embeddable":true,"href":"https:\/\/whitelip.com\/tr\/wp-json\/wp\/v2\/format?post=28175"},{"taxonomy":"nicotine","embeddable":true,"href":"https:\/\/whitelip.com\/tr\/wp-json\/wp\/v2\/nicotine?post=28175"}],"curies":[{"name":"wp","href":"https:\/\/api.w.org\/{rel}","templated":true}]}}