{"id":28017,"date":"2025-09-23T15:58:46","date_gmt":"2025-09-23T15:58:46","guid":{"rendered":"https:\/\/whitelip.com\/?post_type=product&#038;p=28017"},"modified":"2026-04-13T09:34:17","modified_gmt":"2026-04-13T09:34:17","slug":"x-booster-coffee-caramel-caffeine","status":"publish","type":"product","link":"https:\/\/whitelip.com\/tr\/x-booster\/x-booster-coffee-caramel-caffeine\/","title":{"rendered":"X-BOOSTER Coffee &#038; Caramel Kafein"},"content":{"rendered":"<h2 class=\"translation-block\">X-BOOSTER Kahve &amp;amp; Karamel Kafein<\/h2>\n<p class=\"\" data-start=\"76\" data-end=\"609\">X-BOOSTER Coffee &amp; Caramel Kafein po\u015fetleri yumu\u015fak ve dengeli kahve ve karamel lezzeti sunar. Her ince, beyaz kafein po\u015feti 80 mg kafein i\u00e7erir ve dengeli tat ve sabit yo\u011funluk sevenleri i\u00e7in uygun bir enerji veri\u015f sa\u011flar. Gizli, rahat ve leke yapmayan X-BOOSTER Cool Mint Kafein, 77 Group taraf\u0131ndan y\u00fcksek kalite, cesur tat ve nikotin i\u00e7ermez deneyim sa\u011flamak i\u00e7in tasarlanm\u0131\u015ft\u0131r.<\/p>\n<table>\n<tbody>\n<tr>\n<td><b>Attribute<\/b><\/td>\n<td><b>Ayr\u0131nt\u0131lar<\/b><\/td>\n<\/tr>\n<tr>\n<td><b>10g (20 po\u015fet)<\/b><\/td>\n<td><span style=\"font-weight: 400;\">13g (20 po\u015fet)<\/span><\/td>\n<\/tr>\n<tr>\n<td><b>Nikotin i\u00e7eri\u011fi<\/b><\/td>\n<td><span style=\"font-weight: 400;\">80 mg\/po\u015fet<\/span><\/td>\n<\/tr>\n<tr>\n<td><b>Po\u015fet format\u0131<\/b><\/td>\n<td><span style=\"font-weight: 400;\">\u0130nce<\/span><\/td>\n<\/tr>\n<tr>\n<td><b>\u00dcretici<\/b><\/td>\n<td><span style=\"font-weight: 400;\">77 Grubu<\/span><\/td>\n<\/tr>\n<tr>\n<td><b>Aroma<\/b><\/td>\n<td><span style=\"font-weight: 400;\">Kahve ve karamel<\/span><\/td>\n<\/tr>\n<tr>\n<td><b>T\u00fcr<\/b><\/td>\n<td><span style=\"font-weight: 400;\">Tamamen beyaz po\u015fet<\/span><\/td>\n<\/tr>\n<\/tbody>\n<\/table>","protected":false},"excerpt":{"rendered":"<p class=\"translation-block\">X-BOOSTER Coffee &amp; Caramel, sorunsuz dengeli bir kahve-karamel kar\u0131\u015f\u0131m\u0131 sunar. \u0130nce, beyaz po\u015flar ayr\u0131k, rahat ve leke yapmaz. Her po\u015f 80 mg kafein i\u00e7ererek sabit ve g\u00fcvenilir yo\u011funluk sa\u011flar. 77 Group taraf\u0131ndan y\u00fcksek kalite, cesur tat ve nikotin i\u00e7ermeyen bir deneyim i\u00e7in haz\u0131rlanm\u0131\u015ft\u0131r.<\/p>","protected":false},"featured_media":28021,"comment_status":"open","ping_status":"closed","template":"","format":[206],"meta":{"_acf_changed":false},"product_brand":[],"product_cat":[241],"product_tag":[],"flavours":[192,185],"nicotine":[242,243],"class_list":{"0":"post-28017","1":"product","2":"type-product","3":"status-publish","4":"has-post-thumbnail","6":"product_cat-x-booster","7":"pa_quantity-1-pack","8":"pa_quantity-10-pack","9":"pa_quantity-5-pack","10":"flavours-coffee","11":"flavours-candy","12":"format-slim","13":"nicotine-0-mg-g","14":"nicotine-caffeine","16":"first","17":"instock","18":"taxable","19":"shipping-taxable","20":"purchasable","21":"product-type-variable"},"acf":[],"_links":{"self":[{"href":"https:\/\/whitelip.com\/tr\/wp-json\/wp\/v2\/product\/28017","targetHints":{"allow":["GET"]}}],"collection":[{"href":"https:\/\/whitelip.com\/tr\/wp-json\/wp\/v2\/product"}],"about":[{"href":"https:\/\/whitelip.com\/tr\/wp-json\/wp\/v2\/types\/product"}],"replies":[{"embeddable":true,"href":"https:\/\/whitelip.com\/tr\/wp-json\/wp\/v2\/comments?post=28017"}],"wp:featuredmedia":[{"embeddable":true,"href":"https:\/\/whitelip.com\/tr\/wp-json\/wp\/v2\/media\/28021"}],"wp:attachment":[{"href":"https:\/\/whitelip.com\/tr\/wp-json\/wp\/v2\/media?parent=28017"}],"wp:term":[{"taxonomy":"product_brand","embeddable":true,"href":"https:\/\/whitelip.com\/tr\/wp-json\/wp\/v2\/product_brand?post=28017"},{"taxonomy":"product_cat","embeddable":true,"href":"https:\/\/whitelip.com\/tr\/wp-json\/wp\/v2\/product_cat?post=28017"},{"taxonomy":"product_tag","embeddable":true,"href":"https:\/\/whitelip.com\/tr\/wp-json\/wp\/v2\/product_tag?post=28017"},{"taxonomy":"flavours","embeddable":true,"href":"https:\/\/whitelip.com\/tr\/wp-json\/wp\/v2\/flavours?post=28017"},{"taxonomy":"format","embeddable":true,"href":"https:\/\/whitelip.com\/tr\/wp-json\/wp\/v2\/format?post=28017"},{"taxonomy":"nicotine","embeddable":true,"href":"https:\/\/whitelip.com\/tr\/wp-json\/wp\/v2\/nicotine?post=28017"}],"curies":[{"name":"wp","href":"https:\/\/api.w.org\/{rel}","templated":true}]}}