{"id":27987,"date":"2025-09-23T13:50:12","date_gmt":"2025-09-23T13:50:12","guid":{"rendered":"https:\/\/whitelip.com\/?post_type=product&#038;p=27987"},"modified":"2026-04-15T17:07:36","modified_gmt":"2026-04-15T17:07:36","slug":"maverick-sicilian-sunset","status":"publish","type":"product","link":"https:\/\/whitelip.com\/tr\/maverick\/maverick-sicilian-sunset\/","title":{"rendered":"MAVERICK Sicilian Sunset"},"content":{"rendered":"<h2>MAVERICK Sicilian Sunset<\/h2>\n<p class=\"\" data-start=\"76\" data-end=\"609\">MAVERICK Sicilian Sunset nikotin po\u015fetleri, buzlu bir so\u011futma etkisiyle geli\u015ftirilmi\u015f d\u00fczg\u00fcn ve sulu bir turun\u00e7gil tad\u0131 sunmaktad\u0131r. Bu kombinasyon, hem tatl\u0131 hem de enerji verici taze ve meyveli bir tat profili olu\u015fturur. Her ince, ye\u015fil nikotin po\u015feti 12.5 mg nikotin i\u00e7erir ve dengeli tat ve sabit yo\u011funlu\u011fu tercih eden deneyimli kullan\u0131c\u0131lar i\u00e7in \u00e7ok uygun y\u00fcksek g\u00fc\u00e7 bir \u015fut sunar. En nikotin po\u015fetlerinden farkl\u0131 olarak, MAVERICK do\u011fal naneden yap\u0131lm\u0131\u015f olup, her aromaya nane tad\u0131n\u0131 artt\u0131r\u0131r. Gizli, rahat ve lekesiz, MAVERICK Sicilian Sunset y\u00fcksek kalite, cesur tat ve t\u00fct\u00fcns\u00fcz deneyimi sa\u011flamak \u00fczere 77 Group taraf\u0131ndan i\u015flenmi\u015ftir.<\/p>\n<table>\n<tbody>\n<tr>\n<td><b>Attribute<\/b><\/td>\n<td><b>Ayr\u0131nt\u0131lar<\/b><\/td>\n<\/tr>\n<tr>\n<td><b>10g (20 po\u015fet)<\/b><\/td>\n<td><span style=\"font-weight: 400;\">12.5g (20 po\u015fet)<\/span><\/td>\n<\/tr>\n<tr>\n<td><b>Nikotin i\u00e7eri\u011fi<\/b><\/td>\n<td><span style=\"font-weight: 400;\">25 mg\/g (po\u015fet ba\u015f\u0131na 12.5 mg)<\/span><\/td>\n<\/tr>\n<tr>\n<td><b>Po\u015fet format\u0131<\/b><\/td>\n<td><span style=\"font-weight: 400;\">\u0130nce<\/span><\/td>\n<\/tr>\n<tr>\n<td><b>\u00dcretici<\/b><\/td>\n<td><span style=\"font-weight: 400;\">77 Grubu<\/span><\/td>\n<\/tr>\n<tr>\n<td><b>Aroma<\/b><\/td>\n<td><span style=\"font-weight: 400;\">Turun\u00e7gil ve nane<\/span><\/td>\n<\/tr>\n<tr>\n<td><b>T\u00fcr<\/b><\/td>\n<td><span style=\"font-weight: 400;\">Tamamen beyaz po\u015fet<\/span><\/td>\n<\/tr>\n<\/tbody>\n<\/table>","protected":false},"excerpt":{"rendered":"<article class=\"text-token-text-primary w-full focus:outline-none [--shadow-height:45px] has-data-writing-block:pointer-events-none has-data-writing-block:-mt-(--shadow-height) has-data-writing-block:pt-(--shadow-height) [&amp;:has([data-writing-block])&gt;*]:pointer-events-auto [content-visibility:auto] supports-[content-visibility:auto]:[contain-intrinsic-size:auto_100lvh] scroll-mt-[calc(var(--header-height)+min(200px,max(70px,20svh)))]\" dir=\"auto\" tabindex=\"-1\" data-turn-id=\"e9736cff-a4b7-4926-8d12-8523afb5bca5\" data-testid=\"conversation-turn-14\" data-scroll-anchor=\"true\" data-turn=\"assistant\">\n<div class=\"text-base my-auto mx-auto pb-10 [--thread-content-margin:--spacing(4)] thread-sm:[--thread-content-margin:--spacing(6)] thread-lg:[--thread-content-margin:--spacing(16)] px-(--thread-content-margin)\">\n<div class=\"[--thread-content-max-width:40rem] thread-lg:[--thread-content-max-width:48rem] mx-auto max-w-(--thread-content-max-width) flex-1 group\/turn-messages focus-visible:outline-hidden relative flex w-full min-w-0 flex-col agent-turn\" tabindex=\"-1\">\n<div class=\"flex max-w-full flex-col grow\">\n<div class=\"min-h-8 text-message relative flex w-full flex-col items-end gap-2 text-start break-words whitespace-normal [.text-message+&amp;]:mt-1\" dir=\"auto\" data-message-author-role=\"assistant\" data-message-id=\"c31fe376-8158-4598-8daa-f180e22e4360\" data-message-model-slug=\"gpt-5-thinking\">\n<div class=\"flex w-full flex-col gap-1 empty:hidden first:pt-[1px]\">\n<div class=\"markdown prose dark:prose-invert w-full break-words dark markdown-new-styling\">\n<p data-start=\"0\" data-end=\"312\" data-is-last-node=\"\" data-is-only-node=\"\">MAVERICK Sicilian Sunset nicotine pouches deliver a smooth, juicy <strong data-start=\"66\" data-end=\"83\">Citrus &amp; Mint<\/strong> flavor with an icy cooling effect. <strong data-start=\"119\" data-end=\"127\">Slim<\/strong>, green format for discreet, stain-free use. Each pouch contains <strong data-start=\"192\" data-end=\"212\">12.5 mg nicotine<\/strong>. Made with natural mint for extra freshness and crafted by 77 Group for bold, tobacco-free quality.<\/p>\n<\/div>\n<\/div>\n<\/div>\n<\/div>\n<\/div>\n<\/div>\n<\/article>\n","protected":false},"featured_media":27991,"comment_status":"open","ping_status":"closed","template":"","format":[206],"meta":{"_acf_changed":false},"product_brand":[],"product_cat":[240],"product_tag":[16775],"flavours":[190,199],"nicotine":[219,232],"class_list":{"0":"post-27987","1":"product","2":"type-product","3":"status-publish","4":"has-post-thumbnail","6":"product_cat-maverick","7":"product_tag-12-5-mg-pouch","8":"pa_quantity-1-pack","9":"pa_quantity-10-pack","10":"pa_quantity-3-pack","11":"pa_quantity-30-pack","12":"pa_quantity-5-pack","13":"pa_quantity-60-pack","14":"flavours-citrus","15":"flavours-mint","16":"format-slim","17":"nicotine-25-mg-g","18":"nicotine-extra-strong","20":"first","21":"instock","22":"taxable","23":"shipping-taxable","24":"purchasable","25":"product-type-variable","26":"has-default-attributes"},"acf":[],"_links":{"self":[{"href":"https:\/\/whitelip.com\/tr\/wp-json\/wp\/v2\/product\/27987","targetHints":{"allow":["GET"]}}],"collection":[{"href":"https:\/\/whitelip.com\/tr\/wp-json\/wp\/v2\/product"}],"about":[{"href":"https:\/\/whitelip.com\/tr\/wp-json\/wp\/v2\/types\/product"}],"replies":[{"embeddable":true,"href":"https:\/\/whitelip.com\/tr\/wp-json\/wp\/v2\/comments?post=27987"}],"wp:featuredmedia":[{"embeddable":true,"href":"https:\/\/whitelip.com\/tr\/wp-json\/wp\/v2\/media\/27991"}],"wp:attachment":[{"href":"https:\/\/whitelip.com\/tr\/wp-json\/wp\/v2\/media?parent=27987"}],"wp:term":[{"taxonomy":"product_brand","embeddable":true,"href":"https:\/\/whitelip.com\/tr\/wp-json\/wp\/v2\/product_brand?post=27987"},{"taxonomy":"product_cat","embeddable":true,"href":"https:\/\/whitelip.com\/tr\/wp-json\/wp\/v2\/product_cat?post=27987"},{"taxonomy":"product_tag","embeddable":true,"href":"https:\/\/whitelip.com\/tr\/wp-json\/wp\/v2\/product_tag?post=27987"},{"taxonomy":"flavours","embeddable":true,"href":"https:\/\/whitelip.com\/tr\/wp-json\/wp\/v2\/flavours?post=27987"},{"taxonomy":"format","embeddable":true,"href":"https:\/\/whitelip.com\/tr\/wp-json\/wp\/v2\/format?post=27987"},{"taxonomy":"nicotine","embeddable":true,"href":"https:\/\/whitelip.com\/tr\/wp-json\/wp\/v2\/nicotine?post=27987"}],"curies":[{"name":"wp","href":"https:\/\/api.w.org\/{rel}","templated":true}]}}