{"id":27961,"date":"2025-09-23T12:50:07","date_gmt":"2025-09-23T12:50:07","guid":{"rendered":"https:\/\/whitelip.com\/?post_type=product&#038;p=27961"},"modified":"2026-05-09T10:11:14","modified_gmt":"2026-05-09T10:11:14","slug":"bjorn-ice-berry-licorice","status":"publish","type":"product","link":"https:\/\/whitelip.com\/tr\/bjorn\/bjorn-ice-berry-licorice\/","title":{"rendered":"BJ\u00d6RN Ice Berry Licorice"},"content":{"rendered":"<h2><strong>BJ\u00d6RN Ice Berry Licorice<\/strong><\/h2>\n<p class=\"\" data-start=\"76\" data-end=\"609\">BJ\u00d6RN Ice Berry Licorice nikotin po\u015fetleri, tatl\u0131, sulu meyveler ve Nord \u00e7engel bitkisinin zengin, tuzlu derinli\u011finin cesur ve ay\u0131rt edici bir kar\u0131\u015f\u0131m\u0131n\u0131, serinletici bir so\u011futma efekti ile tamamlanm\u0131\u015f olarak sunar. Bu karma\u015f\u0131k tat profili meyve tatl\u0131l\u0131\u011f\u0131, tuzlu notalar ve buzlu tazeli\u011fi birle\u015ftirerek ger\u00e7ekten benzersiz bir deneyim olu\u015fturur. Her ince, tamamen beyaz po\u015fet 19.5 mg nikotin i\u00e7erir ve hem yo\u011funluk hem de \u00f6zg\u00fcnl\u00fck arayan deneyimli kullan\u0131c\u0131lar i\u00e7in tasarlanm\u0131\u015ft\u0131r. Ayr\u0131k, rahat ve leke yapmamas\u0131 \u00f6zelli\u011fi ile BJ\u00d6RN Ice Berry Licorice, 77 Group taraf\u0131ndan premium kalite, cesur tat ve t\u00fct\u00fcns\u00fcz alternatif sa\u011flamak i\u00e7in \u00fcretilmi\u015ftir.<\/p>\n<table>\n<tbody>\n<tr>\n<td><b>Attribute<\/b><\/td>\n<td><b>Ayr\u0131nt\u0131lar<\/b><\/td>\n<\/tr>\n<tr>\n<td><b>10g (20 po\u015fet)<\/b><\/td>\n<td><span style=\"font-weight: 400;\">13g (20 po\u015fet)<\/span><\/td>\n<\/tr>\n<tr>\n<td><b>Nikotin i\u00e7eri\u011fi<\/b><\/td>\n<td><span style=\"font-weight: 400;\">30 mg\/g (po\u015fet ba\u015f\u0131na 19.5 mg)<\/span><\/td>\n<\/tr>\n<tr>\n<td><b>Po\u015fet format\u0131<\/b><\/td>\n<td><span style=\"font-weight: 400;\">\u0130nce<\/span><\/td>\n<\/tr>\n<tr>\n<td><b>\u00dcretici<\/b><\/td>\n<td><span style=\"font-weight: 400;\">77 Grubu<\/span><\/td>\n<\/tr>\n<tr>\n<td><b>Aroma<\/b><\/td>\n<td><span style=\"font-weight: 400;\">Meyve, Meyan K\u00f6k\u00fc &amp; So\u011futucu (Ice Berry Licorice)<\/span><\/td>\n<\/tr>\n<tr>\n<td><b>T\u00fcr<\/b><\/td>\n<td><span style=\"font-weight: 400;\">Tamamen beyaz po\u015fet<\/span><\/td>\n<\/tr>\n<\/tbody>\n<\/table>","protected":false},"excerpt":{"rendered":"<p>Cesur <strong data-start=\"5\" data-end=\"34\">meyve ve Nordik<\/strong> <strong>meyan k\u00f6k\u00fc<\/strong> temiz, so\u011futma biti\u015fi ile tatl\u0131-tuzlu, ay\u0131rt edici bir tat i\u00e7in. The <strong data-start=\"107\" data-end=\"126\">tamamen beyaz po\u015fetler duda\u011f\u0131n alt\u0131nda gizli ve rahat bir \u015fekilde oturur, leke olmadan istedi\u011finiz zaman kullan\u0131labilir. Her po\u015fet i\u00e7erir <\/strong>tamamen beyaz po\u015fetler duda\u011f\u0131n alt\u0131nda gizli ve rahat oturur, temiz, her zaman kullan\u0131m i\u00e7in. Her po\u015fet <strong data-start=\"224\" data-end=\"244\">19.5 mg nikotin<\/strong>, deneyimli kullan\u0131c\u0131lar i\u00e7in belirleyici y\u00fcksek g\u00fc\u00e7 sa\u011flayan, 77 Group taraf\u0131ndan t\u00fct\u00fcns\u00fcz formatta haz\u0131rlanm\u0131\u015ft\u0131r.<\/p>","protected":false},"featured_media":27965,"comment_status":"open","ping_status":"closed","template":"","format":[206],"meta":{"_acf_changed":false},"product_brand":[],"product_cat":[239],"product_tag":[16557],"flavours":[196,198],"nicotine":[221,233],"class_list":{"0":"post-27961","1":"product","2":"type-product","3":"status-publish","4":"has-post-thumbnail","6":"product_cat-bjorn","7":"product_tag-19-5-mg-pouch","8":"pa_quantity-1-pack","9":"pa_quantity-10-pack","10":"pa_quantity-3-pack","11":"pa_quantity-30-pack","12":"pa_quantity-5-pack","13":"pa_quantity-60-pack","14":"flavours-fruits-berries","15":"flavours-licorice","16":"format-slim","17":"nicotine-30-mg-g","18":"nicotine-extreme","20":"first","21":"instock","22":"taxable","23":"shipping-taxable","24":"purchasable","25":"product-type-variable","26":"has-default-attributes"},"acf":[],"_links":{"self":[{"href":"https:\/\/whitelip.com\/tr\/wp-json\/wp\/v2\/product\/27961","targetHints":{"allow":["GET"]}}],"collection":[{"href":"https:\/\/whitelip.com\/tr\/wp-json\/wp\/v2\/product"}],"about":[{"href":"https:\/\/whitelip.com\/tr\/wp-json\/wp\/v2\/types\/product"}],"replies":[{"embeddable":true,"href":"https:\/\/whitelip.com\/tr\/wp-json\/wp\/v2\/comments?post=27961"}],"wp:featuredmedia":[{"embeddable":true,"href":"https:\/\/whitelip.com\/tr\/wp-json\/wp\/v2\/media\/27965"}],"wp:attachment":[{"href":"https:\/\/whitelip.com\/tr\/wp-json\/wp\/v2\/media?parent=27961"}],"wp:term":[{"taxonomy":"product_brand","embeddable":true,"href":"https:\/\/whitelip.com\/tr\/wp-json\/wp\/v2\/product_brand?post=27961"},{"taxonomy":"product_cat","embeddable":true,"href":"https:\/\/whitelip.com\/tr\/wp-json\/wp\/v2\/product_cat?post=27961"},{"taxonomy":"product_tag","embeddable":true,"href":"https:\/\/whitelip.com\/tr\/wp-json\/wp\/v2\/product_tag?post=27961"},{"taxonomy":"flavours","embeddable":true,"href":"https:\/\/whitelip.com\/tr\/wp-json\/wp\/v2\/flavours?post=27961"},{"taxonomy":"format","embeddable":true,"href":"https:\/\/whitelip.com\/tr\/wp-json\/wp\/v2\/format?post=27961"},{"taxonomy":"nicotine","embeddable":true,"href":"https:\/\/whitelip.com\/tr\/wp-json\/wp\/v2\/nicotine?post=27961"}],"curies":[{"name":"wp","href":"https:\/\/api.w.org\/{rel}","templated":true}]}}