{"id":27951,"date":"2025-09-23T12:50:07","date_gmt":"2025-09-23T12:50:07","guid":{"rendered":"https:\/\/whitelip.com\/?post_type=product&#038;p=27951"},"modified":"2026-04-18T17:52:56","modified_gmt":"2026-04-18T17:52:56","slug":"bjorn-cola-ice","status":"publish","type":"product","link":"https:\/\/whitelip.com\/tr\/bjorn\/bjorn-cola-ice\/","title":{"rendered":"BJ\u00d6RN Cola Ice"},"content":{"rendered":"<h2><strong>BJ\u00d6RN Cola Ice<\/strong><\/h2>\n<p class=\"\" data-start=\"76\" data-end=\"609\">BJ\u00d6RN Cola Ice nikotin po\u015fetleri, klasik ve tatl\u0131 kola tad\u0131n\u0131 canland\u0131r\u0131c\u0131 so\u011futma efekti ile e\u015fle\u015ftirir. Tan\u0131d\u0131k soda aromas\u0131 ve buzlu tazeli\u011fin kombinasyonu, \u00f6ne \u00e7\u0131kan cesur ve serinletici bir po\u015fet deneyimi olu\u015fturur. Her ince, tamamen beyaz po\u015fet 19.5 mg nikotin i\u00e7erir ve deneyimli kullan\u0131c\u0131lar i\u00e7in y\u00fcksek g\u00fc\u00e7 sa\u011flar. Ayr\u0131k, rahat ve leke yapmamas\u0131 \u00f6zelli\u011fi ile BJ\u00d6RN Cola Ice, 77 Group taraf\u0131ndan y\u00fcksek kalite, otantik tat ve t\u00fct\u00fcns\u00fcz alternatif sa\u011flamak i\u00e7in \u00fcretilmi\u015ftir.<\/p>\n<table>\n<tbody>\n<tr>\n<td><b>Attribute<\/b><\/td>\n<td><b>Ayr\u0131nt\u0131lar<\/b><\/td>\n<\/tr>\n<tr>\n<td><b>10g (20 po\u015fet)<\/b><\/td>\n<td><span style=\"font-weight: 400;\">13g (20 po\u015fet)<\/span><\/td>\n<\/tr>\n<tr>\n<td><b>Nikotin i\u00e7eri\u011fi<\/b><\/td>\n<td><span style=\"font-weight: 400;\">30 mg\/g (po\u015fet ba\u015f\u0131na 19.5 mg)<\/span><\/td>\n<\/tr>\n<tr>\n<td><b>Po\u015fet format\u0131<\/b><\/td>\n<td><span style=\"font-weight: 400;\">\u0130nce<\/span><\/td>\n<\/tr>\n<tr>\n<td><b>\u00dcretici<\/b><\/td>\n<td><span style=\"font-weight: 400;\">77 Grubu<\/span><\/td>\n<\/tr>\n<tr>\n<td><b>Aroma<\/b><\/td>\n<td><span style=\"font-weight: 400;\">Cola &amp; So\u011futucu (Cola Ice)<\/span><\/td>\n<\/tr>\n<tr>\n<td><b>T\u00fcr<\/b><\/td>\n<td><span style=\"font-weight: 400;\">Tamamen beyaz po\u015fet<\/span><\/td>\n<\/tr>\n<\/tbody>\n<\/table>","protected":false},"excerpt":{"rendered":"<p>Klasik, tatl\u0131 <strong data-start=\"15\" data-end=\"40\">cola <\/strong>buzlu so\u011futma ile cesur, serinletici soda benzeri bir hit i\u00e7in. The <strong data-start=\"83\" data-end=\"102\">tamamen beyaz po\u015fetler duda\u011f\u0131n alt\u0131nda gizli ve rahat bir \u015fekilde oturur, leke olmadan istedi\u011finiz zaman kullan\u0131labilir. Her po\u015fet i\u00e7erir <\/strong>, APR\u00c8S Nicotine AB'den nazik, rahat bir deneyim sa\u011flar. <strong data-start=\"201\" data-end=\"221\">19.5 mg nikotin<\/strong>, deneyimli kullan\u0131c\u0131lara \u00f6zel y\u00fcksek g\u00fc\u00e7 sa\u011fl\u0131yor. 77 Group taraf\u0131ndan t\u00fct\u00fcns\u00fcz formatta otantik tat i\u00e7in \u00fcretilmi\u015ftir.<\/p>","protected":false},"featured_media":27955,"comment_status":"open","ping_status":"closed","template":"","format":[206],"meta":{"_acf_changed":false},"product_brand":[],"product_cat":[239],"product_tag":[16557],"flavours":[193],"nicotine":[221,233],"class_list":{"0":"post-27951","1":"product","2":"type-product","3":"status-publish","4":"has-post-thumbnail","6":"product_cat-bjorn","7":"product_tag-19-5-mg-pouch","8":"pa_quantity-1-pack","9":"pa_quantity-10-pack","10":"pa_quantity-3-pack","11":"pa_quantity-30-pack","12":"pa_quantity-5-pack","13":"pa_quantity-60-pack","14":"flavours-cola","15":"format-slim","16":"nicotine-30-mg-g","17":"nicotine-extreme","19":"first","20":"instock","21":"taxable","22":"shipping-taxable","23":"purchasable","24":"product-type-variable"},"acf":[],"_links":{"self":[{"href":"https:\/\/whitelip.com\/tr\/wp-json\/wp\/v2\/product\/27951","targetHints":{"allow":["GET"]}}],"collection":[{"href":"https:\/\/whitelip.com\/tr\/wp-json\/wp\/v2\/product"}],"about":[{"href":"https:\/\/whitelip.com\/tr\/wp-json\/wp\/v2\/types\/product"}],"replies":[{"embeddable":true,"href":"https:\/\/whitelip.com\/tr\/wp-json\/wp\/v2\/comments?post=27951"}],"wp:featuredmedia":[{"embeddable":true,"href":"https:\/\/whitelip.com\/tr\/wp-json\/wp\/v2\/media\/27955"}],"wp:attachment":[{"href":"https:\/\/whitelip.com\/tr\/wp-json\/wp\/v2\/media?parent=27951"}],"wp:term":[{"taxonomy":"product_brand","embeddable":true,"href":"https:\/\/whitelip.com\/tr\/wp-json\/wp\/v2\/product_brand?post=27951"},{"taxonomy":"product_cat","embeddable":true,"href":"https:\/\/whitelip.com\/tr\/wp-json\/wp\/v2\/product_cat?post=27951"},{"taxonomy":"product_tag","embeddable":true,"href":"https:\/\/whitelip.com\/tr\/wp-json\/wp\/v2\/product_tag?post=27951"},{"taxonomy":"flavours","embeddable":true,"href":"https:\/\/whitelip.com\/tr\/wp-json\/wp\/v2\/flavours?post=27951"},{"taxonomy":"format","embeddable":true,"href":"https:\/\/whitelip.com\/tr\/wp-json\/wp\/v2\/format?post=27951"},{"taxonomy":"nicotine","embeddable":true,"href":"https:\/\/whitelip.com\/tr\/wp-json\/wp\/v2\/nicotine?post=27951"}],"curies":[{"name":"wp","href":"https:\/\/api.w.org\/{rel}","templated":true}]}}