{"id":27946,"date":"2025-09-23T12:50:07","date_gmt":"2025-09-23T12:50:07","guid":{"rendered":"https:\/\/whitelip.com\/?post_type=product&#038;p=27946"},"modified":"2026-05-11T10:36:56","modified_gmt":"2026-05-11T10:36:56","slug":"bjorn-rhub-elder-punch","status":"publish","type":"product","link":"https:\/\/whitelip.com\/tr\/bjorn\/bjorn-rhub-elder-punch\/","title":{"rendered":"BJ\u00d6RN Rubarb-Elderferry Punch"},"content":{"rendered":"<h2><strong>BJ\u00d6RN Rubarb-Elderferry Punch<\/strong><\/h2>\n<p class=\"\" data-start=\"76\" data-end=\"609\">BJ\u00d6RN Rhub-elder Punch nikotin po\u015fetleri, ek\u015fi rhubarb ve tatl\u0131 elder \u00e7i\u00e7e\u011finin cesur ve serinletici bir kombinasyonunu sunuyor ve benzersiz bir punch esinli tat yarat\u0131yor. Tat meyveli, ek\u015fi ve hafif\u00e7e \u00e7i\u00e7eksidir ve karma\u015f\u0131k ve canl\u0131 profilleri seven ki\u015filer i\u00e7in ay\u0131rt edici bir po\u015fet deneyimi sunuyor. Her ince, tamamen beyaz po\u015fet 19,5 mg nikotin i\u00e7erir ve deneyimli kullan\u0131c\u0131lar i\u00e7in hem yo\u011funluk hem de orijinallik tercih edenler i\u00e7in tasarlanm\u0131\u015f g\u00fc\u00e7l\u00fc bir etki sa\u011flar. Ayr\u0131k, rahat ve lekelenmez; BJ\u00d6RN Rhub-elder Punch, 77 Group taraf\u0131ndan g\u00fc\u00e7l\u00fc karakter, premium kalite ve t\u00fct\u00fcn i\u00e7ermeyen bir alternatif sunmak \u00fczere \u00fcretilmi\u015ftir.<\/p>\n<table>\n<tbody>\n<tr>\n<td><b>Attribute<\/b><\/td>\n<td><b>Ayr\u0131nt\u0131lar<\/b><\/td>\n<\/tr>\n<tr>\n<td><b>10g (20 po\u015fet)<\/b><\/td>\n<td><span style=\"font-weight: 400;\">13g (20 po\u015fet)<\/span><\/td>\n<\/tr>\n<tr>\n<td><b>Nikotin i\u00e7eri\u011fi<\/b><\/td>\n<td><span style=\"font-weight: 400;\">30 mg\/g (po\u015fet ba\u015f\u0131na 19.5 mg)<\/span><\/td>\n<\/tr>\n<tr>\n<td><b>Po\u015fet format\u0131<\/b><\/td>\n<td><span style=\"font-weight: 400;\">\u0130nce<\/span><\/td>\n<\/tr>\n<tr>\n<td><b>\u00dcretici<\/b><\/td>\n<td><span style=\"font-weight: 400;\">77 Grubu<\/span><\/td>\n<\/tr>\n<tr>\n<td><b>Aroma<\/b><\/td>\n<td><span style=\"font-weight: 400;\">Rhubarb &amp; Elder \u00c7i\u00e7e\u011fi (Rhub-elder Punch)<\/span><\/td>\n<\/tr>\n<tr>\n<td><b>T\u00fcr<\/b><\/td>\n<td><span style=\"font-weight: 400;\">Tamamen beyaz po\u015fet<\/span><\/td>\n<\/tr>\n<\/tbody>\n<\/table>","protected":false},"excerpt":{"rendered":"<p>Cesur, ferahlat\u0131c\u0131 <strong data-start=\"17\" data-end=\"44\">rhubarb ve elder \u00e7i\u00e7e\u011fi<\/strong> meyven, ek\u015fi, hafif\u00e7e \u00e7i\u00e7eksi bir punch ile. <strong data-start=\"93\" data-end=\"112\">tamamen beyaz po\u015fetler duda\u011f\u0131n alt\u0131nda gizli ve rahat bir \u015fekilde oturur, leke olmadan istedi\u011finiz zaman kullan\u0131labilir. Her po\u015fet i\u00e7erir <\/strong>tamamen beyaz po\u015fetler duda\u011f\u0131n alt\u0131nda gizli ve rahat oturur, temiz, her zaman kullan\u0131m i\u00e7in. Her po\u015fet <strong data-start=\"210\" data-end=\"230\">19.5 mg nikotin<\/strong>, deneyimli kullan\u0131c\u0131lar i\u00e7in g\u00fc\u00e7l\u00fc bir etki sunar, 77 Group taraf\u0131ndan t\u00fct\u00fcn i\u00e7ermeyen bir formatta \u00fcretilir.<\/p>","protected":false},"featured_media":27950,"comment_status":"open","ping_status":"closed","template":"","format":[206],"meta":{"_acf_changed":false},"product_brand":[],"product_cat":[239],"product_tag":[16557],"flavours":[196],"nicotine":[221,232],"class_list":{"0":"post-27946","1":"product","2":"type-product","3":"status-publish","4":"has-post-thumbnail","6":"product_cat-bjorn","7":"product_tag-19-5-mg-pouch","8":"pa_quantity-1-pack","9":"pa_quantity-10-pack","10":"pa_quantity-3-pack","11":"pa_quantity-30-pack","12":"pa_quantity-5-pack","13":"pa_quantity-60-pack","14":"flavours-fruits-berries","15":"format-slim","16":"nicotine-30-mg-g","17":"nicotine-extra-strong","19":"first","20":"instock","21":"taxable","22":"shipping-taxable","23":"purchasable","24":"product-type-variable","25":"has-default-attributes"},"acf":[],"_links":{"self":[{"href":"https:\/\/whitelip.com\/tr\/wp-json\/wp\/v2\/product\/27946","targetHints":{"allow":["GET"]}}],"collection":[{"href":"https:\/\/whitelip.com\/tr\/wp-json\/wp\/v2\/product"}],"about":[{"href":"https:\/\/whitelip.com\/tr\/wp-json\/wp\/v2\/types\/product"}],"replies":[{"embeddable":true,"href":"https:\/\/whitelip.com\/tr\/wp-json\/wp\/v2\/comments?post=27946"}],"wp:featuredmedia":[{"embeddable":true,"href":"https:\/\/whitelip.com\/tr\/wp-json\/wp\/v2\/media\/27950"}],"wp:attachment":[{"href":"https:\/\/whitelip.com\/tr\/wp-json\/wp\/v2\/media?parent=27946"}],"wp:term":[{"taxonomy":"product_brand","embeddable":true,"href":"https:\/\/whitelip.com\/tr\/wp-json\/wp\/v2\/product_brand?post=27946"},{"taxonomy":"product_cat","embeddable":true,"href":"https:\/\/whitelip.com\/tr\/wp-json\/wp\/v2\/product_cat?post=27946"},{"taxonomy":"product_tag","embeddable":true,"href":"https:\/\/whitelip.com\/tr\/wp-json\/wp\/v2\/product_tag?post=27946"},{"taxonomy":"flavours","embeddable":true,"href":"https:\/\/whitelip.com\/tr\/wp-json\/wp\/v2\/flavours?post=27946"},{"taxonomy":"format","embeddable":true,"href":"https:\/\/whitelip.com\/tr\/wp-json\/wp\/v2\/format?post=27946"},{"taxonomy":"nicotine","embeddable":true,"href":"https:\/\/whitelip.com\/tr\/wp-json\/wp\/v2\/nicotine?post=27946"}],"curies":[{"name":"wp","href":"https:\/\/api.w.org\/{rel}","templated":true}]}}