{"id":27476,"date":"2025-09-15T10:33:54","date_gmt":"2025-09-15T10:33:54","guid":{"rendered":"https:\/\/whitelip.com\/?post_type=product&#038;p=27476"},"modified":"2026-05-09T10:11:13","modified_gmt":"2026-05-09T10:11:13","slug":"helwit-vanilla","status":"publish","type":"product","link":"https:\/\/whitelip.com\/tr\/helwit\/helwit-vanilla\/","title":{"rendered":"HELWIT Vanilla"},"content":{"rendered":"<h2><b>HELWIT Vanilla<\/b><\/h2>\n<p><span style=\"font-weight: 400;\">HELWIT Vanilya nikotin po\u015fetleri p\u00fcr\u00fczs\u00fcz ve kremsi vanilya lezzeti sunmakta, rahatlat\u0131c\u0131 ve sofistike olmaktad\u0131r. Hafif tat\u0131l\u0131k ve yuvarlak karakteri ile bu lezzet, g\u00fcnl\u00fck kullan\u0131m ile iyi e\u015fle\u015fen sakin ve keyifli bir po\u015fet deneyimi sa\u011flar. Her ince formatl\u0131 po\u015fet 1 grama kar\u015f\u0131l\u0131k 7 mg nikotin i\u00e7erir, \u0131l\u0131ml\u0131 ve sabit bir sal\u0131n\u0131m verir. \u0130sve\u00e7'te YOIK AB taraf\u0131ndan \u00fcretilen HELWIT Vanilya, gizli, t\u00fct\u00fcns\u00fcz, lekelenmez ve her yerde kullan\u0131m\u0131 kolay olmak \u00fczere tasarlanm\u0131\u015ft\u0131r, HELWIT'in temiz ve modern nikotin alternatiflere odaklanmas\u0131n\u0131 yans\u0131t\u0131r.<\/span><\/p>\n<table>\n<tbody>\n<tr>\n<td><b>Attribute<\/b><\/td>\n<td><b>Ayr\u0131nt\u0131lar<\/b><\/td>\n<\/tr>\n<tr>\n<td><b>10g (20 po\u015fet)<\/b><\/td>\n<td><span style=\"font-weight: 400;\">Nikotin i\u00e7eri\u011fi<\/span><\/td>\n<\/tr>\n<tr>\n<td><b>Nikotin i\u00e7eri\u011fi<\/b><\/td>\n<td><span style=\"font-weight: 400;\">7 mg\/g (3,5 mg per po\u015fet)<\/span><\/td>\n<\/tr>\n<tr>\n<td><b>Po\u015fet format\u0131<\/b><\/td>\n<td><span style=\"font-weight: 400;\">\u0130nce<\/span><\/td>\n<\/tr>\n<tr>\n<td><b>\u00dcretici<\/b><\/td>\n<td><span style=\"font-weight: 400;\">YOIK AB<\/span><\/td>\n<\/tr>\n<tr>\n<td><b>Aroma<\/b><\/td>\n<td><span style=\"font-weight: 400;\">Vanilya<\/span><\/td>\n<\/tr>\n<tr>\n<td><b>T\u00fcr<\/b><\/td>\n<td><span style=\"font-weight: 400;\">Tamamen beyaz po\u015fet<\/span><\/td>\n<\/tr>\n<\/tbody>\n<\/table>","protected":false},"excerpt":{"rendered":"<p>Yumu\u015fak, kremsi <strong data-start=\"15\" data-end=\"26\">vanilya<\/strong> hafif tat\u0131l\u0131k ve yumu\u015fak, yuvarlak bir profili ile. <strong data-start=\"80\" data-end=\"88\">\u0130nce<\/strong>, tamamen beyaz, t\u00fct\u00fcns\u00fcz po\u015fetler duda\u011f\u0131n alt\u0131na gizli bir \u015fekilde yerle\u015fir ve di\u015fleri lekelendirmez. Her po\u015fet i\u00e7erir <strong>7 mg\/g nikotin<\/strong>, \u0131l\u0131ml\u0131 ve sabit bir sal\u0131n\u0131m sa\u011fl\u0131yor. YOIK AB (\u0130sve\u00e7) taraf\u0131ndan temiz, modern kullan\u0131m i\u00e7in \u00fcretilmi\u015ftir.<\/p>","protected":false},"featured_media":27480,"comment_status":"open","ping_status":"closed","template":"","format":[206],"meta":{"_acf_changed":false},"product_brand":[],"product_cat":[52],"product_tag":[16597],"flavours":[201],"nicotine":[229,235],"class_list":{"0":"post-27476","1":"product","2":"type-product","3":"status-publish","4":"has-post-thumbnail","6":"product_cat-helwit","7":"product_tag-3-5-mg-pouch","8":"pa_quantity-1-pack","9":"pa_quantity-10-pack","10":"pa_quantity-3-pack","11":"pa_quantity-30-pack","12":"pa_quantity-5-pack","13":"pa_quantity-60-pack","14":"flavours-vanilla","15":"format-slim","16":"nicotine-7-mg-g","17":"nicotine-normal","19":"first","20":"outofstock","21":"taxable","22":"shipping-taxable","23":"purchasable","24":"product-type-variable","25":"has-default-attributes"},"acf":[],"_links":{"self":[{"href":"https:\/\/whitelip.com\/tr\/wp-json\/wp\/v2\/product\/27476","targetHints":{"allow":["GET"]}}],"collection":[{"href":"https:\/\/whitelip.com\/tr\/wp-json\/wp\/v2\/product"}],"about":[{"href":"https:\/\/whitelip.com\/tr\/wp-json\/wp\/v2\/types\/product"}],"replies":[{"embeddable":true,"href":"https:\/\/whitelip.com\/tr\/wp-json\/wp\/v2\/comments?post=27476"}],"wp:featuredmedia":[{"embeddable":true,"href":"https:\/\/whitelip.com\/tr\/wp-json\/wp\/v2\/media\/27480"}],"wp:attachment":[{"href":"https:\/\/whitelip.com\/tr\/wp-json\/wp\/v2\/media?parent=27476"}],"wp:term":[{"taxonomy":"product_brand","embeddable":true,"href":"https:\/\/whitelip.com\/tr\/wp-json\/wp\/v2\/product_brand?post=27476"},{"taxonomy":"product_cat","embeddable":true,"href":"https:\/\/whitelip.com\/tr\/wp-json\/wp\/v2\/product_cat?post=27476"},{"taxonomy":"product_tag","embeddable":true,"href":"https:\/\/whitelip.com\/tr\/wp-json\/wp\/v2\/product_tag?post=27476"},{"taxonomy":"flavours","embeddable":true,"href":"https:\/\/whitelip.com\/tr\/wp-json\/wp\/v2\/flavours?post=27476"},{"taxonomy":"format","embeddable":true,"href":"https:\/\/whitelip.com\/tr\/wp-json\/wp\/v2\/format?post=27476"},{"taxonomy":"nicotine","embeddable":true,"href":"https:\/\/whitelip.com\/tr\/wp-json\/wp\/v2\/nicotine?post=27476"}],"curies":[{"name":"wp","href":"https:\/\/api.w.org\/{rel}","templated":true}]}}