{"id":26829,"date":"2025-09-24T11:03:13","date_gmt":"2025-09-24T11:03:13","guid":{"rendered":"https:\/\/whitelip.com\/?post_type=product&#038;p=26829"},"modified":"2026-04-20T10:11:04","modified_gmt":"2026-04-20T10:11:04","slug":"vont-lemon-lime-extra-strong","status":"publish","type":"product","link":"https:\/\/whitelip.com\/tr\/vont\/vont-lemon-lime-extra-strong\/","title":{"rendered":"VONT Limon Lime Ekstra G\u00fc\u00e7l\u00fc"},"content":{"rendered":"<h2><strong>VONT Limon Lime Ekstra G\u00fc\u00e7l\u00fc<\/strong><\/h2>\n<p><span style=\"font-weight: 400;\">VONT Limon Kire\u00e7 Extra Strong nikotin po\u015fetleri, maksimum nikotin g\u00fcc\u00fcyle art\u0131r\u0131lm\u0131\u015f limon ve kire\u00e7in canl\u0131 ve keskin sitrus kar\u0131\u015f\u0131m\u0131n\u0131 sunar. Lezzet tazeleyici, asidik ve keskindir ve cesur sitrus notalar\u0131n\u0131n ho\u015fland\u0131\u011f\u0131 kullan\u0131c\u0131lar i\u00e7in enerji veren bir deneyim sunars\u0131n\u0131z. \u0130nce format\u0131nda tasarlanm\u0131\u015f, gizli ve rahat kullan\u0131m i\u00e7in, her po\u015fet gram ba\u015f\u0131na 24 mg nikotin sa\u011flar; bu da po\u015fet ba\u015f\u0131na yakla\u015f\u0131k 12 mg'ye kar\u015f\u0131l\u0131k gelir. Deneyimli kullan\u0131c\u0131lar i\u00e7in idealdir; Limon Kire\u00e7 Extra Strong, canl\u0131 tad\u0131 y\u00fcksek yo\u011funluk ile birle\u015ftirerek di\u015f lekesini \u00f6nler. \u0130sve\u00e7'te VONT AB taraf\u0131ndan \u00fcretilmi\u015f, marka modern tasar\u0131m, tutarl\u0131 kalite ve yenilik\u00e7i tatlarla tan\u0131n\u0131r.<\/span><\/p>\n<table>\n<tbody>\n<tr>\n<td><b>Attribute<\/b><\/td>\n<td><b>Ayr\u0131nt\u0131lar<\/b><\/td>\n<\/tr>\n<tr>\n<td><b>10g (20 po\u015fet)<\/b><\/td>\n<td><span style=\"font-weight: 400;\">Nikotin i\u00e7eri\u011fi<\/span><\/td>\n<\/tr>\n<tr>\n<td><b>Nikotin i\u00e7eri\u011fi<\/b><\/td>\n<td><span style=\"font-weight: 400;\">24 mg\/g (po\u015fet ba\u015f\u0131na 12 mg)<\/span><\/td>\n<\/tr>\n<tr>\n<td><b>Po\u015fet format\u0131<\/b><\/td>\n<td><span style=\"font-weight: 400;\">\u0130nce<\/span><\/td>\n<\/tr>\n<tr>\n<td><b>\u00dcretici<\/b><\/td>\n<td><span style=\"font-weight: 400;\">VONT AB<\/span><\/td>\n<\/tr>\n<tr>\n<td><b>Aroma<\/b><\/td>\n<td><span style=\"font-weight: 400;\">Limon ve Kire\u00e7<\/span><\/td>\n<\/tr>\n<tr>\n<td><b>T\u00fcr<\/b><\/td>\n<td><span style=\"font-weight: 400;\">Tamamen beyaz po\u015fet<\/span><\/td>\n<\/tr>\n<\/tbody>\n<\/table>","protected":false},"excerpt":{"rendered":"<p>VONT <strong data-start=\"5\" data-end=\"19\">Lemon Lime<\/strong> <strong data-start=\"20\" data-end=\"36\">Extra Strong<\/strong> canl\u0131, keskin bir limon-kire\u00e7 kar\u0131\u015f\u0131m\u0131 sunarak, keskin ve enerji veren bir biti\u015fle. <strong data-start=\"117\" data-end=\"125\">ince<\/strong> po\u015fetler ayr\u0131nt\u0131\u0131 ve rahat olup di\u015fleri renklendirmezler. Her po\u015fet i\u00e7erir <strong>12 mg nikotin<\/strong> (24 mg\/g) g\u00fc\u00e7l\u00fc bir etki i\u00e7in. \u0130sve\u00e7'te \u00fcretilmi\u015f ve VONT AB taraf\u0131ndan yap\u0131lm\u0131\u015f, modern tasar\u0131m, tutarl\u0131 kalite ve yenilik\u00e7i tatlar i\u00e7in bilinir.<\/p>","protected":false},"featured_media":26833,"comment_status":"open","ping_status":"closed","template":"","format":[206],"meta":{"_acf_changed":false},"product_brand":[],"product_cat":[238],"product_tag":[16561],"flavours":[190],"nicotine":[232,217],"class_list":{"0":"post-26829","1":"product","2":"type-product","3":"status-publish","4":"has-post-thumbnail","6":"product_cat-vont","7":"product_tag-12-mg-pouch","8":"pa_quantity-1-pack","9":"pa_quantity-10-pack","10":"pa_quantity-3-pack","11":"pa_quantity-30-pack","12":"pa_quantity-5-pack","13":"pa_quantity-60-pack","14":"flavours-citrus","15":"format-slim","16":"nicotine-extra-strong","17":"nicotine-24-mg-g","19":"first","20":"instock","21":"taxable","22":"shipping-taxable","23":"purchasable","24":"product-type-variable"},"acf":[],"_links":{"self":[{"href":"https:\/\/whitelip.com\/tr\/wp-json\/wp\/v2\/product\/26829","targetHints":{"allow":["GET"]}}],"collection":[{"href":"https:\/\/whitelip.com\/tr\/wp-json\/wp\/v2\/product"}],"about":[{"href":"https:\/\/whitelip.com\/tr\/wp-json\/wp\/v2\/types\/product"}],"replies":[{"embeddable":true,"href":"https:\/\/whitelip.com\/tr\/wp-json\/wp\/v2\/comments?post=26829"}],"wp:featuredmedia":[{"embeddable":true,"href":"https:\/\/whitelip.com\/tr\/wp-json\/wp\/v2\/media\/26833"}],"wp:attachment":[{"href":"https:\/\/whitelip.com\/tr\/wp-json\/wp\/v2\/media?parent=26829"}],"wp:term":[{"taxonomy":"product_brand","embeddable":true,"href":"https:\/\/whitelip.com\/tr\/wp-json\/wp\/v2\/product_brand?post=26829"},{"taxonomy":"product_cat","embeddable":true,"href":"https:\/\/whitelip.com\/tr\/wp-json\/wp\/v2\/product_cat?post=26829"},{"taxonomy":"product_tag","embeddable":true,"href":"https:\/\/whitelip.com\/tr\/wp-json\/wp\/v2\/product_tag?post=26829"},{"taxonomy":"flavours","embeddable":true,"href":"https:\/\/whitelip.com\/tr\/wp-json\/wp\/v2\/flavours?post=26829"},{"taxonomy":"format","embeddable":true,"href":"https:\/\/whitelip.com\/tr\/wp-json\/wp\/v2\/format?post=26829"},{"taxonomy":"nicotine","embeddable":true,"href":"https:\/\/whitelip.com\/tr\/wp-json\/wp\/v2\/nicotine?post=26829"}],"curies":[{"name":"wp","href":"https:\/\/api.w.org\/{rel}","templated":true}]}}