{"id":26818,"date":"2025-09-24T11:03:13","date_gmt":"2025-09-24T11:03:13","guid":{"rendered":"https:\/\/whitelip.com\/?post_type=product&#038;p=26818"},"modified":"2026-05-09T10:11:13","modified_gmt":"2026-05-09T10:11:13","slug":"vont-fresh-mint-extra-strong","status":"publish","type":"product","link":"https:\/\/whitelip.com\/tr\/vont\/vont-fresh-mint-extra-strong\/","title":{"rendered":"VONT Taze Nane Ekstra G\u00fc\u00e7l\u00fc"},"content":{"rendered":"<h2><strong>VONT Taze Nane Ekstra G\u00fc\u00e7l\u00fc<\/strong><\/h2>\n<p><span style=\"font-weight: 400;\">VONT Fresh Mint Extra Strong nikotin po\u015fetleri, sert ve serinletici maksimum g\u00fc\u00e7le serinletici bir nane hissi sunan deneyim. \u0130nce formatta tasarlanm\u0131\u015f ayr\u0131nt\u0131\u0131 ve rahat bir \u015fekilde kullan\u0131m i\u00e7in, her po\u015fet gram ba\u015f\u0131na 24 mg nikotin sunar, bu da yakla\u015f\u0131k po\u015fet ba\u015f\u0131na 12 mg'd\u0131r. Temiz, canland\u0131r\u0131c\u0131 bir tat y\u00fcksek nikotin yo\u011funlu\u011fu ile \u00e7iftli deneyimli kullan\u0131c\u0131lar i\u00e7in m\u00fckemmel olan Fresh Mint Extra Strong di\u015f renklendirmesi olmadan tazelik sa\u011flar. \u0130sve\u00e7'te VONT AB taraf\u0131ndan \u00fcretilmi\u015f, marka modern tasar\u0131m, y\u00fcksek kalite ve tutarl\u0131 performans i\u00e7in tan\u0131nm\u0131\u015ft\u0131r.<\/span><\/p>\n<table>\n<tbody>\n<tr>\n<td><b>Attribute<\/b><\/td>\n<td><b>Ayr\u0131nt\u0131lar<\/b><\/td>\n<\/tr>\n<tr>\n<td><b>10g (20 po\u015fet)<\/b><\/td>\n<td><span style=\"font-weight: 400;\">Nikotin i\u00e7eri\u011fi<\/span><\/td>\n<\/tr>\n<tr>\n<td><b>Nikotin i\u00e7eri\u011fi<\/b><\/td>\n<td><span style=\"font-weight: 400;\">24 mg\/g (po\u015fet ba\u015f\u0131na 12 mg)<\/span><\/td>\n<\/tr>\n<tr>\n<td><b>Po\u015fet format\u0131<\/b><\/td>\n<td><span style=\"font-weight: 400;\">\u0130nce<\/span><\/td>\n<\/tr>\n<tr>\n<td><b>\u00dcretici<\/b><\/td>\n<td><span style=\"font-weight: 400;\">VONT AB<\/span><\/td>\n<\/tr>\n<tr>\n<td><b>Aroma<\/b><\/td>\n<td><span style=\"font-weight: 400;\">Fresh Mint<\/span><\/td>\n<\/tr>\n<tr>\n<td><b>T\u00fcr<\/b><\/td>\n<td><span style=\"font-weight: 400;\">Tamamen beyaz po\u015fet<\/span><\/td>\n<\/tr>\n<\/tbody>\n<\/table>","protected":false},"excerpt":{"rendered":"<p>VONT <strong data-start=\"5\" data-end=\"19\">Fresh Mint<\/strong> <strong data-start=\"20\" data-end=\"36\">Extra Strong<\/strong> maksimum yo\u011funlukla sert, serinletici nane sunar. \u00d6 <strong data-start=\"96\" data-end=\"104\">ince<\/strong> po\u015fetler ayr\u0131nt\u0131\u0131 ve rahat olup di\u015fleri renklendirmezler. Her po\u015fet i\u00e7erir<strong> 12 mg nikotin<\/strong> (24 mg\/g) g\u00fc\u00e7l\u00fc, serinletici bir vuru\u015f i\u00e7in. \u0130sve\u00e7'te VONT AB taraf\u0131ndan \u00fcretilmi\u015f, modern tasar\u0131m, y\u00fcksek kalite ve tutarl\u0131 performans i\u00e7in tan\u0131nm\u0131\u015ft\u0131r.<\/p>","protected":false},"featured_media":26822,"comment_status":"open","ping_status":"closed","template":"","format":[206],"meta":{"_acf_changed":false},"product_brand":[],"product_cat":[238],"product_tag":[16605],"flavours":[199],"nicotine":[232,217],"class_list":{"0":"post-26818","1":"product","2":"type-product","3":"status-publish","4":"has-post-thumbnail","6":"product_cat-vont","7":"product_tag-30-mg-pouch","8":"pa_quantity-1-pack","9":"pa_quantity-10-pack","10":"pa_quantity-3-pack","11":"pa_quantity-30-pack","12":"pa_quantity-5-pack","13":"pa_quantity-60-pack","14":"flavours-mint","15":"format-slim","16":"nicotine-extra-strong","17":"nicotine-24-mg-g","19":"first","20":"instock","21":"taxable","22":"shipping-taxable","23":"purchasable","24":"product-type-variable","25":"has-default-attributes"},"acf":[],"_links":{"self":[{"href":"https:\/\/whitelip.com\/tr\/wp-json\/wp\/v2\/product\/26818","targetHints":{"allow":["GET"]}}],"collection":[{"href":"https:\/\/whitelip.com\/tr\/wp-json\/wp\/v2\/product"}],"about":[{"href":"https:\/\/whitelip.com\/tr\/wp-json\/wp\/v2\/types\/product"}],"replies":[{"embeddable":true,"href":"https:\/\/whitelip.com\/tr\/wp-json\/wp\/v2\/comments?post=26818"}],"wp:featuredmedia":[{"embeddable":true,"href":"https:\/\/whitelip.com\/tr\/wp-json\/wp\/v2\/media\/26822"}],"wp:attachment":[{"href":"https:\/\/whitelip.com\/tr\/wp-json\/wp\/v2\/media?parent=26818"}],"wp:term":[{"taxonomy":"product_brand","embeddable":true,"href":"https:\/\/whitelip.com\/tr\/wp-json\/wp\/v2\/product_brand?post=26818"},{"taxonomy":"product_cat","embeddable":true,"href":"https:\/\/whitelip.com\/tr\/wp-json\/wp\/v2\/product_cat?post=26818"},{"taxonomy":"product_tag","embeddable":true,"href":"https:\/\/whitelip.com\/tr\/wp-json\/wp\/v2\/product_tag?post=26818"},{"taxonomy":"flavours","embeddable":true,"href":"https:\/\/whitelip.com\/tr\/wp-json\/wp\/v2\/flavours?post=26818"},{"taxonomy":"format","embeddable":true,"href":"https:\/\/whitelip.com\/tr\/wp-json\/wp\/v2\/format?post=26818"},{"taxonomy":"nicotine","embeddable":true,"href":"https:\/\/whitelip.com\/tr\/wp-json\/wp\/v2\/nicotine?post=26818"}],"curies":[{"name":"wp","href":"https:\/\/api.w.org\/{rel}","templated":true}]}}