{"id":26807,"date":"2025-09-24T11:03:14","date_gmt":"2025-09-24T11:03:14","guid":{"rendered":"https:\/\/whitelip.com\/?post_type=product&#038;p=26807"},"modified":"2026-05-09T10:11:13","modified_gmt":"2026-05-09T10:11:13","slug":"vont-banana-extra-strong","status":"publish","type":"product","link":"https:\/\/whitelip.com\/tr\/vont\/vont-banana-extra-strong\/","title":{"rendered":"VONT Muz Ekstra G\u00fc\u00e7l\u00fc"},"content":{"rendered":"<h2><strong>VONT Muz Ekstra G\u00fc\u00e7l\u00fc<\/strong><\/h2>\n<p><span style=\"font-weight: 400;\">VONT Banana Extra Strong nikotin po\u015fetleri, G\u00fc\u00e7l\u00fc versiyon ile ayn\u0131 zengin ve tatl\u0131 muz tat\u0131n\u0131 sunuyordu ancak yo\u011funla\u015ft\u0131r\u0131lm\u0131\u015f nikotin etkisi ile. Hem cesur tat hem de maksimum g\u00fc\u00e7 isteyen deneyimli kullan\u0131c\u0131lar i\u00e7in haz\u0131rlanm\u0131\u015f, her ince format po\u015fet gram ba\u015f\u0131na 24 mg nikotin sa\u011flar ve bu da po\u015fet ba\u015f\u0131na yakla\u015f\u0131k 12 mg'a e\u015fittir. Di\u015f lekelenmesi olmadan gizli kullan\u0131m i\u00e7in tasarlanm\u0131\u015f, Banana Extra Strong meyveli tatl\u0131l\u0131\u011f\u0131 g\u00fc\u00e7l\u00fc nikotin ileti\u015f ile birle\u015ftirir. \u0130sve\u00e7'te VONT AB taraf\u0131ndan \u00fcretilmi\u015f, marka temiz tasar\u0131m, yenilik\u00e7i tatlar ve g\u00fcmr\u00fcks\u00fcz kalite ile \u00fcnl\u00fcd\u00fcr.<\/span><\/p>\n<table>\n<tbody>\n<tr>\n<td><b>Attribute<\/b><\/td>\n<td><b>Ayr\u0131nt\u0131lar<\/b><\/td>\n<\/tr>\n<tr>\n<td><b>10g (20 po\u015fet)<\/b><\/td>\n<td><span style=\"font-weight: 400;\">Nikotin i\u00e7eri\u011fi<\/span><\/td>\n<\/tr>\n<tr>\n<td><b>Nikotin i\u00e7eri\u011fi<\/b><\/td>\n<td><span style=\"font-weight: 400;\">24 mg\/g (po\u015fet ba\u015f\u0131na 12 mg)<\/span><\/td>\n<\/tr>\n<tr>\n<td><b>Po\u015fet format\u0131<\/b><\/td>\n<td><span style=\"font-weight: 400;\">\u0130nce<\/span><\/td>\n<\/tr>\n<tr>\n<td><b>\u00dcretici<\/b><\/td>\n<td><span style=\"font-weight: 400;\">VONT AB<\/span><\/td>\n<\/tr>\n<tr>\n<td><b>Aroma<\/b><\/td>\n<td><span style=\"font-weight: 400;\">Muz<\/span><\/td>\n<\/tr>\n<tr>\n<td><b>T\u00fcr<\/b><\/td>\n<td><span style=\"font-weight: 400;\">Tamamen beyaz po\u015fet<\/span><\/td>\n<\/tr>\n<\/tbody>\n<\/table>","protected":false},"excerpt":{"rendered":"<p>VONT <strong data-start=\"5\" data-end=\"15\">Muz<\/strong> <strong data-start=\"16\" data-end=\"32\">Extra Strong<\/strong> zengin, tatl\u0131 muz sunuyoruz; t\u0131pk\u0131 G\u00fc\u00e7l\u00fc versiyon gibi ancak daha y\u00fcksek yo\u011funlukla. Po\u015fetler <strong data-start=\"115\" data-end=\"123\">ince<\/strong> gizli ve di\u015f lekelenmesini \u00f6nler. Her po\u015fet <strong data-start=\"191\" data-end=\"209\">12 mg nikotin<\/strong> (24 mg\/g) g\u00fc\u00e7l\u00fc bir etki i\u00e7in. \u0130sve\u00e7'te VONT AB taraf\u0131ndan \u00fcretilmi\u015f, temiz tasar\u0131m, yenilik\u00e7i tatlar ve kalite ile bilinir.<\/p>","protected":false},"featured_media":26811,"comment_status":"open","ping_status":"closed","template":"","format":[206],"meta":{"_acf_changed":false},"product_brand":[],"product_cat":[238],"product_tag":[16561],"flavours":[196],"nicotine":[232,217],"class_list":{"0":"post-26807","1":"product","2":"type-product","3":"status-publish","4":"has-post-thumbnail","6":"product_cat-vont","7":"product_tag-12-mg-pouch","8":"pa_quantity-1-pack","9":"pa_quantity-10-pack","10":"pa_quantity-3-pack","11":"pa_quantity-30-pack","12":"pa_quantity-5-pack","13":"pa_quantity-60-pack","14":"flavours-fruits-berries","15":"format-slim","16":"nicotine-extra-strong","17":"nicotine-24-mg-g","19":"first","20":"instock","21":"taxable","22":"shipping-taxable","23":"purchasable","24":"product-type-variable","25":"has-default-attributes"},"acf":[],"_links":{"self":[{"href":"https:\/\/whitelip.com\/tr\/wp-json\/wp\/v2\/product\/26807","targetHints":{"allow":["GET"]}}],"collection":[{"href":"https:\/\/whitelip.com\/tr\/wp-json\/wp\/v2\/product"}],"about":[{"href":"https:\/\/whitelip.com\/tr\/wp-json\/wp\/v2\/types\/product"}],"replies":[{"embeddable":true,"href":"https:\/\/whitelip.com\/tr\/wp-json\/wp\/v2\/comments?post=26807"}],"wp:featuredmedia":[{"embeddable":true,"href":"https:\/\/whitelip.com\/tr\/wp-json\/wp\/v2\/media\/26811"}],"wp:attachment":[{"href":"https:\/\/whitelip.com\/tr\/wp-json\/wp\/v2\/media?parent=26807"}],"wp:term":[{"taxonomy":"product_brand","embeddable":true,"href":"https:\/\/whitelip.com\/tr\/wp-json\/wp\/v2\/product_brand?post=26807"},{"taxonomy":"product_cat","embeddable":true,"href":"https:\/\/whitelip.com\/tr\/wp-json\/wp\/v2\/product_cat?post=26807"},{"taxonomy":"product_tag","embeddable":true,"href":"https:\/\/whitelip.com\/tr\/wp-json\/wp\/v2\/product_tag?post=26807"},{"taxonomy":"flavours","embeddable":true,"href":"https:\/\/whitelip.com\/tr\/wp-json\/wp\/v2\/flavours?post=26807"},{"taxonomy":"format","embeddable":true,"href":"https:\/\/whitelip.com\/tr\/wp-json\/wp\/v2\/format?post=26807"},{"taxonomy":"nicotine","embeddable":true,"href":"https:\/\/whitelip.com\/tr\/wp-json\/wp\/v2\/nicotine?post=26807"}],"curies":[{"name":"wp","href":"https:\/\/api.w.org\/{rel}","templated":true}]}}