{"id":26591,"date":"2025-09-24T11:03:15","date_gmt":"2025-09-24T11:03:15","guid":{"rendered":"https:\/\/whitelip.com\/?post_type=product&#038;p=26591"},"modified":"2026-05-11T10:11:42","modified_gmt":"2026-05-11T10:11:42","slug":"vont-creamy-strawberry-strong","status":"publish","type":"product","link":"https:\/\/whitelip.com\/tr\/vont\/vont-creamy-strawberry-strong\/","title":{"rendered":"VONT Creamy Strawberry Strong"},"content":{"rendered":"<h2><strong>VONT Creamy Strawberry Strong<\/strong><\/h2>\n<p><span style=\"font-weight: 400;\">VONT Creamy Strawberry Strong nikotin po\u015fetleri, olgun \u00e7ileklerin tatl\u0131l\u0131\u011f\u0131n\u0131 p\u00fcr\u00fczs\u00fcz kremal\u0131 bir alttonla birle\u015ftirerek, zengin ve iyi dengeli bir tat olu\u015fturur. Gizli ve rahat kullan\u0131m i\u00e7in ince bir format ile sunulan, her po\u015fet gram ba\u015f\u0131na 14 mg olarak g\u00fc\u00e7l\u00fc bir nikotin etkisi sa\u011flar ve bu da po\u015fet ba\u015f\u0131na yakla\u015f\u0131k 7 mg'a e\u015fittir. Hem meyveli hem de kremal\u0131 notalar\u0131 seven deneyimli kullan\u0131c\u0131lar i\u00e7in ideal, bu po\u015fetler taze kal\u0131r ve di\u015f lekelenmesini \u00f6nler. \u0130sve\u00e7'te VONT AB taraf\u0131ndan \u00fcretilmi\u015f, marka modern tasar\u0131m, yenilik\u00e7i tatlar ve tutarl\u0131 kalite ile tan\u0131n\u0131r.<\/span><\/p>\n<table>\n<tbody>\n<tr>\n<td><b>Attribute<\/b><\/td>\n<td><b>Ayr\u0131nt\u0131lar<\/b><\/td>\n<\/tr>\n<tr>\n<td><b>10g (20 po\u015fet)<\/b><\/td>\n<td><span style=\"font-weight: 400;\">Nikotin i\u00e7eri\u011fi<\/span><\/td>\n<\/tr>\n<tr>\n<td><b>Nikotin i\u00e7eri\u011fi<\/b><\/td>\n<td><span style=\"font-weight: 400;\">14 mg\/g (po\u015fet ba\u015f\u0131na 7 mg)<\/span><\/td>\n<\/tr>\n<tr>\n<td><b>Po\u015fet format\u0131<\/b><\/td>\n<td><span style=\"font-weight: 400;\">\u0130nce<\/span><\/td>\n<\/tr>\n<tr>\n<td><b>\u00dcretici<\/b><\/td>\n<td><span style=\"font-weight: 400;\">VONT AB<\/span><\/td>\n<\/tr>\n<tr>\n<td><b>Aroma<\/b><\/td>\n<td><span style=\"font-weight: 400;\">\u00c7ilek ve Krem<\/span><\/td>\n<\/tr>\n<tr>\n<td><b>T\u00fcr<\/b><\/td>\n<td><span style=\"font-weight: 400;\">Tamamen beyaz po\u015fet<\/span><\/td>\n<\/tr>\n<\/tbody>\n<\/table>","protected":false},"excerpt":{"rendered":"<p>VONT Creamy Strawberry Strong nikotin po\u015fetleri tatl\u0131, p\u00fcr\u00fczs\u00fcz <strong data-start=\"71\" data-end=\"92\">Creamy Strawberry<\/strong> tat sunar zengin, iyi dengeli bir profil ile. <strong data-start=\"135\" data-end=\"143\">\u0130nce<\/strong> gizli ve rahat kullan\u0131m i\u00e7in format; deneyimli kullan\u0131c\u0131lar i\u00e7in ideal g\u00fc\u00e7l\u00fc etki ve di\u015f lekelenmeyecek. Her po\u015fet <strong data-start=\"265\" data-end=\"282\">7 mg nikotin<\/strong> i\u00e7erir (14 mg\/g). \u0130sve\u00e7'te VONT AB taraf\u0131ndan \u00fcretilmi\u015f, modern tasar\u0131m ve tutarl\u0131 kalite ile.<\/p>","protected":false},"featured_media":26595,"comment_status":"open","ping_status":"closed","template":"","format":[206],"meta":{"_acf_changed":false},"product_brand":[],"product_cat":[238],"product_tag":[16640],"flavours":[196],"nicotine":[211,236],"class_list":{"0":"post-26591","1":"product","2":"type-product","3":"status-publish","4":"has-post-thumbnail","6":"product_cat-vont","7":"product_tag-7-mg-pouch","8":"pa_quantity-1-pack","9":"pa_quantity-10-pack","10":"pa_quantity-3-pack","11":"pa_quantity-30-pack","12":"pa_quantity-5-pack","13":"pa_quantity-60-pack","14":"flavours-fruits-berries","15":"format-slim","16":"nicotine-14-mg-g","17":"nicotine-strong","19":"first","20":"instock","21":"taxable","22":"shipping-taxable","23":"purchasable","24":"product-type-variable","25":"has-default-attributes"},"acf":[],"_links":{"self":[{"href":"https:\/\/whitelip.com\/tr\/wp-json\/wp\/v2\/product\/26591","targetHints":{"allow":["GET"]}}],"collection":[{"href":"https:\/\/whitelip.com\/tr\/wp-json\/wp\/v2\/product"}],"about":[{"href":"https:\/\/whitelip.com\/tr\/wp-json\/wp\/v2\/types\/product"}],"replies":[{"embeddable":true,"href":"https:\/\/whitelip.com\/tr\/wp-json\/wp\/v2\/comments?post=26591"}],"wp:featuredmedia":[{"embeddable":true,"href":"https:\/\/whitelip.com\/tr\/wp-json\/wp\/v2\/media\/26595"}],"wp:attachment":[{"href":"https:\/\/whitelip.com\/tr\/wp-json\/wp\/v2\/media?parent=26591"}],"wp:term":[{"taxonomy":"product_brand","embeddable":true,"href":"https:\/\/whitelip.com\/tr\/wp-json\/wp\/v2\/product_brand?post=26591"},{"taxonomy":"product_cat","embeddable":true,"href":"https:\/\/whitelip.com\/tr\/wp-json\/wp\/v2\/product_cat?post=26591"},{"taxonomy":"product_tag","embeddable":true,"href":"https:\/\/whitelip.com\/tr\/wp-json\/wp\/v2\/product_tag?post=26591"},{"taxonomy":"flavours","embeddable":true,"href":"https:\/\/whitelip.com\/tr\/wp-json\/wp\/v2\/flavours?post=26591"},{"taxonomy":"format","embeddable":true,"href":"https:\/\/whitelip.com\/tr\/wp-json\/wp\/v2\/format?post=26591"},{"taxonomy":"nicotine","embeddable":true,"href":"https:\/\/whitelip.com\/tr\/wp-json\/wp\/v2\/nicotine?post=26591"}],"curies":[{"name":"wp","href":"https:\/\/api.w.org\/{rel}","templated":true}]}}