{"id":26585,"date":"2025-09-24T11:03:15","date_gmt":"2025-09-24T11:03:15","guid":{"rendered":"https:\/\/whitelip.com\/?post_type=product&#038;p=26585"},"modified":"2026-05-11T10:11:42","modified_gmt":"2026-05-11T10:11:42","slug":"vont-banana-strong","status":"publish","type":"product","link":"https:\/\/whitelip.com\/tr\/vont\/vont-banana-strong\/","title":{"rendered":"VONT Banana Strong"},"content":{"rendered":"<h2><strong>VONT Banana Strong<\/strong><\/h2>\n<p><span style=\"font-weight: 400;\">VONT Banana Strong nikotin po\u015fetleri zengin ve tatl\u0131 muz tat\u0131 sunar p\u00fcr\u00fczs\u00fcz, do\u011fal bir karakter ile. Gizli ve rahat kullan\u0131m i\u00e7in ince bir format ile tasarlanm\u0131\u015f, her po\u015fet gram ba\u015f\u0131na 16 mg olarak daha g\u00fc\u00e7l\u00fc bir nikotin deneyimi sa\u011flar ve bu da po\u015fet ba\u015f\u0131na yakla\u015f\u0131k 8 mg'a e\u015fittir. Hem tat hem de yo\u011funluk arayan deneyimli kullan\u0131c\u0131lar i\u00e7in m\u00fckemmel, VONT Banana Strong taze kal\u0131r ve di\u015f lekelenmesi yapmaz. \u0130sve\u00e7'te VONT AB taraf\u0131ndan \u00fcretilmi\u015f, marka temiz tasar\u0131m, modern yakla\u015f\u0131m ve tutarl\u0131 kalite standartlar\u0131 ile tan\u0131n\u0131r.<\/span><\/p>\n<table>\n<tbody>\n<tr>\n<td><b>Attribute<\/b><\/td>\n<td><b>Ayr\u0131nt\u0131lar<\/b><\/td>\n<\/tr>\n<tr>\n<td><b>10g (20 po\u015fet)<\/b><\/td>\n<td><span style=\"font-weight: 400;\">Nikotin i\u00e7eri\u011fi<\/span><\/td>\n<\/tr>\n<tr>\n<td><b>Nikotin i\u00e7eri\u011fi<\/b><\/td>\n<td><span style=\"font-weight: 400;\">14 mg\/g (po\u015fet ba\u015f\u0131na 7 mg)<\/span><\/td>\n<\/tr>\n<tr>\n<td><b>Po\u015fet format\u0131<\/b><\/td>\n<td><span style=\"font-weight: 400;\">\u0130nce<\/span><\/td>\n<\/tr>\n<tr>\n<td><b>\u00dcretici<\/b><\/td>\n<td><span style=\"font-weight: 400;\">VONT AB<\/span><\/td>\n<\/tr>\n<tr>\n<td><b>Aroma<\/b><\/td>\n<td><span style=\"font-weight: 400;\">Muz<\/span><\/td>\n<\/tr>\n<tr>\n<td><b>T\u00fcr<\/b><\/td>\n<td><span style=\"font-weight: 400;\">Tamamen beyaz po\u015fet<\/span><\/td>\n<\/tr>\n<\/tbody>\n<\/table>","protected":false},"excerpt":{"rendered":"<p>VONT Banana Strong nikotin po\u015fetleri zengin, tatl\u0131 <strong data-start=\"58\" data-end=\"68\">Muz<\/strong> tat sunarlar p\u00fcr\u00fczs\u00fcz, do\u011fal bir profil ile. <strong data-start=\"108\" data-end=\"116\">\u0130nce<\/strong> gizli ve rahat kullan\u0131m i\u00e7in format ve daha g\u00fc\u00e7l\u00fc bir his (16 mg\/g). Her po\u015fet <strong data-start=\"205\" data-end=\"222\">8 mg nikotin<\/strong>i\u00e7erir. Deneyimli kullan\u0131c\u0131lar i\u00e7in ideal; di\u015f lekelenmesi olmadan taze kal\u0131r. \u0130sve\u00e7'te VONT AB taraf\u0131ndan \u00fcretilmi\u015f, temiz tasar\u0131m ve tutarl\u0131 kalite ile bilinir.<\/p>","protected":false},"featured_media":26590,"comment_status":"open","ping_status":"closed","template":"","format":[206],"meta":{"_acf_changed":false},"product_brand":[],"product_cat":[238],"product_tag":[16640],"flavours":[196],"nicotine":[211,236],"class_list":{"0":"post-26585","1":"product","2":"type-product","3":"status-publish","4":"has-post-thumbnail","6":"product_cat-vont","7":"product_tag-7-mg-pouch","8":"pa_quantity-1-pack","9":"pa_quantity-10-pack","10":"pa_quantity-3-pack","11":"pa_quantity-30-pack","12":"pa_quantity-5-pack","13":"pa_quantity-60-pack","14":"flavours-fruits-berries","15":"format-slim","16":"nicotine-14-mg-g","17":"nicotine-strong","19":"first","20":"instock","21":"taxable","22":"shipping-taxable","23":"purchasable","24":"product-type-variable"},"acf":[],"_links":{"self":[{"href":"https:\/\/whitelip.com\/tr\/wp-json\/wp\/v2\/product\/26585","targetHints":{"allow":["GET"]}}],"collection":[{"href":"https:\/\/whitelip.com\/tr\/wp-json\/wp\/v2\/product"}],"about":[{"href":"https:\/\/whitelip.com\/tr\/wp-json\/wp\/v2\/types\/product"}],"replies":[{"embeddable":true,"href":"https:\/\/whitelip.com\/tr\/wp-json\/wp\/v2\/comments?post=26585"}],"wp:featuredmedia":[{"embeddable":true,"href":"https:\/\/whitelip.com\/tr\/wp-json\/wp\/v2\/media\/26590"}],"wp:attachment":[{"href":"https:\/\/whitelip.com\/tr\/wp-json\/wp\/v2\/media?parent=26585"}],"wp:term":[{"taxonomy":"product_brand","embeddable":true,"href":"https:\/\/whitelip.com\/tr\/wp-json\/wp\/v2\/product_brand?post=26585"},{"taxonomy":"product_cat","embeddable":true,"href":"https:\/\/whitelip.com\/tr\/wp-json\/wp\/v2\/product_cat?post=26585"},{"taxonomy":"product_tag","embeddable":true,"href":"https:\/\/whitelip.com\/tr\/wp-json\/wp\/v2\/product_tag?post=26585"},{"taxonomy":"flavours","embeddable":true,"href":"https:\/\/whitelip.com\/tr\/wp-json\/wp\/v2\/flavours?post=26585"},{"taxonomy":"format","embeddable":true,"href":"https:\/\/whitelip.com\/tr\/wp-json\/wp\/v2\/format?post=26585"},{"taxonomy":"nicotine","embeddable":true,"href":"https:\/\/whitelip.com\/tr\/wp-json\/wp\/v2\/nicotine?post=26585"}],"curies":[{"name":"wp","href":"https:\/\/api.w.org\/{rel}","templated":true}]}}