{"id":14231,"date":"2025-08-20T11:05:20","date_gmt":"2025-08-20T11:05:20","guid":{"rendered":"https:\/\/whitelip.com\/?post_type=product&#038;p=14231"},"modified":"2026-05-06T10:11:25","modified_gmt":"2026-05-06T10:11:25","slug":"nois-extreme-blueberry-50mg","status":"publish","type":"product","link":"https:\/\/whitelip.com\/tr\/nois\/nois-extreme-blueberry-50mg\/","title":{"rendered":"NOIS A\u015f\u0131r\u0131 Mirtil 50mg"},"content":{"rendered":"<h2><strong>NOIS A\u015f\u0131r\u0131 Mirtil 50mg<\/strong><\/h2>\n<p><span style=\"font-weight: 400;\">NOIS Extreme Blueberry 50mg kombinasyonu <\/span><b>zengin, sulu \u00e7ilek aromas\u0131 ile buzlu menthol vuru\u015fu<\/b><span style=\"font-weight: 400;\"> benzersiz bir yo\u011fun po\u015fet deneyimi yaratmak i\u00e7in. Uzman kullan\u0131c\u0131lar i\u00e7in tasarlanm\u0131\u015f bu po\u015fet, inan\u0131lmaz derecede g\u00fc\u00e7l\u00fc bir nikotin darbesini iletir <\/span><b>Po\u015fet ba\u015f\u0131na 25 mg<\/b><span style=\"font-weight: 400;\"> ( mg\/g), hem aroma hem de maksimum g\u00fc\u00e7 isteyen ki\u015filer i\u00e7in tasarlanm\u0131\u015ft\u0131r.<\/span><\/p>\n<p><span style=\"font-weight: 400;\">Slim, t\u00fct\u00fcns\u00fcz po\u015fetler duda\u011f\u0131n alt\u0131na rahat ve gizli bir \u015fekilde uyar ve di\u015fleri lekelemeden temiz bir kullan\u0131m deneyimi sunar. Derin meyve tad\u0131 ve buzlu so\u011futma etkisi ile NOIS Extreme Blueberry 50mg, cesur aroma ve y\u00fcksek etki isteyen ileri d\u00fczey kullan\u0131c\u0131lar i\u00e7in nihai se\u00e7imdir.<\/span><\/p>\n<table>\n<tbody>\n<tr>\n<td><b>Attribute<\/b><\/td>\n<td><b>Ayr\u0131nt\u0131lar<\/b><\/td>\n<\/tr>\n<tr>\n<td><b>Brand<\/b><\/td>\n<td><span style=\"font-weight: 400;\">NOIS<\/span><\/td>\n<\/tr>\n<tr>\n<td><b>\u00dcr\u00fcn T\u00fcr\u00fc<\/b><\/td>\n<td><span style=\"font-weight: 400;\">T\u00fcm Beyaz Nikotin Po\u015fetleri<\/span><\/td>\n<\/tr>\n<tr>\n<td><b>Format<\/b><\/td>\n<td><span style=\"font-weight: 400;\">\u0130nce<\/span><\/td>\n<\/tr>\n<tr>\n<td><b>Aroma<\/b><\/td>\n<td><span style=\"font-weight: 400;\">\u00c7ilek, Mentol<\/span><\/td>\n<\/tr>\n<tr>\n<td><b>Nikotin G\u00fcc\u00fc<\/b><\/td>\n<td><span style=\"font-weight: 400;\">Po\u015fet ba\u015f\u0131na 25 mg ( mg\/g)<\/span><\/td>\n<\/tr>\n<tr>\n<td><b>K\u0131s\u0131m A\u011f\u0131rl\u0131\u011f\u0131<\/b><\/td>\n<td><span style=\"font-weight: 400;\">0,5 gram<\/span><\/td>\n<\/tr>\n<tr>\n<td><b>K\u0131s\u0131m Say\u0131s\u0131<\/b><\/td>\n<td><span style=\"font-weight: 400;\">Kutu ba\u015f\u0131na 27 adet<\/span><\/td>\n<\/tr>\n<tr>\n<td><b>Toplam Kutu A\u011f\u0131rl\u0131\u011f\u0131<\/b><\/td>\n<td><span style=\"font-weight: 400;\">11 gram<\/span><\/td>\n<\/tr>\n<tr>\n<td><b>\u00dcretici<\/b><\/td>\n<td><span style=\"font-weight: 400;\">HRJ Production O\u00dc<\/span><\/td>\n<\/tr>\n<tr>\n<td><b>Dikkate De\u011fer \u00d6zellikler<\/b><\/td>\n<td><span style=\"font-weight: 400;\">T\u00fct\u00fcns\u00fcz, slim format, buzlu mentol ile yo\u011fun \u00e7ilek aromas\u0131 ve ultra-y\u00fcksek nikotin<\/span><\/td>\n<\/tr>\n<\/tbody>\n<\/table>","protected":false},"excerpt":{"rendered":"<p><span style=\"font-weight: 400;\">NOIS Extreme Blueberry 50mg kombinasyonu <\/span><b>zengin, sulu \u00e7ilek aromas\u0131 ile buzlu menthol vuru\u015fu<\/b><span style=\"font-weight: 400;\"> benzersiz bir yo\u011fun po\u015fet deneyimi yaratmak i\u00e7in. Uzman kullan\u0131c\u0131lar i\u00e7in tasarlanm\u0131\u015f bu po\u015fet, inan\u0131lmaz derecede g\u00fc\u00e7l\u00fc bir nikotin darbesini iletir <\/span><b>Po\u015fet ba\u015f\u0131na 25 mg<\/b><span style=\"font-weight: 400;\"> ( mg\/g), hem aroma hem de maksimum g\u00fc\u00e7 isteyen ki\u015filer i\u00e7in tasarlanm\u0131\u015ft\u0131r.<\/span><\/p>","protected":false},"featured_media":14235,"comment_status":"open","ping_status":"closed","template":"","format":[206],"meta":{"_acf_changed":false},"product_brand":[],"product_cat":[127],"product_tag":[16510,16589],"flavours":[196],"nicotine":[219,233],"class_list":{"0":"post-14231","1":"product","2":"type-product","3":"status-publish","4":"has-post-thumbnail","6":"product_cat-nois","7":"product_tag-12-off","8":"product_tag-25-mg-pouch","9":"pa_quantity-1-pack","10":"pa_quantity-10-pack","11":"pa_quantity-3-pack","12":"pa_quantity-30-pack","13":"pa_quantity-5-pack","14":"pa_quantity-60-pack","15":"flavours-fruits-berries","16":"format-slim","17":"nicotine-25-mg-g","18":"nicotine-extreme","20":"first","21":"instock","22":"sale","23":"taxable","24":"shipping-taxable","25":"purchasable","26":"product-type-variable","27":"has-default-attributes"},"acf":[],"_links":{"self":[{"href":"https:\/\/whitelip.com\/tr\/wp-json\/wp\/v2\/product\/14231","targetHints":{"allow":["GET"]}}],"collection":[{"href":"https:\/\/whitelip.com\/tr\/wp-json\/wp\/v2\/product"}],"about":[{"href":"https:\/\/whitelip.com\/tr\/wp-json\/wp\/v2\/types\/product"}],"replies":[{"embeddable":true,"href":"https:\/\/whitelip.com\/tr\/wp-json\/wp\/v2\/comments?post=14231"}],"wp:featuredmedia":[{"embeddable":true,"href":"https:\/\/whitelip.com\/tr\/wp-json\/wp\/v2\/media\/14235"}],"wp:attachment":[{"href":"https:\/\/whitelip.com\/tr\/wp-json\/wp\/v2\/media?parent=14231"}],"wp:term":[{"taxonomy":"product_brand","embeddable":true,"href":"https:\/\/whitelip.com\/tr\/wp-json\/wp\/v2\/product_brand?post=14231"},{"taxonomy":"product_cat","embeddable":true,"href":"https:\/\/whitelip.com\/tr\/wp-json\/wp\/v2\/product_cat?post=14231"},{"taxonomy":"product_tag","embeddable":true,"href":"https:\/\/whitelip.com\/tr\/wp-json\/wp\/v2\/product_tag?post=14231"},{"taxonomy":"flavours","embeddable":true,"href":"https:\/\/whitelip.com\/tr\/wp-json\/wp\/v2\/flavours?post=14231"},{"taxonomy":"format","embeddable":true,"href":"https:\/\/whitelip.com\/tr\/wp-json\/wp\/v2\/format?post=14231"},{"taxonomy":"nicotine","embeddable":true,"href":"https:\/\/whitelip.com\/tr\/wp-json\/wp\/v2\/nicotine?post=14231"}],"curies":[{"name":"wp","href":"https:\/\/api.w.org\/{rel}","templated":true}]}}