{"id":14226,"date":"2025-08-20T11:05:21","date_gmt":"2025-08-20T11:05:21","guid":{"rendered":"https:\/\/whitelip.com\/?post_type=product&#038;p=14226"},"modified":"2026-05-06T10:11:25","modified_gmt":"2026-05-06T10:11:25","slug":"nois-extreme-50mg","status":"publish","type":"product","link":"https:\/\/whitelip.com\/tr\/nois\/nois-extreme-50mg\/","title":{"rendered":"NOIS Extreme 50mg"},"content":{"rendered":"<h2><strong>NOIS Extreme 50mg<\/strong><\/h2>\n<p><span style=\"font-weight: 400;\">NOIS Extreme 50mg \u00fcr\u00fcn\u00fc sunuyor <\/span><b>ac\u0131 \u015fiddetli nane hissi<\/b><span style=\"font-weight: 400;\"> en deneyimli nikotin kullan\u0131c\u0131lar\u0131 i\u00e7in tasarlanm\u0131\u015ft\u0131r. Maksimum g\u00fc\u00e7 form\u00fcl\u00fc ile bu po\u015fet zay\u0131f y\u00fcrekliler i\u00e7in de\u011fildir. Her slim po\u015fet inan\u0131lmaz derecede <\/span><b>25 mg nikotin<\/b><span style=\"font-weight: 400;\"> ( mg\/g) i\u00e7ererek h\u0131zl\u0131 ve kal\u0131c\u0131 bir sal\u0131n\u0131m sa\u011flar ve sert ile h\u0131zl\u0131 vurur.<\/span><\/p>\n<p><span style=\"font-weight: 400;\">Bu tamamen beyaz, t\u00fct\u00fcns\u00fcz po\u015fetler y\u00fcksek kaliteli bitki bazl\u0131 malzemelerle yap\u0131lm\u0131\u015f olup, di\u015fleri lekelemeden temiz ve g\u00fc\u00e7l\u00fc bir deneyim sa\u011flar. Slim format, duda\u011f\u0131n alt\u0131na gizli bir \u015fekilde uyarak, her kullan\u0131mda g\u00fc\u00e7l\u00fc so\u011futma etkisi verir. NOIS Extreme 50mg, en y\u00fcksek yo\u011funluk isteyen kullan\u0131c\u0131lar i\u00e7in nihai se\u00e7imdir.<\/span><\/p>\n<table>\n<tbody>\n<tr>\n<td><b>Attribute<\/b><\/td>\n<td><b>Ayr\u0131nt\u0131lar<\/b><\/td>\n<\/tr>\n<tr>\n<td><b>Brand<\/b><\/td>\n<td><span style=\"font-weight: 400;\">NOIS<\/span><\/td>\n<\/tr>\n<tr>\n<td><b>\u00dcr\u00fcn T\u00fcr\u00fc<\/b><\/td>\n<td><span style=\"font-weight: 400;\">T\u00fcm Beyaz Nikotin Po\u015fetleri<\/span><\/td>\n<\/tr>\n<tr>\n<td><b>Format<\/b><\/td>\n<td><span style=\"font-weight: 400;\">\u0130nce<\/span><\/td>\n<\/tr>\n<tr>\n<td><b>Aroma<\/b><\/td>\n<td><span style=\"font-weight: 400;\">Nane<\/span><\/td>\n<\/tr>\n<tr>\n<td><b>Nikotin G\u00fcc\u00fc<\/b><\/td>\n<td><span style=\"font-weight: 400;\">Po\u015fet ba\u015f\u0131na 25 mg ( mg\/g)<\/span><\/td>\n<\/tr>\n<tr>\n<td><b>K\u0131s\u0131m A\u011f\u0131rl\u0131\u011f\u0131<\/b><\/td>\n<td><span style=\"font-weight: 400;\">0,5 gram<\/span><\/td>\n<\/tr>\n<tr>\n<td><b>K\u0131s\u0131m Say\u0131s\u0131<\/b><\/td>\n<td><span style=\"font-weight: 400;\">Kutu ba\u015f\u0131na 27 adet<\/span><\/td>\n<\/tr>\n<tr>\n<td><b>Toplam Kutu A\u011f\u0131rl\u0131\u011f\u0131<\/b><\/td>\n<td><span style=\"font-weight: 400;\">11 gram<\/span><\/td>\n<\/tr>\n<tr>\n<td><b>\u00dcretici<\/b><\/td>\n<td><span style=\"font-weight: 400;\">HRJ Production O\u00dc<\/span><\/td>\n<\/tr>\n<tr>\n<td><b>Dikkate De\u011fer \u00d6zellikler<\/b><\/td>\n<td><span style=\"font-weight: 400;\">T\u00fct\u00fcns\u00fcz, slim format, son derece g\u00fc\u00e7l\u00fc nane aromas\u0131, ileri d\u00fczey kullan\u0131c\u0131lar i\u00e7in tasarlanm\u0131\u015f<\/span><\/td>\n<\/tr>\n<\/tbody>\n<\/table>","protected":false},"excerpt":{"rendered":"<p><span style=\"font-weight: 400;\">NOIS Extreme 50mg \u00fcr\u00fcn\u00fc sunuyor <\/span><b>ac\u0131 \u015fiddetli nane hissi<\/b><span style=\"font-weight: 400;\"> en deneyimli nikotin kullan\u0131c\u0131lar\u0131 i\u00e7in tasarlanm\u0131\u015ft\u0131r. Maksimum g\u00fc\u00e7 form\u00fcl\u00fc ile bu po\u015fet zay\u0131f y\u00fcrekliler i\u00e7in de\u011fildir. Her slim po\u015fet inan\u0131lmaz derecede <\/span><b>25 mg nikotin<\/b><span style=\"font-weight: 400;\"> ( mg\/g) i\u00e7ererek h\u0131zl\u0131 ve kal\u0131c\u0131 bir sal\u0131n\u0131m sa\u011flar ve sert ile h\u0131zl\u0131 vurur.<\/span><\/p>","protected":false},"featured_media":14230,"comment_status":"open","ping_status":"closed","template":"","format":[206],"meta":{"_acf_changed":false},"product_brand":[],"product_cat":[127],"product_tag":[16510,16589],"flavours":[199],"nicotine":[226,233],"class_list":{"0":"post-14226","1":"product","2":"type-product","3":"status-publish","4":"has-post-thumbnail","6":"product_cat-nois","7":"product_tag-12-off","8":"product_tag-25-mg-pouch","9":"pa_quantity-1-pack","10":"pa_quantity-10-pack","11":"pa_quantity-3-pack","12":"pa_quantity-30-pack","13":"pa_quantity-5-pack","14":"pa_quantity-60-pack","15":"flavours-mint","16":"format-slim","17":"nicotine-50-mg-g","18":"nicotine-extreme","20":"first","21":"instock","22":"sale","23":"taxable","24":"shipping-taxable","25":"purchasable","26":"product-type-variable","27":"has-default-attributes"},"acf":[],"_links":{"self":[{"href":"https:\/\/whitelip.com\/tr\/wp-json\/wp\/v2\/product\/14226","targetHints":{"allow":["GET"]}}],"collection":[{"href":"https:\/\/whitelip.com\/tr\/wp-json\/wp\/v2\/product"}],"about":[{"href":"https:\/\/whitelip.com\/tr\/wp-json\/wp\/v2\/types\/product"}],"replies":[{"embeddable":true,"href":"https:\/\/whitelip.com\/tr\/wp-json\/wp\/v2\/comments?post=14226"}],"wp:featuredmedia":[{"embeddable":true,"href":"https:\/\/whitelip.com\/tr\/wp-json\/wp\/v2\/media\/14230"}],"wp:attachment":[{"href":"https:\/\/whitelip.com\/tr\/wp-json\/wp\/v2\/media?parent=14226"}],"wp:term":[{"taxonomy":"product_brand","embeddable":true,"href":"https:\/\/whitelip.com\/tr\/wp-json\/wp\/v2\/product_brand?post=14226"},{"taxonomy":"product_cat","embeddable":true,"href":"https:\/\/whitelip.com\/tr\/wp-json\/wp\/v2\/product_cat?post=14226"},{"taxonomy":"product_tag","embeddable":true,"href":"https:\/\/whitelip.com\/tr\/wp-json\/wp\/v2\/product_tag?post=14226"},{"taxonomy":"flavours","embeddable":true,"href":"https:\/\/whitelip.com\/tr\/wp-json\/wp\/v2\/flavours?post=14226"},{"taxonomy":"format","embeddable":true,"href":"https:\/\/whitelip.com\/tr\/wp-json\/wp\/v2\/format?post=14226"},{"taxonomy":"nicotine","embeddable":true,"href":"https:\/\/whitelip.com\/tr\/wp-json\/wp\/v2\/nicotine?post=14226"}],"curies":[{"name":"wp","href":"https:\/\/api.w.org\/{rel}","templated":true}]}}