{"id":10795,"date":"2025-06-26T13:46:10","date_gmt":"2025-06-26T13:46:10","guid":{"rendered":"https:\/\/whitelip.com\/77-bubbly-fizz-medium\/"},"modified":"2026-05-09T13:56:37","modified_gmt":"2026-05-09T13:56:37","slug":"77-bubbly-fizz-medium","status":"publish","type":"product","link":"https:\/\/whitelip.com\/tr\/77\/77-bubbly-fizz-medium\/","title":{"rendered":"77 Bubbly Fizz Medium"},"content":{"rendered":"<h2><strong>77 Bubbly Fizz Medium<\/strong><\/h2>\n<p class=\"\" data-start=\"76\" data-end=\"609\">77 Bubbly Fizz Orta nikotin po\u015fetleri, parlak tatl\u0131 soda taraf\u0131ndan ilham alan canl\u0131 ve k\u00f6p\u00fckl\u00fc bir tat sunar. Taze limonata veya \u015fampanya and\u0131ran fizzy notlar\u0131 ile, bu po\u015fet oyuncu ve ferah bir tat deneyimi sunar. Her ince, tamamen beyaz po\u015fet 10,4 mg nikotin i\u00e7ererek, tat ve yo\u011funluk aras\u0131nda denge arayan d\u00fczenli kullan\u0131c\u0131lar i\u00e7in uygun orta kuvvet bir tekme sa\u011flar. Ayr\u0131k, rahat ve lekesiz, 77 Bubbly Fizz Orta, t\u00fct\u00fcns\u00fcz formatta tat ve kalite y\u00fcksek standartlar\u0131n\u0131 kar\u015f\u0131layan 77 Group taraf\u0131ndan haz\u0131rlanm\u0131\u015ft\u0131r.<\/p>\n<table>\n<tbody>\n<tr>\n<td><b>Attribute<\/b><\/td>\n<td><b>Ayr\u0131nt\u0131lar<\/b><\/td>\n<\/tr>\n<tr>\n<td><b>10g (20 po\u015fet)<\/b><\/td>\n<td><span style=\"font-weight: 400;\">13g (20 po\u015fet)<\/span><\/td>\n<\/tr>\n<tr>\n<td><b>Nikotin i\u00e7eri\u011fi<\/b><\/td>\n<td><span style=\"font-weight: 400;\">16 mg\/g (po\u015fet ba\u015f\u0131na 10.4 mg)<\/span><\/td>\n<\/tr>\n<tr>\n<td><b>Po\u015fet format\u0131<\/b><\/td>\n<td><span style=\"font-weight: 400;\">\u0130nce<\/span><\/td>\n<\/tr>\n<tr>\n<td><b>\u00dcretici<\/b><\/td>\n<td><span style=\"font-weight: 400;\">77 Grubu<\/span><\/td>\n<\/tr>\n<tr>\n<td><b>Aroma<\/b><\/td>\n<td><span style=\"font-weight: 400;\">Sparkling Citrus (Bubbly Fizz)<\/span><\/td>\n<\/tr>\n<tr>\n<td><b>T\u00fcr<\/b><\/td>\n<td><span style=\"font-weight: 400;\">Tamamen beyaz po\u015fet<\/span><\/td>\n<\/tr>\n<\/tbody>\n<\/table>","protected":false},"excerpt":{"rendered":"<p>Canl\u0131, <strong>soda-ilham<\/strong> limonata veya \u015fampanya and\u0131ran ne\u015feli fizzy notlar\u0131yla al\u0131nan tat. <strong>\u0130nce<\/strong>, tamamen beyaz po\u015fetler duda\u011f\u0131n alt\u0131nda ayr\u0131k ve rahat bir \u015fekilde oturur. Her po\u015fet <strong data-start=\"230\" data-end=\"250\">10.4 mg nikotin<\/strong>, t\u00fct\u00fcn veya leke olmadan dengeli orta kuvvet bir tekme verir.<\/p>","protected":false},"featured_media":10796,"comment_status":"open","ping_status":"closed","template":"","format":[206],"meta":{"_acf_changed":false},"product_brand":[],"product_cat":[23],"product_tag":[16543],"flavours":[185],"nicotine":[218,232],"class_list":{"0":"post-10795","1":"product","2":"type-product","3":"status-publish","4":"has-post-thumbnail","6":"product_cat-23","7":"product_tag-10-4-mg-pouch","8":"pa_quantity-1-pack","9":"pa_quantity-10-pack","10":"pa_quantity-3-pack","11":"pa_quantity-30-pack","12":"pa_quantity-5-pack","13":"pa_quantity-60-pack","14":"flavours-candy","15":"format-slim","16":"nicotine-20-mg-g","17":"nicotine-extra-strong","19":"first","20":"instock","21":"taxable","22":"shipping-taxable","23":"purchasable","24":"product-type-variable","25":"has-default-attributes"},"acf":[],"_links":{"self":[{"href":"https:\/\/whitelip.com\/tr\/wp-json\/wp\/v2\/product\/10795","targetHints":{"allow":["GET"]}}],"collection":[{"href":"https:\/\/whitelip.com\/tr\/wp-json\/wp\/v2\/product"}],"about":[{"href":"https:\/\/whitelip.com\/tr\/wp-json\/wp\/v2\/types\/product"}],"replies":[{"embeddable":true,"href":"https:\/\/whitelip.com\/tr\/wp-json\/wp\/v2\/comments?post=10795"}],"wp:featuredmedia":[{"embeddable":true,"href":"https:\/\/whitelip.com\/tr\/wp-json\/wp\/v2\/media\/10796"}],"wp:attachment":[{"href":"https:\/\/whitelip.com\/tr\/wp-json\/wp\/v2\/media?parent=10795"}],"wp:term":[{"taxonomy":"product_brand","embeddable":true,"href":"https:\/\/whitelip.com\/tr\/wp-json\/wp\/v2\/product_brand?post=10795"},{"taxonomy":"product_cat","embeddable":true,"href":"https:\/\/whitelip.com\/tr\/wp-json\/wp\/v2\/product_cat?post=10795"},{"taxonomy":"product_tag","embeddable":true,"href":"https:\/\/whitelip.com\/tr\/wp-json\/wp\/v2\/product_tag?post=10795"},{"taxonomy":"flavours","embeddable":true,"href":"https:\/\/whitelip.com\/tr\/wp-json\/wp\/v2\/flavours?post=10795"},{"taxonomy":"format","embeddable":true,"href":"https:\/\/whitelip.com\/tr\/wp-json\/wp\/v2\/format?post=10795"},{"taxonomy":"nicotine","embeddable":true,"href":"https:\/\/whitelip.com\/tr\/wp-json\/wp\/v2\/nicotine?post=10795"}],"curies":[{"name":"wp","href":"https:\/\/api.w.org\/{rel}","templated":true}]}}