{"id":10780,"date":"2025-06-24T10:38:11","date_gmt":"2025-06-24T10:38:11","guid":{"rendered":"https:\/\/whitelip.com\/apres-blueberry\/"},"modified":"2026-05-06T10:11:25","modified_gmt":"2026-05-06T10:11:25","slug":"apres-blueberry","status":"publish","type":"product","link":"https:\/\/whitelip.com\/tr\/apres\/apres-blueberry\/","title":{"rendered":"APR\u00c8S Mirtille"},"content":{"rendered":"<h2><b>APR\u00c8S Mirtille<\/b><\/h2>\n<p><span style=\"font-weight: 400;\">APR\u00c8S Blueberry nikotin pou\u00e7lar\u0131 yumu\u015fak ve sulu yaban mersini lezzetiyle, her pou\u00e7ta taze yaban mersinlerinin do\u011fal tatl\u0131l\u0131\u011f\u0131n\u0131 yakalar. D\u00fczg\u00fcn, dengeli ve hafif ek\u015fi, bu tat g\u00fcnl\u00fck kullan\u0131m i\u00e7in tatmin edici ve kolay yakla\u015f\u0131labilir bir se\u00e7enek sunar. Her ince, tamamen beyaz pou\u00e7 nazik fakat tutarl\u0131 bir sal\u0131n\u0131m arayan ki\u015filer i\u00e7in ideal olan 4.4 mg nikotin i\u00e7erir. APR\u00c8S Nicotine AB taraf\u0131ndan \u00fcretilen bu t\u00fct\u00fcns\u00fcz pou\u00e7lar, yenilik\u00e7i tat tasar\u0131m\u0131n\u0131 \u0130sve\u00e7 kalitesi ve gizlili\u011fi ile birle\u015ftirir.<\/span><\/p>\n<table>\n<tbody>\n<tr>\n<td><b>Attribute<\/b><\/td>\n<td><b>Ayr\u0131nt\u0131lar<\/b><\/td>\n<\/tr>\n<tr>\n<td><b>10g (20 po\u015fet)<\/b><\/td>\n<td><span style=\"font-weight: 400;\">11g (20 po\u015fet)<\/span><\/td>\n<\/tr>\n<tr>\n<td><b>Nikotin i\u00e7eri\u011fi<\/b><\/td>\n<td><span style=\"font-weight: 400;\">8 mg\/g (pou\u00e7 ba\u015f\u0131na 4.4 mg)<\/span><\/td>\n<\/tr>\n<tr>\n<td><b>Po\u015fet format\u0131<\/b><\/td>\n<td><span style=\"font-weight: 400;\">\u0130nce<\/span><\/td>\n<\/tr>\n<tr>\n<td><b>\u00dcretici<\/b><\/td>\n<td><span style=\"font-weight: 400;\">APR\u00c8S Nicotine AB<\/span><\/td>\n<\/tr>\n<tr>\n<td><b>Aroma<\/b><\/td>\n<td><span style=\"font-weight: 400;\">Mirtil<\/span><\/td>\n<\/tr>\n<tr>\n<td><b>T\u00fcr<\/b><\/td>\n<td><span style=\"font-weight: 400;\">Tamamen beyaz po\u015fet<\/span><\/td>\n<\/tr>\n<\/tbody>\n<\/table>","protected":false},"excerpt":{"rendered":"<p>Yumu\u015fak, sulu <strong data-start=\"12\" data-end=\"25\">mirtil<\/strong> g\u00fcnl\u00fck kolay bir tat i\u00e7in nazik bir ek\u015filik ile. <strong data-start=\"77\" data-end=\"96\">tamamen beyaz po\u015fetler duda\u011f\u0131n alt\u0131nda gizli ve rahat bir \u015fekilde oturur, leke olmadan istedi\u011finiz zaman kullan\u0131labilir. Her po\u015fet i\u00e7erir <\/strong>Tamamen beyaz pou\u00e7lar dudak alt\u0131nda ayr\u0131k ve rahat bir \u015fekilde oturur, her zaman temiz kullan\u0131m i\u00e7in. Her pou\u00e7 i\u00e7erir <strong data-start=\"193\" data-end=\"212\">4.4 mg nikotin<\/strong>, APR\u00c8S Nicotine AB taraf\u0131ndan hafif, tutarl\u0131 bir sal\u0131n\u0131m sunarak.<\/p>","protected":false},"featured_media":10781,"comment_status":"open","ping_status":"closed","template":"","format":[205],"meta":{"_acf_changed":false},"product_brand":[],"product_cat":[41],"product_tag":[16549],"flavours":[196],"nicotine":[230,236],"class_list":{"0":"post-10780","1":"product","2":"type-product","3":"status-publish","4":"has-post-thumbnail","6":"product_cat-apres","7":"product_tag-4-4-mg-pouch","8":"pa_quantity-1-pack","9":"pa_quantity-10-pack","10":"pa_quantity-3-pack","11":"pa_quantity-30-pack","12":"pa_quantity-5-pack","13":"pa_quantity-60-pack","14":"flavours-fruits-berries","15":"format-mini","16":"nicotine-8-mg-g","17":"nicotine-strong","19":"first","20":"outofstock","21":"taxable","22":"shipping-taxable","23":"purchasable","24":"product-type-variable","25":"has-default-attributes"},"acf":[],"_links":{"self":[{"href":"https:\/\/whitelip.com\/tr\/wp-json\/wp\/v2\/product\/10780","targetHints":{"allow":["GET"]}}],"collection":[{"href":"https:\/\/whitelip.com\/tr\/wp-json\/wp\/v2\/product"}],"about":[{"href":"https:\/\/whitelip.com\/tr\/wp-json\/wp\/v2\/types\/product"}],"replies":[{"embeddable":true,"href":"https:\/\/whitelip.com\/tr\/wp-json\/wp\/v2\/comments?post=10780"}],"wp:featuredmedia":[{"embeddable":true,"href":"https:\/\/whitelip.com\/tr\/wp-json\/wp\/v2\/media\/10781"}],"wp:attachment":[{"href":"https:\/\/whitelip.com\/tr\/wp-json\/wp\/v2\/media?parent=10780"}],"wp:term":[{"taxonomy":"product_brand","embeddable":true,"href":"https:\/\/whitelip.com\/tr\/wp-json\/wp\/v2\/product_brand?post=10780"},{"taxonomy":"product_cat","embeddable":true,"href":"https:\/\/whitelip.com\/tr\/wp-json\/wp\/v2\/product_cat?post=10780"},{"taxonomy":"product_tag","embeddable":true,"href":"https:\/\/whitelip.com\/tr\/wp-json\/wp\/v2\/product_tag?post=10780"},{"taxonomy":"flavours","embeddable":true,"href":"https:\/\/whitelip.com\/tr\/wp-json\/wp\/v2\/flavours?post=10780"},{"taxonomy":"format","embeddable":true,"href":"https:\/\/whitelip.com\/tr\/wp-json\/wp\/v2\/format?post=10780"},{"taxonomy":"nicotine","embeddable":true,"href":"https:\/\/whitelip.com\/tr\/wp-json\/wp\/v2\/nicotine?post=10780"}],"curies":[{"name":"wp","href":"https:\/\/api.w.org\/{rel}","templated":true}]}}