{"id":10760,"date":"2025-06-23T10:40:16","date_gmt":"2025-06-23T10:40:16","guid":{"rendered":"https:\/\/whitelip.com\/pablo-gold-edition-grape-ice\/"},"modified":"2026-05-09T10:11:12","modified_gmt":"2026-05-09T10:11:12","slug":"pablo-gold-edition-grape-ice","status":"publish","type":"product","link":"https:\/\/whitelip.com\/tr\/pablo\/pablo-gold-edition-grape-ice\/","title":{"rendered":"PABLO Gold Edition \u00dcz\u00fcm Buz"},"content":{"rendered":"<h2><strong>PABLO Gold Edition \u00dcz\u00fcm Buz<\/strong><\/h2>\n<p class=\"\" data-start=\"100\" data-end=\"587\">PABLO Gold Edition Grape Ice nikotin po\u015fetleri olgun \u00fcz\u00fcmlerin cesur tad\u0131n\u0131 keskin, buzlu mentol fini\u015fiyle birle\u015ftirmektedir. Bu yo\u011fun kombinasyon, her po\u015fetle \u00f6ne \u00e7\u0131kan serinletici ancak meyveli bir deneyim yaratmaktad\u0131r. Po\u015fet ba\u015f\u0131na ultra-g\u00fc\u00e7l\u00fc 17 mg nikotinle, bu se\u00e7enek maksimum g\u00fc\u00e7 ve tat arayan deneyimli kullan\u0131c\u0131lar i\u00e7in tasarlanm\u0131\u015ft\u0131r. \u0130nce, t\u00fct\u00fcns\u00fcz format kullan\u0131m s\u0131ras\u0131nda gizlilik, konfor ve temiz bir his sa\u011flamaktad\u0131r.<\/p>\n<table>\n<tbody>\n<tr>\n<td><b>Attribute<\/b><\/td>\n<td><b>Ayr\u0131nt\u0131lar<\/b><\/td>\n<\/tr>\n<tr>\n<td><b>10g (20 po\u015fet)<\/b><\/td>\n<td><span style=\"font-weight: 400;\">15g (20 po\u015fet)<\/span><\/td>\n<\/tr>\n<tr>\n<td><b>Nikotin i\u00e7eri\u011fi<\/b><\/td>\n<td><span style=\"font-weight: 400;\">28 mg\/g (po\u015fet ba\u015f\u0131na 17 mg)<\/span><\/td>\n<\/tr>\n<tr>\n<td><b>Po\u015fet format\u0131<\/b><\/td>\n<td><span style=\"font-weight: 400;\">\u0130nce<\/span><\/td>\n<\/tr>\n<tr>\n<td><b>\u00dcretici<\/b><\/td>\n<td><span style=\"font-weight: 400;\">N.G.P Empire<\/span><\/td>\n<\/tr>\n<tr>\n<td><b>Aroma<\/b><\/td>\n<td><span style=\"font-weight: 400;\">\u00dcz\u00fcm ve Nane<\/span><\/td>\n<\/tr>\n<tr>\n<td><b>T\u00fcr<\/b><\/td>\n<td><span style=\"font-weight: 400;\">T\u00fcm beyaz po\u015fet, t\u00fct\u00fcns\u00fcz<\/span><\/td>\n<\/tr>\n<\/tbody>\n<\/table>","protected":false},"excerpt":{"rendered":"<p>PABLO Gold Edition Grape Ice nikotin po\u015fetleri cesur, meyveli <strong data-start=\"69\" data-end=\"82\">Grape Ice<\/strong> tatla keskin, buzlu bir finish sunmaktad\u0131r. <strong data-start=\"116\" data-end=\"124\">\u0130nce<\/strong>, t\u00fct\u00fcns\u00fcz format gizli, rahat kullan\u0131m ve temiz bir his i\u00e7in. Her po\u015fet i\u00e7erir <strong data-start=\"214\" data-end=\"232\">17 mg nikotin<\/strong>.<\/p>","protected":false},"featured_media":10761,"comment_status":"open","ping_status":"closed","template":"","format":[206],"meta":{"_acf_changed":false},"product_brand":[],"product_cat":[44],"product_tag":[16996],"flavours":[196],"nicotine":[220,232],"class_list":{"0":"post-10760","1":"product","2":"type-product","3":"status-publish","4":"has-post-thumbnail","6":"product_cat-pablo","7":"product_tag-17-mg-pouch","8":"pa_quantity-1-pack","9":"pa_quantity-10-pack","10":"pa_quantity-3-pack","11":"pa_quantity-30-pack","12":"pa_quantity-5-pack","13":"pa_quantity-60-pack","14":"flavours-fruits-berries","15":"format-slim","16":"nicotine-28-mg-g","17":"nicotine-extra-strong","19":"first","20":"instock","21":"taxable","22":"shipping-taxable","23":"purchasable","24":"product-type-variable","25":"has-default-attributes"},"acf":[],"_links":{"self":[{"href":"https:\/\/whitelip.com\/tr\/wp-json\/wp\/v2\/product\/10760","targetHints":{"allow":["GET"]}}],"collection":[{"href":"https:\/\/whitelip.com\/tr\/wp-json\/wp\/v2\/product"}],"about":[{"href":"https:\/\/whitelip.com\/tr\/wp-json\/wp\/v2\/types\/product"}],"replies":[{"embeddable":true,"href":"https:\/\/whitelip.com\/tr\/wp-json\/wp\/v2\/comments?post=10760"}],"wp:featuredmedia":[{"embeddable":true,"href":"https:\/\/whitelip.com\/tr\/wp-json\/wp\/v2\/media\/10761"}],"wp:attachment":[{"href":"https:\/\/whitelip.com\/tr\/wp-json\/wp\/v2\/media?parent=10760"}],"wp:term":[{"taxonomy":"product_brand","embeddable":true,"href":"https:\/\/whitelip.com\/tr\/wp-json\/wp\/v2\/product_brand?post=10760"},{"taxonomy":"product_cat","embeddable":true,"href":"https:\/\/whitelip.com\/tr\/wp-json\/wp\/v2\/product_cat?post=10760"},{"taxonomy":"product_tag","embeddable":true,"href":"https:\/\/whitelip.com\/tr\/wp-json\/wp\/v2\/product_tag?post=10760"},{"taxonomy":"flavours","embeddable":true,"href":"https:\/\/whitelip.com\/tr\/wp-json\/wp\/v2\/flavours?post=10760"},{"taxonomy":"format","embeddable":true,"href":"https:\/\/whitelip.com\/tr\/wp-json\/wp\/v2\/format?post=10760"},{"taxonomy":"nicotine","embeddable":true,"href":"https:\/\/whitelip.com\/tr\/wp-json\/wp\/v2\/nicotine?post=10760"}],"curies":[{"name":"wp","href":"https:\/\/api.w.org\/{rel}","templated":true}]}}