{"id":10755,"date":"2025-06-23T10:40:16","date_gmt":"2025-06-23T10:40:16","guid":{"rendered":"https:\/\/whitelip.com\/pablo-gold-edition-white-mint\/"},"modified":"2026-04-11T10:30:34","modified_gmt":"2026-04-11T10:30:34","slug":"pablo-gold-edition-white-mint","status":"publish","type":"product","link":"https:\/\/whitelip.com\/tr\/pablo\/pablo-gold-edition-white-mint\/","title":{"rendered":"PABLO Gold Edition Beyaz Nane"},"content":{"rendered":"<h2><strong>PABLO Gold Edition Beyaz Nane<\/strong><\/h2>\n<p class=\"\" data-start=\"100\" data-end=\"587\">PABLO Gold Edition White Mint nikotin po\u015fetleri temiz ve buzlu bir mentol tat\u0131 sunmakta keskin, serinletici bir etki ile. Deneyimli kullan\u0131c\u0131lar i\u00e7in tasarlanm\u0131\u015f, her po\u015fet piyasadaki en g\u00fc\u00e7l\u00fc se\u00e7eneklerden biri olan g\u00fc\u00e7l\u00fc 17 mg nikotin i\u00e7ermektedir. \u0130nce, tamamen beyaz format dudak alt\u0131nda gizli ve rahat bir oturu\u015f sa\u011flayarak cesur ve serinletici bir t\u00fct\u00fcns\u00fcz deneyim sunmaktad\u0131r.<\/p>\n<table>\n<tbody>\n<tr>\n<td><b>Attribute<\/b><\/td>\n<td><b>Ayr\u0131nt\u0131lar<\/b><\/td>\n<\/tr>\n<tr>\n<td><b>10g (20 po\u015fet)<\/b><\/td>\n<td><span style=\"font-weight: 400;\">15g (20 po\u015fet)<\/span><\/td>\n<\/tr>\n<tr>\n<td><b>Nikotin i\u00e7eri\u011fi<\/b><\/td>\n<td><span style=\"font-weight: 400;\">28 mg\/g (po\u015fet ba\u015f\u0131na 17 mg)<\/span><\/td>\n<\/tr>\n<tr>\n<td><b>Po\u015fet format\u0131<\/b><\/td>\n<td><span style=\"font-weight: 400;\">\u0130nce<\/span><\/td>\n<\/tr>\n<tr>\n<td><b>\u00dcretici<\/b><\/td>\n<td><span style=\"font-weight: 400;\">N.G.P Empire<\/span><\/td>\n<\/tr>\n<tr>\n<td><b>Aroma<\/b><\/td>\n<td><span style=\"font-weight: 400;\">Beyaz Nane<\/span><\/td>\n<\/tr>\n<tr>\n<td><b>T\u00fcr<\/b><\/td>\n<td><span style=\"font-weight: 400;\">T\u00fcm beyaz po\u015fet, t\u00fct\u00fcns\u00fcz<\/span><\/td>\n<\/tr>\n<\/tbody>\n<\/table>","protected":false},"excerpt":{"rendered":"<p>PABLO Gold Edition White Mint nikotin po\u015fetleri temiz, buzlu <strong data-start=\"68\" data-end=\"82\">Beyaz Nane<\/strong> tatla keskin, serinletici bir etki sunmaktad\u0131r. <strong data-start=\"120\" data-end=\"128\">\u0130nce<\/strong>, tamamen beyaz format dudak alt\u0131nda gizli, rahat bir oturu\u015f i\u00e7in. Her po\u015fet i\u00e7erir <strong data-start=\"214\" data-end=\"232\">17 mg nikotin<\/strong>. Cesur, serinletici bir t\u00fct\u00fcns\u00fcz deneyim arayan deneyimli kullan\u0131c\u0131lar i\u00e7in tasarlanm\u0131\u015ft\u0131r.<\/p>","protected":false},"featured_media":10756,"comment_status":"open","ping_status":"closed","template":"","format":[206],"meta":{"_acf_changed":false},"product_brand":[],"product_cat":[44],"product_tag":[16996],"flavours":[199],"nicotine":[220,232],"class_list":{"0":"post-10755","1":"product","2":"type-product","3":"status-publish","4":"has-post-thumbnail","6":"product_cat-pablo","7":"product_tag-17-mg-pouch","8":"pa_quantity-1-pack","9":"pa_quantity-10-pack","10":"pa_quantity-3-pack","11":"pa_quantity-30-pack","12":"pa_quantity-5-pack","13":"pa_quantity-60-pack","14":"flavours-mint","15":"format-slim","16":"nicotine-28-mg-g","17":"nicotine-extra-strong","19":"first","20":"instock","21":"taxable","22":"shipping-taxable","23":"purchasable","24":"product-type-variable","25":"has-default-attributes"},"acf":[],"_links":{"self":[{"href":"https:\/\/whitelip.com\/tr\/wp-json\/wp\/v2\/product\/10755","targetHints":{"allow":["GET"]}}],"collection":[{"href":"https:\/\/whitelip.com\/tr\/wp-json\/wp\/v2\/product"}],"about":[{"href":"https:\/\/whitelip.com\/tr\/wp-json\/wp\/v2\/types\/product"}],"replies":[{"embeddable":true,"href":"https:\/\/whitelip.com\/tr\/wp-json\/wp\/v2\/comments?post=10755"}],"wp:featuredmedia":[{"embeddable":true,"href":"https:\/\/whitelip.com\/tr\/wp-json\/wp\/v2\/media\/10756"}],"wp:attachment":[{"href":"https:\/\/whitelip.com\/tr\/wp-json\/wp\/v2\/media?parent=10755"}],"wp:term":[{"taxonomy":"product_brand","embeddable":true,"href":"https:\/\/whitelip.com\/tr\/wp-json\/wp\/v2\/product_brand?post=10755"},{"taxonomy":"product_cat","embeddable":true,"href":"https:\/\/whitelip.com\/tr\/wp-json\/wp\/v2\/product_cat?post=10755"},{"taxonomy":"product_tag","embeddable":true,"href":"https:\/\/whitelip.com\/tr\/wp-json\/wp\/v2\/product_tag?post=10755"},{"taxonomy":"flavours","embeddable":true,"href":"https:\/\/whitelip.com\/tr\/wp-json\/wp\/v2\/flavours?post=10755"},{"taxonomy":"format","embeddable":true,"href":"https:\/\/whitelip.com\/tr\/wp-json\/wp\/v2\/format?post=10755"},{"taxonomy":"nicotine","embeddable":true,"href":"https:\/\/whitelip.com\/tr\/wp-json\/wp\/v2\/nicotine?post=10755"}],"curies":[{"name":"wp","href":"https:\/\/api.w.org\/{rel}","templated":true}]}}