{"id":10735,"date":"2025-06-23T10:40:18","date_gmt":"2025-06-23T10:40:18","guid":{"rendered":"https:\/\/whitelip.com\/pablo-gold-edition-frosted-ice\/"},"modified":"2026-05-09T10:11:12","modified_gmt":"2026-05-09T10:11:12","slug":"pablo-gold-edition-frosted-ice","status":"publish","type":"product","link":"https:\/\/whitelip.com\/tr\/pablo\/pablo-gold-edition-frosted-ice\/","title":{"rendered":"PABLO Gold Edition Buzlu Buz"},"content":{"rendered":"<h2><strong>PABLO Gold Edition Buzlu Buz<\/strong><\/h2>\n<p class=\"\" data-start=\"100\" data-end=\"587\">PABLO Gold Edition Frosted Ice nikotin po\u015fetleri keskin \u015fekilde so\u011fuk ve ultra-ferahlat\u0131c\u0131 bir mentol sansasyonu sunmakta, yo\u011fun nikotinle e\u015fle\u015ftirilmi\u015f keskin tat\u0131 seven deneyimli kullan\u0131c\u0131lar i\u00e7in tasarlanm\u0131\u015ft\u0131r. Buzlu kar\u0131\u015f\u0131m h\u0131zl\u0131 bir \u015fekilde vurmakta ve serinletici bir aftertaste ile uzun s\u00fcrmektedir, her po\u015feti enerji veren bir deneyim haline getirmektedir. 28 mg\/g (po\u015fet ba\u015f\u0131na 17 mg) ile, bu g\u00fc\u00e7l\u00fc ve t\u00fct\u00fcns\u00fcz se\u00e7enek ciddi etki arayan ve temiz, gizli kullan\u0131m isteyen ki\u015filer i\u00e7in m\u00fckemmeldir.<\/p>\n<table>\n<tbody>\n<tr>\n<td><b>Attribute<\/b><\/td>\n<td><b>Ayr\u0131nt\u0131lar<\/b><\/td>\n<\/tr>\n<tr>\n<td><b>10g (20 po\u015fet)<\/b><\/td>\n<td><span style=\"font-weight: 400;\">15g (20 po\u015fet)<\/span><\/td>\n<\/tr>\n<tr>\n<td><b>Nikotin i\u00e7eri\u011fi<\/b><\/td>\n<td><span style=\"font-weight: 400;\">28 mg\/g (po\u015fet ba\u015f\u0131na 17 mg)<\/span><\/td>\n<\/tr>\n<tr>\n<td><b>Po\u015fet format\u0131<\/b><\/td>\n<td><span style=\"font-weight: 400;\">\u0130nce<\/span><\/td>\n<\/tr>\n<tr>\n<td><b>\u00dcretici<\/b><\/td>\n<td><span style=\"font-weight: 400;\">N.G.P Empire<\/span><\/td>\n<\/tr>\n<tr>\n<td><b>Aroma<\/b><\/td>\n<td><span style=\"font-weight: 400;\">Buzlu Nane (Yo\u011fun Serinlik)<\/span><\/td>\n<\/tr>\n<tr>\n<td><b>T\u00fcr<\/b><\/td>\n<td><span style=\"font-weight: 400;\">T\u00fcm beyaz po\u015fet, t\u00fct\u00fcns\u00fcz<\/span><\/td>\n<\/tr>\n<\/tbody>\n<\/table>","protected":false},"excerpt":{"rendered":"<p>PABLO Gold Edition Frosted Ice nikotin po\u015fetleri keskin, so\u011fuk <strong data-start=\"74\" data-end=\"89\">Donmu\u015f Buz<\/strong> mentol sunmakta ve keskin, uzun s\u00fcren serinlik vermektedir. <strong data-start=\"126\" data-end=\"134\">\u0130nce<\/strong>, t\u00fct\u00fcns\u00fcz po\u015fetler gizli, temiz kullan\u0131m ve h\u0131zl\u0131 etki i\u00e7in. Her po\u015fet i\u00e7erir <strong data-start=\"218\" data-end=\"236\">17 mg nikotin<\/strong> (28 mg\/g), yo\u011fun tat ve g\u00fc\u00e7 arayan deneyimli kullan\u0131c\u0131lar i\u00e7in yap\u0131lm\u0131\u015ft\u0131r.<\/p>","protected":false},"featured_media":10736,"comment_status":"open","ping_status":"closed","template":"","format":[206],"meta":{"_acf_changed":false},"product_brand":[],"product_cat":[44],"product_tag":[16996],"flavours":[199],"nicotine":[220,232],"class_list":{"0":"post-10735","1":"product","2":"type-product","3":"status-publish","4":"has-post-thumbnail","6":"product_cat-pablo","7":"product_tag-17-mg-pouch","8":"pa_quantity-1-pack","9":"pa_quantity-10-pack","10":"pa_quantity-3-pack","11":"pa_quantity-30-pack","12":"pa_quantity-5-pack","13":"pa_quantity-60-pack","14":"flavours-mint","15":"format-slim","16":"nicotine-28-mg-g","17":"nicotine-extra-strong","19":"first","20":"outofstock","21":"taxable","22":"shipping-taxable","23":"purchasable","24":"product-type-variable","25":"has-default-attributes"},"acf":[],"_links":{"self":[{"href":"https:\/\/whitelip.com\/tr\/wp-json\/wp\/v2\/product\/10735","targetHints":{"allow":["GET"]}}],"collection":[{"href":"https:\/\/whitelip.com\/tr\/wp-json\/wp\/v2\/product"}],"about":[{"href":"https:\/\/whitelip.com\/tr\/wp-json\/wp\/v2\/types\/product"}],"replies":[{"embeddable":true,"href":"https:\/\/whitelip.com\/tr\/wp-json\/wp\/v2\/comments?post=10735"}],"wp:featuredmedia":[{"embeddable":true,"href":"https:\/\/whitelip.com\/tr\/wp-json\/wp\/v2\/media\/10736"}],"wp:attachment":[{"href":"https:\/\/whitelip.com\/tr\/wp-json\/wp\/v2\/media?parent=10735"}],"wp:term":[{"taxonomy":"product_brand","embeddable":true,"href":"https:\/\/whitelip.com\/tr\/wp-json\/wp\/v2\/product_brand?post=10735"},{"taxonomy":"product_cat","embeddable":true,"href":"https:\/\/whitelip.com\/tr\/wp-json\/wp\/v2\/product_cat?post=10735"},{"taxonomy":"product_tag","embeddable":true,"href":"https:\/\/whitelip.com\/tr\/wp-json\/wp\/v2\/product_tag?post=10735"},{"taxonomy":"flavours","embeddable":true,"href":"https:\/\/whitelip.com\/tr\/wp-json\/wp\/v2\/flavours?post=10735"},{"taxonomy":"format","embeddable":true,"href":"https:\/\/whitelip.com\/tr\/wp-json\/wp\/v2\/format?post=10735"},{"taxonomy":"nicotine","embeddable":true,"href":"https:\/\/whitelip.com\/tr\/wp-json\/wp\/v2\/nicotine?post=10735"}],"curies":[{"name":"wp","href":"https:\/\/api.w.org\/{rel}","templated":true}]}}