{"id":10725,"date":"2025-06-23T10:40:18","date_gmt":"2025-06-23T10:40:18","guid":{"rendered":"https:\/\/whitelip.com\/pablo-gold-edition-tropical-punch\/"},"modified":"2026-05-09T10:11:12","modified_gmt":"2026-05-09T10:11:12","slug":"pablo-gold-edition-tropical-punch","status":"publish","type":"product","link":"https:\/\/whitelip.com\/tr\/pablo\/pablo-gold-edition-tropical-punch\/","title":{"rendered":"PABLO Gold Edition Tropik Punch"},"content":{"rendered":"<h2><strong>PABLO Gold Edition Tropik Punch<\/strong><\/h2>\n<p class=\"\" data-start=\"100\" data-end=\"587\">PABLO Gold Edition Tropical Punch nikotin po\u015fetleri tropikal meyve tatlar\u0131n\u0131n canl\u0131 kar\u0131\u015f\u0131m\u0131yla\u2014meyveli mango, ananas ve tutku meyvesini d\u00fc\u015f\u00fcn\u00fcn\u2014serinletici bir chill ile kar\u0131\u015ft\u0131r\u0131lm\u0131\u015f olarak patlamaktad\u0131r. 28 mg\/g (po\u015fet ba\u015f\u0131na 17 mg) g\u00fc\u00e7l\u00fc nikotin vuru\u015fu ile dolu, bu po\u015fet cesur tat ve ciddi yo\u011funlu\u011fun tad\u0131n\u0131 \u00e7\u0131karan deneyimli kullan\u0131c\u0131lar i\u00e7in yap\u0131lm\u0131\u015ft\u0131r. \u0130nce ve gizli olan PABLO Tropical Punch, bir temiz, t\u00fct\u00fcns\u00fcz po\u015fette egzotik tat\u0131 ve g\u00fcc\u00fc bir arada sunmaktad\u0131r.<\/p>\n<table>\n<tbody>\n<tr>\n<td><b>Attribute<\/b><\/td>\n<td><b>Ayr\u0131nt\u0131lar<\/b><\/td>\n<\/tr>\n<tr>\n<td><b>10g (20 po\u015fet)<\/b><\/td>\n<td><span style=\"font-weight: 400;\">15g (20 po\u015fet)<\/span><\/td>\n<\/tr>\n<tr>\n<td><b>Nikotin i\u00e7eri\u011fi<\/b><\/td>\n<td><span style=\"font-weight: 400;\">28 mg\/g (po\u015fet ba\u015f\u0131na 17 mg)<\/span><\/td>\n<\/tr>\n<tr>\n<td><b>Po\u015fet format\u0131<\/b><\/td>\n<td><span style=\"font-weight: 400;\">\u0130nce<\/span><\/td>\n<\/tr>\n<tr>\n<td><b>\u00dcretici<\/b><\/td>\n<td><span style=\"font-weight: 400;\">N.G.P Empire<\/span><\/td>\n<\/tr>\n<tr>\n<td><b>Aroma<\/b><\/td>\n<td><span style=\"font-weight: 400;\">Tropical Punch (Mango, Ananas, Tutku Meyvesi)<\/span><\/td>\n<\/tr>\n<tr>\n<td><b>T\u00fcr<\/b><\/td>\n<td><span style=\"font-weight: 400;\">T\u00fcm beyaz po\u015fet, t\u00fct\u00fcns\u00fcz<\/span><\/td>\n<\/tr>\n<\/tbody>\n<\/table>","protected":false},"excerpt":{"rendered":"<p>PABLO Gold Edition Tropical Punch nikotin po\u015fetleri canl\u0131 Tropical Punch tat\u0131yla serinletici bir chill sunmaktad\u0131r. \u0130nce, gizli ve t\u00fct\u00fcns\u00fcz, deneyimli kullan\u0131c\u0131lara uygun temiz, g\u00fc\u00e7l\u00fc kullan\u0131m i\u00e7in. Her po\u015fet 17 mg nikotin i\u00e7erir (28 mg\/g).<\/p>","protected":false},"featured_media":10726,"comment_status":"open","ping_status":"closed","template":"","format":[206],"meta":{"_acf_changed":false},"product_brand":[],"product_cat":[44],"product_tag":[16996],"flavours":[196],"nicotine":[220,232],"class_list":{"0":"post-10725","1":"product","2":"type-product","3":"status-publish","4":"has-post-thumbnail","6":"product_cat-pablo","7":"product_tag-17-mg-pouch","8":"pa_quantity-1-pack","9":"pa_quantity-10-pack","10":"pa_quantity-3-pack","11":"pa_quantity-30-pack","12":"pa_quantity-5-pack","13":"pa_quantity-60-pack","14":"flavours-fruits-berries","15":"format-slim","16":"nicotine-28-mg-g","17":"nicotine-extra-strong","19":"first","20":"instock","21":"taxable","22":"shipping-taxable","23":"purchasable","24":"product-type-variable","25":"has-default-attributes"},"acf":[],"_links":{"self":[{"href":"https:\/\/whitelip.com\/tr\/wp-json\/wp\/v2\/product\/10725","targetHints":{"allow":["GET"]}}],"collection":[{"href":"https:\/\/whitelip.com\/tr\/wp-json\/wp\/v2\/product"}],"about":[{"href":"https:\/\/whitelip.com\/tr\/wp-json\/wp\/v2\/types\/product"}],"replies":[{"embeddable":true,"href":"https:\/\/whitelip.com\/tr\/wp-json\/wp\/v2\/comments?post=10725"}],"wp:featuredmedia":[{"embeddable":true,"href":"https:\/\/whitelip.com\/tr\/wp-json\/wp\/v2\/media\/10726"}],"wp:attachment":[{"href":"https:\/\/whitelip.com\/tr\/wp-json\/wp\/v2\/media?parent=10725"}],"wp:term":[{"taxonomy":"product_brand","embeddable":true,"href":"https:\/\/whitelip.com\/tr\/wp-json\/wp\/v2\/product_brand?post=10725"},{"taxonomy":"product_cat","embeddable":true,"href":"https:\/\/whitelip.com\/tr\/wp-json\/wp\/v2\/product_cat?post=10725"},{"taxonomy":"product_tag","embeddable":true,"href":"https:\/\/whitelip.com\/tr\/wp-json\/wp\/v2\/product_tag?post=10725"},{"taxonomy":"flavours","embeddable":true,"href":"https:\/\/whitelip.com\/tr\/wp-json\/wp\/v2\/flavours?post=10725"},{"taxonomy":"format","embeddable":true,"href":"https:\/\/whitelip.com\/tr\/wp-json\/wp\/v2\/format?post=10725"},{"taxonomy":"nicotine","embeddable":true,"href":"https:\/\/whitelip.com\/tr\/wp-json\/wp\/v2\/nicotine?post=10725"}],"curies":[{"name":"wp","href":"https:\/\/api.w.org\/{rel}","templated":true}]}}