{"id":10705,"date":"2025-06-11T12:32:02","date_gmt":"2025-06-11T12:32:02","guid":{"rendered":"https:\/\/whitelip.com\/denssi-mango-freeze-16mg\/"},"modified":"2026-05-09T10:11:12","modified_gmt":"2026-05-09T10:11:12","slug":"denssi-mango-freeze-16mg","status":"publish","type":"product","link":"https:\/\/whitelip.com\/tr\/denssi\/denssi-mango-freeze-16mg\/","title":{"rendered":"DENSSI Mango Freeze 16mg"},"content":{"rendered":"<h2><strong>DENSSI Mango Freeze 16mg<\/strong><\/h2>\n<p><span style=\"font-weight: 400;\">DENSSI Mango Freeze 16mg, olgun mango aromas\u0131n\u0131n icy mentol biti\u015fi ile e\u015fle\u015ftirilmi\u015f tropikal bir etki sunar. Her ince, t\u00fct\u00fcns\u00fcz po\u015fet 11,2 mg nikotin i\u00e7ererek meyveli tatl\u0131l\u0131\u011f\u0131 g\u00fc\u00e7l\u00fc serinletici duyumla dengeleyen g\u00fc\u00e7l\u00fc ve ferahlat\u0131c\u0131 bir deneyim sunar.<\/span><\/p>\n<p><span style=\"font-weight: 400;\">Cesur tat ve yo\u011fun g\u00fc\u00e7 arayan kullan\u0131c\u0131lar i\u00e7in m\u00fckemmel olan bu t\u00fcm beyaz po\u015fetler gizli kullan\u0131m ve duda\u011f\u0131n alt\u0131na rahat uyum i\u00e7in tasarlanm\u0131\u015ft\u0131r. T\u00fct\u00fcns\u00fcz ve lekelenmez olan DENSSI Mango Freeze 16mg, nereye giderseniz gidin temiz, enerji verici bir tropikal chill patlamas\u0131 getirir.<\/span><\/p>\n<table>\n<tbody>\n<tr>\n<td><b>Attribute<\/b><\/td>\n<td><b>Ayr\u0131nt\u0131lar<\/b><\/td>\n<\/tr>\n<tr>\n<td><span style=\"font-weight: 400;\">Kutu Ba\u015f\u0131na \u0130\u00e7erik<\/span><\/td>\n<td><span style=\"font-weight: 400;\">Nikotin i\u00e7eri\u011fi<\/span><\/td>\n<\/tr>\n<tr>\n<td><span style=\"font-weight: 400;\">Nikotin \u0130\u00e7eri\u011fi<\/span><\/td>\n<td><span style=\"font-weight: 400;\">16 mg\/g (po\u015fet ba\u015f\u0131na 11,2 mg)<\/span><\/td>\n<\/tr>\n<tr>\n<td><span style=\"font-weight: 400;\">Po\u015fet Format\u0131<\/span><\/td>\n<td><span style=\"font-weight: 400;\">\u0130nce<\/span><\/td>\n<\/tr>\n<tr>\n<td><span style=\"font-weight: 400;\">\u00dcretici<\/span><\/td>\n<td><span style=\"font-weight: 400;\">DENSSI<\/span><\/td>\n<\/tr>\n<tr>\n<td><span style=\"font-weight: 400;\">Aroma<\/span><\/td>\n<td><span style=\"font-weight: 400;\">Mango &amp; Nane<\/span><\/td>\n<\/tr>\n<tr>\n<td><span style=\"font-weight: 400;\">T\u00fcr<\/span><\/td>\n<td><span style=\"font-weight: 400;\">T\u00fcm beyaz po\u015fet, t\u00fct\u00fcns\u00fcz<\/span><\/td>\n<\/tr>\n<\/tbody>\n<\/table>","protected":false},"excerpt":{"rendered":"<p>Tropical <strong data-start=\"9\" data-end=\"35\">mango &amp; nane<\/strong> tatl\u0131, ferahlat\u0131c\u0131 bir etki i\u00e7in. <strong data-start=\"71\" data-end=\"93\">tamamen beyaz po\u015fetler duda\u011f\u0131n alt\u0131nda gizli ve rahat bir \u015fekilde oturur, leke olmadan istedi\u011finiz zaman kullan\u0131labilir. Her po\u015fet i\u00e7erir <\/strong>T\u00fct\u00fcns\u00fcz po\u015fetler duda\u011f\u0131n alt\u0131nda gizli bir \u015fekilde oturarak temiz, rahat bir his sa\u011flar. Her po\u015fet i\u00e7inde <strong data-start=\"182\" data-end=\"212\">11,2 mg nikotin bulunur<\/strong>, meyveli dengeyle g\u00fc\u00e7l\u00fc, serinletici bir deneyim sa\u011flar.<\/p>","protected":false},"featured_media":10706,"comment_status":"open","ping_status":"closed","template":"","format":[206],"meta":{"_acf_changed":false},"product_brand":[],"product_cat":[115],"product_tag":[16577],"flavours":[196,199],"nicotine":[213,232],"class_list":{"0":"post-10705","1":"product","2":"type-product","3":"status-publish","4":"has-post-thumbnail","6":"product_cat-denssi","7":"product_tag-11-2-mg-pouch","8":"pa_quantity-1-pack","9":"pa_quantity-10-pack","10":"pa_quantity-3-pack","11":"pa_quantity-30-pack","12":"pa_quantity-5-pack","13":"pa_quantity-60-pack","14":"flavours-fruits-berries","15":"flavours-mint","16":"format-slim","17":"nicotine-16-mg-g","18":"nicotine-extra-strong","20":"first","21":"instock","22":"taxable","23":"shipping-taxable","24":"purchasable","25":"product-type-variable","26":"has-default-attributes"},"acf":[],"_links":{"self":[{"href":"https:\/\/whitelip.com\/tr\/wp-json\/wp\/v2\/product\/10705","targetHints":{"allow":["GET"]}}],"collection":[{"href":"https:\/\/whitelip.com\/tr\/wp-json\/wp\/v2\/product"}],"about":[{"href":"https:\/\/whitelip.com\/tr\/wp-json\/wp\/v2\/types\/product"}],"replies":[{"embeddable":true,"href":"https:\/\/whitelip.com\/tr\/wp-json\/wp\/v2\/comments?post=10705"}],"wp:featuredmedia":[{"embeddable":true,"href":"https:\/\/whitelip.com\/tr\/wp-json\/wp\/v2\/media\/10706"}],"wp:attachment":[{"href":"https:\/\/whitelip.com\/tr\/wp-json\/wp\/v2\/media?parent=10705"}],"wp:term":[{"taxonomy":"product_brand","embeddable":true,"href":"https:\/\/whitelip.com\/tr\/wp-json\/wp\/v2\/product_brand?post=10705"},{"taxonomy":"product_cat","embeddable":true,"href":"https:\/\/whitelip.com\/tr\/wp-json\/wp\/v2\/product_cat?post=10705"},{"taxonomy":"product_tag","embeddable":true,"href":"https:\/\/whitelip.com\/tr\/wp-json\/wp\/v2\/product_tag?post=10705"},{"taxonomy":"flavours","embeddable":true,"href":"https:\/\/whitelip.com\/tr\/wp-json\/wp\/v2\/flavours?post=10705"},{"taxonomy":"format","embeddable":true,"href":"https:\/\/whitelip.com\/tr\/wp-json\/wp\/v2\/format?post=10705"},{"taxonomy":"nicotine","embeddable":true,"href":"https:\/\/whitelip.com\/tr\/wp-json\/wp\/v2\/nicotine?post=10705"}],"curies":[{"name":"wp","href":"https:\/\/api.w.org\/{rel}","templated":true}]}}