{"id":10680,"date":"2025-06-11T12:32:03","date_gmt":"2025-06-11T12:32:03","guid":{"rendered":"https:\/\/whitelip.com\/denssi-spearmint-16mg\/"},"modified":"2026-04-07T14:34:39","modified_gmt":"2026-04-07T14:34:39","slug":"denssi-spearmint-16mg","status":"publish","type":"product","link":"https:\/\/whitelip.com\/tr\/denssi\/denssi-spearmint-16mg\/","title":{"rendered":"DENSSI Spearmint 16mg"},"content":{"rendered":"<h2><strong>DENSSI Spearmint 16mg<\/strong><\/h2>\n<p><span style=\"font-weight: 400;\">DENSSI Spearmint 16mg nikotin po\u015fetleri, biraz tatl\u0131 ve bitki aromas\u0131 ile d\u00fczg\u00fcn ve ferahlat\u0131c\u0131 spearmint \u00fcn\u00fc sunur. Temiz ve so\u011futmal\u0131 bir mentol sensasyonundan ho\u015flananlara y\u00f6nelik tasarlanm\u0131\u015f, her po\u015fet 11.2 mg nikotin i\u00e7erir; g\u00fc\u00e7l\u00fc ve tatmin edici bir vuru\u015f sunarak. \u0130nce, tutun i\u00e7ermeyen format, di\u015fleri lekelemeden ayr\u0131k kullan\u0131m sa\u011flar; minty tazeli\u011fi ve sa\u011flam kuvveti arayan deneyimli kullan\u0131c\u0131lar i\u00e7in g\u00fcvenilir bir g\u00fcnl\u00fck arkada\u015f.<\/span><\/p>\n<table>\n<tbody>\n<tr>\n<td><b>Attribute<\/b><\/td>\n<td><b>Ayr\u0131nt\u0131lar<\/b><\/td>\n<\/tr>\n<tr>\n<td><span style=\"font-weight: 400;\">Kutu Ba\u015f\u0131na \u0130\u00e7erik<\/span><\/td>\n<td><span style=\"font-weight: 400;\">Nikotin i\u00e7eri\u011fi<\/span><\/td>\n<\/tr>\n<tr>\n<td><span style=\"font-weight: 400;\">Nikotin \u0130\u00e7eri\u011fi<\/span><\/td>\n<td><span style=\"font-weight: 400;\">16 mg\/g (po\u015fet ba\u015f\u0131na 11,2 mg)<\/span><\/td>\n<\/tr>\n<tr>\n<td><span style=\"font-weight: 400;\">Po\u015fet Format\u0131<\/span><\/td>\n<td><span style=\"font-weight: 400;\">\u0130nce<\/span><\/td>\n<\/tr>\n<tr>\n<td><span style=\"font-weight: 400;\">\u00dcretici<\/span><\/td>\n<td><span style=\"font-weight: 400;\">DENSSI<\/span><\/td>\n<\/tr>\n<tr>\n<td><span style=\"font-weight: 400;\">Aroma<\/span><\/td>\n<td><span style=\"font-weight: 400;\">Nane<\/span><\/td>\n<\/tr>\n<tr>\n<td><span style=\"font-weight: 400;\">T\u00fcr<\/span><\/td>\n<td><span style=\"font-weight: 400;\">T\u00fcm beyaz po\u015fet, t\u00fct\u00fcns\u00fcz<\/span><\/td>\n<\/tr>\n<\/tbody>\n<\/table>","protected":false},"excerpt":{"rendered":"<p>P\u00fcr\u00fczs\u00fcz, ferahlat\u0131c\u0131 <strong data-start=\"19\" data-end=\"32\">nane<\/strong> tatl\u0131 bitki aromas\u0131 b\u00fck\u00fclmesi i\u00e7in temiz, serinletici bir tat. The <strong data-start=\"91\" data-end=\"113\">tamamen beyaz po\u015fetler duda\u011f\u0131n alt\u0131nda gizli ve rahat bir \u015fekilde oturur, leke olmadan istedi\u011finiz zaman kullan\u0131labilir. Her po\u015fet i\u00e7erir <\/strong>tutun i\u00e7ermeyen po\u015fetler dudak alt\u0131nda ayr\u0131k bir \u015fekilde oturarak rahat, leke i\u00e7ermeyen deneyim. Her po\u015fet i\u00e7erir <strong data-start=\"213\" data-end=\"243\">11,2 mg nikotin bulunur<\/strong>, deneyimli kullan\u0131c\u0131lar i\u00e7in g\u00fc\u00e7l\u00fc, tatmin edici bir vuru\u015f sunarak.<\/p>","protected":false},"featured_media":10681,"comment_status":"open","ping_status":"closed","template":"","format":[206],"meta":{"_acf_changed":false},"product_brand":[],"product_cat":[115],"product_tag":[16577],"flavours":[199],"nicotine":[213,232],"class_list":{"0":"post-10680","1":"product","2":"type-product","3":"status-publish","4":"has-post-thumbnail","6":"product_cat-denssi","7":"product_tag-11-2-mg-pouch","8":"pa_quantity-1-pack","9":"pa_quantity-10-pack","10":"pa_quantity-3-pack","11":"pa_quantity-30-pack","12":"pa_quantity-5-pack","13":"pa_quantity-60-pack","14":"flavours-mint","15":"format-slim","16":"nicotine-16-mg-g","17":"nicotine-extra-strong","19":"first","20":"instock","21":"taxable","22":"shipping-taxable","23":"purchasable","24":"product-type-variable"},"acf":[],"_links":{"self":[{"href":"https:\/\/whitelip.com\/tr\/wp-json\/wp\/v2\/product\/10680","targetHints":{"allow":["GET"]}}],"collection":[{"href":"https:\/\/whitelip.com\/tr\/wp-json\/wp\/v2\/product"}],"about":[{"href":"https:\/\/whitelip.com\/tr\/wp-json\/wp\/v2\/types\/product"}],"replies":[{"embeddable":true,"href":"https:\/\/whitelip.com\/tr\/wp-json\/wp\/v2\/comments?post=10680"}],"wp:featuredmedia":[{"embeddable":true,"href":"https:\/\/whitelip.com\/tr\/wp-json\/wp\/v2\/media\/10681"}],"wp:attachment":[{"href":"https:\/\/whitelip.com\/tr\/wp-json\/wp\/v2\/media?parent=10680"}],"wp:term":[{"taxonomy":"product_brand","embeddable":true,"href":"https:\/\/whitelip.com\/tr\/wp-json\/wp\/v2\/product_brand?post=10680"},{"taxonomy":"product_cat","embeddable":true,"href":"https:\/\/whitelip.com\/tr\/wp-json\/wp\/v2\/product_cat?post=10680"},{"taxonomy":"product_tag","embeddable":true,"href":"https:\/\/whitelip.com\/tr\/wp-json\/wp\/v2\/product_tag?post=10680"},{"taxonomy":"flavours","embeddable":true,"href":"https:\/\/whitelip.com\/tr\/wp-json\/wp\/v2\/flavours?post=10680"},{"taxonomy":"format","embeddable":true,"href":"https:\/\/whitelip.com\/tr\/wp-json\/wp\/v2\/format?post=10680"},{"taxonomy":"nicotine","embeddable":true,"href":"https:\/\/whitelip.com\/tr\/wp-json\/wp\/v2\/nicotine?post=10680"}],"curies":[{"name":"wp","href":"https:\/\/api.w.org\/{rel}","templated":true}]}}