{"id":10675,"date":"2025-06-11T12:32:03","date_gmt":"2025-06-11T12:32:03","guid":{"rendered":"https:\/\/whitelip.com\/denssi-cold-mint-8mg\/"},"modified":"2026-05-11T11:17:04","modified_gmt":"2026-05-11T11:17:04","slug":"denssi-cold-mint-8mg","status":"publish","type":"product","link":"https:\/\/whitelip.com\/tr\/denssi\/denssi-cold-mint-8mg\/","title":{"rendered":"DENSSI Cold Mint 8mg"},"content":{"rendered":"<h2><strong>DENSSI Cold Mint 8mg<\/strong><\/h2>\n<p><span style=\"font-weight: 400;\">DENSSI Cold Mint 8mg nikotin po\u015fetleri, her kullan\u0131mda serinleyen keskin ve icy nane duyumu sunar. Nane sevenler i\u00e7in m\u00fckemmel olan bu po\u015fet, temiz, uyar\u0131c\u0131 bir nikotin deneyimi sa\u011flayan saf ve cool mentol aromas\u0131 sunar. Po\u015fet ba\u015f\u0131na 5,6 mg nikotin ile normal ve ge\u00e7i\u015f d\u00f6nemindeki kullan\u0131c\u0131lar i\u00e7in uygun olan dengeli bir g\u00fc\u00e7 sa\u011flar. \u0130nce, t\u00fcm beyaz format g\u00fcn boyunca gizli, lekesiz bir kullan\u0131m sa\u011flar.<\/span><\/p>\n<table>\n<tbody>\n<tr>\n<td><b>Attribute<\/b><\/td>\n<td><b>Ayr\u0131nt\u0131lar<\/b><\/td>\n<\/tr>\n<tr>\n<td><span style=\"font-weight: 400;\">Kutu Ba\u015f\u0131na \u0130\u00e7erik<\/span><\/td>\n<td><span style=\"font-weight: 400;\">Nikotin i\u00e7eri\u011fi<\/span><\/td>\n<\/tr>\n<tr>\n<td><span style=\"font-weight: 400;\">Nikotin \u0130\u00e7eri\u011fi<\/span><\/td>\n<td><span style=\"font-weight: 400;\">8 mg\/g (po\u015fet ba\u015f\u0131na 5,6 mg)<\/span><\/td>\n<\/tr>\n<tr>\n<td><span style=\"font-weight: 400;\">Po\u015fet Format\u0131<\/span><\/td>\n<td><span style=\"font-weight: 400;\">\u0130nce<\/span><\/td>\n<\/tr>\n<tr>\n<td><span style=\"font-weight: 400;\">\u00dcretici<\/span><\/td>\n<td><span style=\"font-weight: 400;\">DENSSI<\/span><\/td>\n<\/tr>\n<tr>\n<td><span style=\"font-weight: 400;\">Aroma<\/span><\/td>\n<td><span style=\"font-weight: 400;\">Cold Mint<\/span><\/td>\n<\/tr>\n<tr>\n<td><span style=\"font-weight: 400;\">T\u00fcr<\/span><\/td>\n<td><span style=\"font-weight: 400;\">T\u00fcm beyaz po\u015fet, t\u00fct\u00fcns\u00fcz<\/span><\/td>\n<\/tr>\n<\/tbody>\n<\/table>","protected":false},"excerpt":{"rendered":"<p>Keskin, icy <strong data-start=\"11\" data-end=\"31\">nane<\/strong>\u00a0saf, ferahlat\u0131c\u0131 bir duyum i\u00e7in. <strong data-start=\"70\" data-end=\"89\">tamamen beyaz po\u015fetler duda\u011f\u0131n alt\u0131nda gizli ve rahat bir \u015fekilde oturur, leke olmadan istedi\u011finiz zaman kullan\u0131labilir. Her po\u015fet i\u00e7erir <\/strong>T\u00fcm beyaz po\u015fetler duda\u011f\u0131n alt\u0131nda gizli bir \u015fekilde oturarak temiz, lekesiz bir deneyim sa\u011flar. Her po\u015fet i\u00e7inde <strong data-start=\"183\" data-end=\"212\">5,6 mg nikotin bulunur<\/strong>, normal ve ge\u00e7i\u015f d\u00f6nemindeki kullan\u0131c\u0131lar i\u00e7in ideal olan dengeli bir g\u00fc\u00e7 sunar.<\/p>","protected":false},"featured_media":10676,"comment_status":"open","ping_status":"closed","template":"","format":[206],"meta":{"_acf_changed":false},"product_brand":[],"product_cat":[115],"product_tag":[16575],"flavours":[199],"nicotine":[230,236],"class_list":{"0":"post-10675","1":"product","2":"type-product","3":"status-publish","4":"has-post-thumbnail","6":"product_cat-denssi","7":"product_tag-5-6-mg-pouch","8":"pa_quantity-1-pack","9":"pa_quantity-10-pack","10":"pa_quantity-3-pack","11":"pa_quantity-30-pack","12":"pa_quantity-5-pack","13":"pa_quantity-60-pack","14":"flavours-mint","15":"format-slim","16":"nicotine-8-mg-g","17":"nicotine-strong","19":"first","20":"outofstock","21":"taxable","22":"shipping-taxable","23":"purchasable","24":"product-type-variable","25":"has-default-attributes"},"acf":[],"_links":{"self":[{"href":"https:\/\/whitelip.com\/tr\/wp-json\/wp\/v2\/product\/10675","targetHints":{"allow":["GET"]}}],"collection":[{"href":"https:\/\/whitelip.com\/tr\/wp-json\/wp\/v2\/product"}],"about":[{"href":"https:\/\/whitelip.com\/tr\/wp-json\/wp\/v2\/types\/product"}],"replies":[{"embeddable":true,"href":"https:\/\/whitelip.com\/tr\/wp-json\/wp\/v2\/comments?post=10675"}],"wp:featuredmedia":[{"embeddable":true,"href":"https:\/\/whitelip.com\/tr\/wp-json\/wp\/v2\/media\/10676"}],"wp:attachment":[{"href":"https:\/\/whitelip.com\/tr\/wp-json\/wp\/v2\/media?parent=10675"}],"wp:term":[{"taxonomy":"product_brand","embeddable":true,"href":"https:\/\/whitelip.com\/tr\/wp-json\/wp\/v2\/product_brand?post=10675"},{"taxonomy":"product_cat","embeddable":true,"href":"https:\/\/whitelip.com\/tr\/wp-json\/wp\/v2\/product_cat?post=10675"},{"taxonomy":"product_tag","embeddable":true,"href":"https:\/\/whitelip.com\/tr\/wp-json\/wp\/v2\/product_tag?post=10675"},{"taxonomy":"flavours","embeddable":true,"href":"https:\/\/whitelip.com\/tr\/wp-json\/wp\/v2\/flavours?post=10675"},{"taxonomy":"format","embeddable":true,"href":"https:\/\/whitelip.com\/tr\/wp-json\/wp\/v2\/format?post=10675"},{"taxonomy":"nicotine","embeddable":true,"href":"https:\/\/whitelip.com\/tr\/wp-json\/wp\/v2\/nicotine?post=10675"}],"curies":[{"name":"wp","href":"https:\/\/api.w.org\/{rel}","templated":true}]}}