{"id":10650,"date":"2025-06-11T12:32:05","date_gmt":"2025-06-11T12:32:05","guid":{"rendered":"https:\/\/whitelip.com\/denssi-strawberry-freeze-8mg\/"},"modified":"2026-05-09T10:11:11","modified_gmt":"2026-05-09T10:11:11","slug":"denssi-strawberry-freeze-8mg","status":"publish","type":"product","link":"https:\/\/whitelip.com\/tr\/denssi\/denssi-strawberry-freeze-8mg\/","title":{"rendered":"DENSSI Strawberry Freeze 8mg"},"content":{"rendered":"<h2><strong>DENSSI Strawberry Freeze 8mg<\/strong><\/h2>\n<p><span style=\"font-weight: 400;\">DENSSI Strawberry Freeze 8mg nikotin po\u015fetleri, olgun \u00e7ileklerin tatl\u0131, sulanm\u0131\u015f tad\u0131n\u0131 ferahlat\u0131c\u0131 buzlu nane sensasyonu ile birle\u015ftirir. Sonu\u00e7, meyvesel-so\u011fuk bir deneyim; her po\u015fette tat ve tazelik sunar. \u0130nce, t\u00fcm beyaz formatta tasarlanm\u0131\u015f, bu po\u015fetler ayr\u0131k ve rahat kullan\u0131m sunurken di\u015flerinize nazik. Po\u015fet ba\u015f\u0131na 5.6 mg nikotin ile, so\u011fuk kenarla lezzetli kar\u0131\u015f\u0131mlardan ho\u015flananlara uygun bir dengeli vuru\u015f sunuyorlar.<\/span><\/p>\n<table>\n<tbody>\n<tr>\n<td><b>Attribute<\/b><\/td>\n<td><b>Ayr\u0131nt\u0131lar<\/b><\/td>\n<\/tr>\n<tr>\n<td><span style=\"font-weight: 400;\">Kutu Ba\u015f\u0131na \u0130\u00e7erik<\/span><\/td>\n<td><span style=\"font-weight: 400;\">Nikotin i\u00e7eri\u011fi<\/span><\/td>\n<\/tr>\n<tr>\n<td><span style=\"font-weight: 400;\">Nikotin \u0130\u00e7eri\u011fi<\/span><\/td>\n<td><span style=\"font-weight: 400;\">8 mg\/g (po\u015fet ba\u015f\u0131na 5,6 mg)<\/span><\/td>\n<\/tr>\n<tr>\n<td><span style=\"font-weight: 400;\">Po\u015fet Format\u0131<\/span><\/td>\n<td><span style=\"font-weight: 400;\">\u0130nce<\/span><\/td>\n<\/tr>\n<tr>\n<td><span style=\"font-weight: 400;\">\u00dcretici<\/span><\/td>\n<td><span style=\"font-weight: 400;\">DENSSI<\/span><\/td>\n<\/tr>\n<tr>\n<td><span style=\"font-weight: 400;\">Aroma<\/span><\/td>\n<td><span style=\"font-weight: 400;\">\u00c7ilek ve So\u011futmal\u0131 Nane<\/span><\/td>\n<\/tr>\n<tr>\n<td><span style=\"font-weight: 400;\">T\u00fcr<\/span><\/td>\n<td><span style=\"font-weight: 400;\">T\u00fcm beyaz po\u015fet, t\u00fct\u00fcns\u00fcz<\/span><\/td>\n<\/tr>\n<\/tbody>\n<\/table>","protected":false},"excerpt":{"rendered":"<p>Tatl\u0131, sulu <strong data-start=\"13\" data-end=\"41\">\u00e7ilek ve nane<\/strong> meyvesel-so\u011fuk, ferahlat\u0131c\u0131 bir tekme i\u00e7in. The <strong data-start=\"81\" data-end=\"100\">tamamen beyaz po\u015fetler duda\u011f\u0131n alt\u0131nda gizli ve rahat bir \u015fekilde oturur, leke olmadan istedi\u011finiz zaman kullan\u0131labilir. Her po\u015fet i\u00e7erir <\/strong>t\u00fcm beyaz po\u015fetler dudak alt\u0131nda ayr\u0131k bir \u015fekilde oturarak rahat, di\u015f dostu kullan\u0131m. Her po\u015fet i\u00e7erir <strong data-start=\"195\" data-end=\"224\">5,6 mg nikotin bulunur<\/strong>, d\u00fczenli kullan\u0131c\u0131lar i\u00e7in dengeli, lezzetli deneyim sunarak.<\/p>","protected":false},"featured_media":10651,"comment_status":"open","ping_status":"closed","template":"","format":[206],"meta":{"_acf_changed":false},"product_brand":[],"product_cat":[115],"product_tag":[16575],"flavours":[196,199],"nicotine":[230,236],"class_list":{"0":"post-10650","1":"product","2":"type-product","3":"status-publish","4":"has-post-thumbnail","6":"product_cat-denssi","7":"product_tag-5-6-mg-pouch","8":"pa_quantity-1-pack","9":"pa_quantity-10-pack","10":"pa_quantity-3-pack","11":"pa_quantity-30-pack","12":"pa_quantity-5-pack","13":"pa_quantity-60-pack","14":"flavours-fruits-berries","15":"flavours-mint","16":"format-slim","17":"nicotine-8-mg-g","18":"nicotine-strong","20":"first","21":"instock","22":"taxable","23":"shipping-taxable","24":"purchasable","25":"product-type-variable","26":"has-default-attributes"},"acf":[],"_links":{"self":[{"href":"https:\/\/whitelip.com\/tr\/wp-json\/wp\/v2\/product\/10650","targetHints":{"allow":["GET"]}}],"collection":[{"href":"https:\/\/whitelip.com\/tr\/wp-json\/wp\/v2\/product"}],"about":[{"href":"https:\/\/whitelip.com\/tr\/wp-json\/wp\/v2\/types\/product"}],"replies":[{"embeddable":true,"href":"https:\/\/whitelip.com\/tr\/wp-json\/wp\/v2\/comments?post=10650"}],"wp:featuredmedia":[{"embeddable":true,"href":"https:\/\/whitelip.com\/tr\/wp-json\/wp\/v2\/media\/10651"}],"wp:attachment":[{"href":"https:\/\/whitelip.com\/tr\/wp-json\/wp\/v2\/media?parent=10650"}],"wp:term":[{"taxonomy":"product_brand","embeddable":true,"href":"https:\/\/whitelip.com\/tr\/wp-json\/wp\/v2\/product_brand?post=10650"},{"taxonomy":"product_cat","embeddable":true,"href":"https:\/\/whitelip.com\/tr\/wp-json\/wp\/v2\/product_cat?post=10650"},{"taxonomy":"product_tag","embeddable":true,"href":"https:\/\/whitelip.com\/tr\/wp-json\/wp\/v2\/product_tag?post=10650"},{"taxonomy":"flavours","embeddable":true,"href":"https:\/\/whitelip.com\/tr\/wp-json\/wp\/v2\/flavours?post=10650"},{"taxonomy":"format","embeddable":true,"href":"https:\/\/whitelip.com\/tr\/wp-json\/wp\/v2\/format?post=10650"},{"taxonomy":"nicotine","embeddable":true,"href":"https:\/\/whitelip.com\/tr\/wp-json\/wp\/v2\/nicotine?post=10650"}],"curies":[{"name":"wp","href":"https:\/\/api.w.org\/{rel}","templated":true}]}}