{"id":10640,"date":"2025-06-09T10:24:13","date_gmt":"2025-06-09T10:24:13","guid":{"rendered":"https:\/\/whitelip.com\/zyn-cool-mint-slim-6mg\/"},"modified":"2026-04-13T17:44:33","modified_gmt":"2026-04-13T17:44:33","slug":"zyn-cool-mint-slim-6mg","status":"publish","type":"product","link":"https:\/\/whitelip.com\/tr\/zyn\/zyn-cool-mint-slim-6mg\/","title":{"rendered":"ZYN Cool Mint Slim 6mg"},"content":{"rendered":"<h2><strong>ZYN Cool Mint Slim 6mg<\/strong><\/h2>\n<p><span style=\"font-weight: 400;\">ZYN Cool Mint Slim 6mg sunar <\/span><b>keskin ve serinletici nane tat<\/b><span style=\"font-weight: 400;\">sunarak, g\u00fc\u00e7l\u00fc bir <\/span><b>so\u011futma etkisi<\/b><span style=\"font-weight: 400;\">ile canland\u0131r\u0131c\u0131 bir nikotin deneyimi sa\u011flayarak, temiz ve so\u011futucu bir tat seven ki\u015filer i\u00e7in m\u00fckemmel olan saf, buzlu nane profili sunmu\u015ftur. Her ince, tamamen beyaz po\u015fet i\u00e7erir <\/span><b>6 mg nikotin<\/b><span style=\"font-weight: 400;\">, g\u00fc\u00e7l\u00fc ve istikrarl\u0131 bir sal\u0131n\u0131m sa\u011flayarak daha rahat bir nikotin deneyimi arayan kullan\u0131c\u0131lar i\u00e7in uygun.<\/span><\/p>\n<p><span style=\"font-weight: 400;\">\u0130nce format, duda\u011f\u0131n alt\u0131nda ayr\u0131k ve konforlu bir uyum sa\u011flayarak her zaman ve her yerde temiz ve lekesiz kullan\u0131m\u0131 m\u00fcmk\u00fcn k\u0131lar. Tamamen t\u00fct\u00fcns\u00fczle\u015ftirilen ve y\u00fcksek kaliteli bitki bazl\u0131 malzemelerden \u00fcretilen ZYN Cool Mint Slim 11mg, cesur, serinletici nane sensasyonu ile modern ve tatmin edici bir nikotin alternatifi sunmu\u015ftur.<\/span><\/p>\n<table>\n<tbody>\n<tr>\n<td><b>Attribute<\/b><\/td>\n<td><b>Ayr\u0131nt\u0131lar<\/b><\/td>\n<\/tr>\n<tr>\n<td><b>Brand<\/b><\/td>\n<td><span style=\"font-weight: 400;\">ZYN<\/span><\/td>\n<\/tr>\n<tr>\n<td><b>\u00dcr\u00fcn T\u00fcr\u00fc<\/b><\/td>\n<td><span style=\"font-weight: 400;\">T\u00fcm Beyaz Nikotin Po\u015fetleri<\/span><\/td>\n<\/tr>\n<tr>\n<td><b>Format<\/b><\/td>\n<td><span style=\"font-weight: 400;\">\u0130nce<\/span><\/td>\n<\/tr>\n<tr>\n<td><b>Aroma<\/b><\/td>\n<td><span style=\"font-weight: 400;\">Cool Mint<\/span><\/td>\n<\/tr>\n<tr>\n<td><b>Nikotin G\u00fcc\u00fc<\/b><\/td>\n<td><span style=\"font-weight: 400;\">Po\u015fet ba\u015f\u0131na 6 mg<\/span><\/td>\n<\/tr>\n<tr>\n<td><b>K\u0131s\u0131m A\u011f\u0131rl\u0131\u011f\u0131<\/b><\/td>\n<td><span style=\"font-weight: 400;\">0,6 gram<\/span><\/td>\n<\/tr>\n<tr>\n<td><b>K\u0131s\u0131m Say\u0131s\u0131<\/b><\/td>\n<td><span style=\"font-weight: 400;\">Kutuda 21 adet<\/span><\/td>\n<\/tr>\n<tr>\n<td><b>Toplam Kutu A\u011f\u0131rl\u0131\u011f\u0131<\/b><\/td>\n<td><span style=\"font-weight: 400;\">12 gram<\/span><\/td>\n<\/tr>\n<tr>\n<td><b>\u00dcretici<\/b><\/td>\n<td><span style=\"font-weight: 400;\">Swedish Match<\/span><\/td>\n<\/tr>\n<tr>\n<td><b>Dikkate De\u011fer \u00d6zellikler<\/b><\/td>\n<td><span style=\"font-weight: 400;\">T\u00fct\u00fcn i\u00e7ermez, ince format, so\u011futma etkisine sahip g\u00fc\u00e7l\u00fc nane tat<\/span><\/td>\n<\/tr>\n<\/tbody>\n<\/table>","protected":false},"excerpt":{"rendered":"<p>ZYN <strong data-start=\"4\" data-end=\"17\">Cool Mint<\/strong> <strong data-start=\"18\" data-end=\"26\">ince<\/strong> keskin, serinletici nane ile g\u00fc\u00e7l\u00fc bir so\u011futma etkisini sunar temiz, canland\u0131r\u0131c\u0131 bir tat i\u00e7in. Her po\u015fet i\u00e7erir <strong data-start=\"141\" data-end=\"158\">6 mg nikotin<\/strong> istikrarl\u0131, rahat bir sal\u0131n\u0131m i\u00e7in.<\/p>","protected":false},"featured_media":10641,"comment_status":"open","ping_status":"closed","template":"","format":[206],"meta":{"_acf_changed":false},"product_brand":[],"product_cat":[37],"product_tag":[16559],"flavours":[199],"nicotine":[208,236],"class_list":{"0":"post-10640","1":"product","2":"type-product","3":"status-publish","4":"has-post-thumbnail","6":"product_cat-zyn","7":"product_tag-6-mg-pouch","8":"pa_quantity-1-pack","9":"pa_quantity-10-pack","10":"pa_quantity-3-pack","11":"pa_quantity-30-pack","12":"pa_quantity-5-pack","13":"pa_quantity-60-pack","14":"flavours-mint","15":"format-slim","16":"nicotine-11-mg-g","17":"nicotine-strong","19":"first","20":"outofstock","21":"purchasable","22":"product-type-variable","23":"has-default-attributes"},"acf":[],"_links":{"self":[{"href":"https:\/\/whitelip.com\/tr\/wp-json\/wp\/v2\/product\/10640","targetHints":{"allow":["GET"]}}],"collection":[{"href":"https:\/\/whitelip.com\/tr\/wp-json\/wp\/v2\/product"}],"about":[{"href":"https:\/\/whitelip.com\/tr\/wp-json\/wp\/v2\/types\/product"}],"replies":[{"embeddable":true,"href":"https:\/\/whitelip.com\/tr\/wp-json\/wp\/v2\/comments?post=10640"}],"wp:featuredmedia":[{"embeddable":true,"href":"https:\/\/whitelip.com\/tr\/wp-json\/wp\/v2\/media\/10641"}],"wp:attachment":[{"href":"https:\/\/whitelip.com\/tr\/wp-json\/wp\/v2\/media?parent=10640"}],"wp:term":[{"taxonomy":"product_brand","embeddable":true,"href":"https:\/\/whitelip.com\/tr\/wp-json\/wp\/v2\/product_brand?post=10640"},{"taxonomy":"product_cat","embeddable":true,"href":"https:\/\/whitelip.com\/tr\/wp-json\/wp\/v2\/product_cat?post=10640"},{"taxonomy":"product_tag","embeddable":true,"href":"https:\/\/whitelip.com\/tr\/wp-json\/wp\/v2\/product_tag?post=10640"},{"taxonomy":"flavours","embeddable":true,"href":"https:\/\/whitelip.com\/tr\/wp-json\/wp\/v2\/flavours?post=10640"},{"taxonomy":"format","embeddable":true,"href":"https:\/\/whitelip.com\/tr\/wp-json\/wp\/v2\/format?post=10640"},{"taxonomy":"nicotine","embeddable":true,"href":"https:\/\/whitelip.com\/tr\/wp-json\/wp\/v2\/nicotine?post=10640"}],"curies":[{"name":"wp","href":"https:\/\/api.w.org\/{rel}","templated":true}]}}