{"id":10635,"date":"2025-06-03T08:28:27","date_gmt":"2025-06-03T08:28:27","guid":{"rendered":"https:\/\/whitelip.com\/xqs-raspberry-blackcurrant-strong\/"},"modified":"2026-05-07T14:02:08","modified_gmt":"2026-05-07T14:02:08","slug":"xqs-raspberry-blackcurrant-strong","status":"publish","type":"product","link":"https:\/\/whitelip.com\/tr\/xqs\/xqs-raspberry-blackcurrant-strong\/","title":{"rendered":"XQS Ahududu Siyah Ku\u015f \u00dcz\u00fcm\u00fc G\u00fc\u00e7l\u00fc"},"content":{"rendered":"<h2><b>XQS Ahududu Siyah Ku\u015f \u00dcz\u00fcm\u00fc G\u00fc\u00e7l\u00fc<\/b><\/h2>\n<p><span style=\"font-weight: 400;\">XQS Raspberry Blackcurrant Strong, <\/span><b>tatl\u0131 ahududu ve zengin kara frenk \u00fcz\u00fcm\u00fcn\u00fcn canl\u0131 bir kar\u0131\u015f\u0131m\u0131<\/b><span style=\"font-weight: 400;\">, cesur meyveli bir nikotin deneyimi olu\u015fturur. Derin meyve profilleriyle suyu \u00e7\u0131k\u0131p keskin bir tat seven kullan\u0131c\u0131lar i\u00e7in m\u00fckemmel olan bu po\u015fet, iki sevilen aromay\u0131 tatmin edici ve aromatl\u0131 bir sensasyona d\u00f6n\u00fc\u015ft\u00fcr\u00fcr. Her ince, tamam\u0131 beyaz po\u015fet <\/span><b>10 mg nikotin<\/b><span style=\"font-weight: 400;\">, g\u00fcvenilir nikotin keyf\u0131 i\u00e7in g\u00fc\u00e7l\u00fc ve istikrarl\u0131 bir sal\u0131m sa\u011flar.<\/span><\/p>\n<p><span style=\"font-weight: 400;\">Konfor ve gizlilik i\u00e7in yap\u0131lan ince po\u015fet dudak alt\u0131nda d\u00fczg\u00fcn \u015fekilde s\u0131\u011far ve hi\u00e7 leke b\u0131rakmaz. Tamam\u0131 t\u00fct\u00fcns\u00fcz ve y\u00fcksek kaliteli bitki bazl\u0131 liflerden yap\u0131lan XQS Raspberry Blackcurrant Strong, g\u00fcvenilir nikotin g\u00fcc\u00fc ile birle\u015fen g\u00fc\u00e7l\u00fc meyve aromalar\u0131n\u0131 \u00f6zleyen kullan\u0131c\u0131lar i\u00e7in temiz, modern bir alternatif sunur.<\/span><\/p>\n<table>\n<tbody>\n<tr>\n<td><b>Attribute<\/b><\/td>\n<td><b>Ayr\u0131nt\u0131lar<\/b><\/td>\n<\/tr>\n<tr>\n<td><b>Brand<\/b><\/td>\n<td><span style=\"font-weight: 400;\">XQS<\/span><\/td>\n<\/tr>\n<tr>\n<td><b>\u00dcr\u00fcn T\u00fcr\u00fc<\/b><\/td>\n<td><span style=\"font-weight: 400;\">T\u00fcm Beyaz Nikotin Po\u015fetleri<\/span><\/td>\n<\/tr>\n<tr>\n<td><b>Format<\/b><\/td>\n<td><span style=\"font-weight: 400;\">\u0130nce<\/span><\/td>\n<\/tr>\n<tr>\n<td><b>Aroma<\/b><\/td>\n<td><span style=\"font-weight: 400;\">Ahududu ve Kara Frenk \u00dcz\u00fcm\u00fc<\/span><\/td>\n<\/tr>\n<tr>\n<td><b>Nikotin G\u00fcc\u00fc<\/b><\/td>\n<td><span style=\"font-weight: 400;\">Po\u015fet ba\u015f\u0131na 10 mg (13 mg\/g)<\/span><\/td>\n<\/tr>\n<tr>\n<td><b>K\u0131s\u0131m A\u011f\u0131rl\u0131\u011f\u0131<\/b><\/td>\n<td><span style=\"font-weight: 400;\">0,75 gram<\/span><\/td>\n<\/tr>\n<tr>\n<td><b>K\u0131s\u0131m Say\u0131s\u0131<\/b><\/td>\n<td><span style=\"font-weight: 400;\">kutu ba\u015f\u0131na 20<\/span><\/td>\n<\/tr>\n<tr>\n<td><b>Toplam Kutu A\u011f\u0131rl\u0131\u011f\u0131<\/b><\/td>\n<td><span style=\"font-weight: 400;\">15 gram<\/span><\/td>\n<\/tr>\n<tr>\n<td><b>\u00dcretici<\/b><\/td>\n<td><span style=\"font-weight: 400;\">XQS International<\/span><\/td>\n<\/tr>\n<tr>\n<td><b>Dikkate De\u011fer \u00d6zellikler<\/b><\/td>\n<td><span style=\"font-weight: 400;\">T\u00fct\u00fcns\u00fcz, ince format, ahududu ve kara frenk \u00fcz\u00fcm\u00fc aromas\u0131 g\u00fc\u00e7l\u00fc nikotin g\u00fcc\u00fcyle<\/span><\/td>\n<\/tr>\n<\/tbody>\n<\/table>","protected":false},"excerpt":{"rendered":"<p><span style=\"font-weight: 400;\">XQS Raspberry Blackcurrant Strong, <\/span>tatl\u0131 ahududu ve zengin<b> kara frenk \u00fcz\u00fcm\u00fcn\u00fcn <\/b>canl\u0131 bir kar\u0131\u015f\u0131m\u0131n\u0131<span style=\"font-weight: 400;\">sunar ve cesur meyveli bir nikotin deneyimi olu\u015fturur. Derin meyve profilleriyle suyu \u00e7\u0131k\u0131p keskin bir tat seven kullan\u0131c\u0131lar i\u00e7in m\u00fckemmel olan bu po\u015fet, iki sevilen aromay\u0131 tatmin edici ve aromatl\u0131 bir sensasyona d\u00f6n\u00fc\u015ft\u00fcr\u00fcr. Her <strong>ince<\/strong>, tamamen beyaz po\u015fet <\/span><b>10 mg nikotin<\/b><span style=\"font-weight: 400;\">, g\u00fcvenilir nikotin keyf\u0131 i\u00e7in g\u00fc\u00e7l\u00fc ve istikrarl\u0131 bir sal\u0131m sa\u011flar.<\/span><\/p>","protected":false},"featured_media":63921,"comment_status":"open","ping_status":"closed","template":"","format":[206],"meta":{"_acf_changed":false},"product_brand":[],"product_cat":[27],"product_tag":[16587],"flavours":[196],"nicotine":[213,232],"class_list":{"0":"post-10635","1":"product","2":"type-product","3":"status-publish","4":"has-post-thumbnail","6":"product_cat-xqs","7":"product_tag-10-mg-pouch","8":"pa_quantity-1-pack","9":"pa_quantity-10-pack","10":"pa_quantity-3-pack","11":"pa_quantity-30-pack","12":"pa_quantity-5-pack","13":"pa_quantity-60-pack","14":"flavours-fruits-berries","15":"format-slim","16":"nicotine-16-mg-g","17":"nicotine-extra-strong","19":"first","20":"instock","21":"taxable","22":"shipping-taxable","23":"purchasable","24":"product-type-variable","25":"has-default-attributes"},"acf":[],"_links":{"self":[{"href":"https:\/\/whitelip.com\/tr\/wp-json\/wp\/v2\/product\/10635","targetHints":{"allow":["GET"]}}],"collection":[{"href":"https:\/\/whitelip.com\/tr\/wp-json\/wp\/v2\/product"}],"about":[{"href":"https:\/\/whitelip.com\/tr\/wp-json\/wp\/v2\/types\/product"}],"replies":[{"embeddable":true,"href":"https:\/\/whitelip.com\/tr\/wp-json\/wp\/v2\/comments?post=10635"}],"wp:featuredmedia":[{"embeddable":true,"href":"https:\/\/whitelip.com\/tr\/wp-json\/wp\/v2\/media\/63921"}],"wp:attachment":[{"href":"https:\/\/whitelip.com\/tr\/wp-json\/wp\/v2\/media?parent=10635"}],"wp:term":[{"taxonomy":"product_brand","embeddable":true,"href":"https:\/\/whitelip.com\/tr\/wp-json\/wp\/v2\/product_brand?post=10635"},{"taxonomy":"product_cat","embeddable":true,"href":"https:\/\/whitelip.com\/tr\/wp-json\/wp\/v2\/product_cat?post=10635"},{"taxonomy":"product_tag","embeddable":true,"href":"https:\/\/whitelip.com\/tr\/wp-json\/wp\/v2\/product_tag?post=10635"},{"taxonomy":"flavours","embeddable":true,"href":"https:\/\/whitelip.com\/tr\/wp-json\/wp\/v2\/flavours?post=10635"},{"taxonomy":"format","embeddable":true,"href":"https:\/\/whitelip.com\/tr\/wp-json\/wp\/v2\/format?post=10635"},{"taxonomy":"nicotine","embeddable":true,"href":"https:\/\/whitelip.com\/tr\/wp-json\/wp\/v2\/nicotine?post=10635"}],"curies":[{"name":"wp","href":"https:\/\/api.w.org\/{rel}","templated":true}]}}