{"id":10620,"date":"2025-05-23T12:53:22","date_gmt":"2025-05-23T12:53:22","guid":{"rendered":"https:\/\/whitelip.com\/77-ghost-bubble-gum-mini\/"},"modified":"2026-04-17T03:33:31","modified_gmt":"2026-04-17T03:33:31","slug":"77-ghost-bubble-gum-mini","status":"publish","type":"product","link":"https:\/\/whitelip.com\/tr\/77\/77-ghost-bubble-gum-mini\/","title":{"rendered":"77 Ghost Bubble Gum Mini"},"content":{"rendered":"<h2><strong>77 Ghost Bubble Gum Mini<\/strong><\/h2>\n<p class=\"\" data-start=\"62\" data-end=\"607\">77 Ghost Bubble Gum Mini nikotin po\u015fetleri, yo\u011fun sak\u0131z ve ince tatl\u0131l\u0131\u011f\u0131n benzersiz kar\u0131\u015f\u0131m\u0131yla cesur ve g\u00fc\u00e7l\u00fc bir lezzet sunar. Her mini, tamamen beyaz po\u015fet 20 mg nikotin i\u00e7erir ve deneyimli kullan\u0131c\u0131lara \u00f6zel olarak uyarlanm\u0131\u015f g\u00fc\u00e7l\u00fc ve tatmin edici bir deneyim sa\u011flar. Ayr\u0131k tasar\u0131m, duda\u011f\u0131n alt\u0131nda rahat bir oturum sa\u011flar ve di\u015flerin rengini de\u011fi\u015ftirme riski olmadan kolay kullan\u0131m sa\u011flar. 77 Group taraf\u0131ndan \u00fcretilen bu t\u00fct\u00fcns\u00fcz po\u015fetler, y\u00fcksek kalite standartlar\u0131, yo\u011fun lezzet ve temiz, uygun bir deneyim sunmaktad\u0131r.<\/p>\n<table>\n<tbody>\n<tr>\n<td><b>Attribute<\/b><\/td>\n<td><b>Ayr\u0131nt\u0131lar<\/b><\/td>\n<\/tr>\n<tr>\n<td><b>10g (20 po\u015fet)<\/b><\/td>\n<td><span style=\"font-weight: 400;\">13g (24 po\u015fet)<\/span><\/td>\n<\/tr>\n<tr>\n<td><b>Nikotin i\u00e7eri\u011fi<\/b><\/td>\n<td><span style=\"font-weight: 400;\">40 mg\/g (po\u015fet ba\u015f\u0131na 20 mg)<\/span><\/td>\n<\/tr>\n<tr>\n<td><b>Po\u015fet format\u0131<\/b><\/td>\n<td><span style=\"font-weight: 400;\">Mini<\/span><\/td>\n<\/tr>\n<tr>\n<td><b>\u00dcretici<\/b><\/td>\n<td><span style=\"font-weight: 400;\">77 Grubu<\/span><\/td>\n<\/tr>\n<tr>\n<td><b>Aroma<\/b><\/td>\n<td><span style=\"font-weight: 400;\">Bubble Gum<\/span><\/td>\n<\/tr>\n<tr>\n<td><b>T\u00fcr<\/b><\/td>\n<td><span style=\"font-weight: 400;\">Tamamen beyaz po\u015fet<\/span><\/td>\n<\/tr>\n<\/tbody>\n<\/table>","protected":false},"excerpt":{"rendered":"<p>Yo\u011fun <strong>bubble gum<\/strong> tatl\u0131l\u0131k dokunu\u015fuyla cesur, nostaljik bir tada sahip. <strong>mini<\/strong>, tamamen beyaz po\u015fetler duda\u011f\u0131n alt\u0131nda ayr\u0131k ve rahat \u015fekilde oturur, temiz, lekesiz kullan\u0131m sa\u011flar. Her po\u015fet <strong data-start=\"252\" data-end=\"270\">20 mg nikotin<\/strong>, g\u00fc\u00e7l\u00fc bir etki isteyen deneyimli kullan\u0131c\u0131lara uygun.<\/p>","protected":false},"featured_media":10621,"comment_status":"open","ping_status":"closed","template":"","format":[205],"meta":{"_acf_changed":false},"product_brand":[],"product_cat":[23],"product_tag":[16545],"flavours":[185],"nicotine":[225,233],"class_list":{"0":"post-10620","1":"product","2":"type-product","3":"status-publish","4":"has-post-thumbnail","6":"product_cat-23","7":"product_tag-20-mg-pouch","8":"pa_quantity-1-pack","9":"pa_quantity-10-pack","10":"pa_quantity-3-pack","11":"pa_quantity-30-pack","12":"pa_quantity-5-pack","13":"pa_quantity-60-pack","14":"flavours-candy","15":"format-mini","16":"nicotine-40-mg-g","17":"nicotine-extreme","19":"first","20":"instock","21":"taxable","22":"shipping-taxable","23":"purchasable","24":"product-type-variable"},"acf":[],"_links":{"self":[{"href":"https:\/\/whitelip.com\/tr\/wp-json\/wp\/v2\/product\/10620","targetHints":{"allow":["GET"]}}],"collection":[{"href":"https:\/\/whitelip.com\/tr\/wp-json\/wp\/v2\/product"}],"about":[{"href":"https:\/\/whitelip.com\/tr\/wp-json\/wp\/v2\/types\/product"}],"replies":[{"embeddable":true,"href":"https:\/\/whitelip.com\/tr\/wp-json\/wp\/v2\/comments?post=10620"}],"wp:featuredmedia":[{"embeddable":true,"href":"https:\/\/whitelip.com\/tr\/wp-json\/wp\/v2\/media\/10621"}],"wp:attachment":[{"href":"https:\/\/whitelip.com\/tr\/wp-json\/wp\/v2\/media?parent=10620"}],"wp:term":[{"taxonomy":"product_brand","embeddable":true,"href":"https:\/\/whitelip.com\/tr\/wp-json\/wp\/v2\/product_brand?post=10620"},{"taxonomy":"product_cat","embeddable":true,"href":"https:\/\/whitelip.com\/tr\/wp-json\/wp\/v2\/product_cat?post=10620"},{"taxonomy":"product_tag","embeddable":true,"href":"https:\/\/whitelip.com\/tr\/wp-json\/wp\/v2\/product_tag?post=10620"},{"taxonomy":"flavours","embeddable":true,"href":"https:\/\/whitelip.com\/tr\/wp-json\/wp\/v2\/flavours?post=10620"},{"taxonomy":"format","embeddable":true,"href":"https:\/\/whitelip.com\/tr\/wp-json\/wp\/v2\/format?post=10620"},{"taxonomy":"nicotine","embeddable":true,"href":"https:\/\/whitelip.com\/tr\/wp-json\/wp\/v2\/nicotine?post=10620"}],"curies":[{"name":"wp","href":"https:\/\/api.w.org\/{rel}","templated":true}]}}