{"id":10600,"date":"2025-05-22T10:41:37","date_gmt":"2025-05-22T10:41:37","guid":{"rendered":"https:\/\/whitelip.com\/smogen-seabreeze-mint\/"},"modified":"2026-05-06T10:11:23","modified_gmt":"2026-05-06T10:11:23","slug":"smogen-seabreeze-mint","status":"publish","type":"product","link":"https:\/\/whitelip.com\/tr\/smogen\/smogen-seabreeze-mint\/","title":{"rendered":"SM\u00d6GEN Seabreeze Mint"},"content":{"rendered":"<h2><b>SM\u00d6GEN Seabreeze Mint<\/b><\/h2>\n<p><span style=\"font-weight: 400;\">SM\u00d6GEN Seabreeze Mint nikotin po\u015fetleri, g\u00fcne\u015fli bir yaz g\u00fcn\u00fcnde sahil k\u00f6y\u00fcn\u00fc r\u00fczgar\u0131n\u0131n keskin, ferahlat\u0131c\u0131 hissini yakalar. \u0130sve\u00e7'in bat\u0131 k\u0131y\u0131s\u0131nda al\u0131\u015f\u0131lan bir r\u00fczgar olan \"sj\u00f6bris\"ten ilham alan bu aroma, temiz, hava ak\u0131\u015fl\u0131 tazelikle keskin bir nane profili sunar. Her ince, beyaz po\u015fet 8 mg nikotin i\u00e7erir ve dengeli, canland\u0131r\u0131c\u0131 bir deneyim arayan d\u00fczenli kullan\u0131c\u0131lar i\u00e7in uygundur. Gizli format dudak alt\u0131nda rahat bir uyum sa\u011flar, di\u015fleri lekelemeden g\u00fcn boyunca kullan\u0131m i\u00e7in ideal. \u0130sve\u00e7'te tasarlanan SM\u00d6GEN, denizcilik karakteri ve yaz canl\u0131l\u0131\u011f\u0131nda k\u00f6kl\u00fc t\u00fct\u00fcns\u00fcz bir po\u015fet sunar.<\/span><\/p>\n<table>\n<tbody>\n<tr>\n<td><b>Attribute<\/b><\/td>\n<td><b>Ayr\u0131nt\u0131lar<\/b><\/td>\n<\/tr>\n<tr>\n<td><b>10g (20 po\u015fet)<\/b><\/td>\n<td><span style=\"font-weight: 400;\">12g (20 po\u015fet)<\/span><\/td>\n<\/tr>\n<tr>\n<td><b>Nikotin i\u00e7eri\u011fi<\/b><\/td>\n<td><span style=\"font-weight: 400;\">13mg\/g (po\u015fet ba\u015f\u0131na 8 mg)<\/span><\/td>\n<\/tr>\n<tr>\n<td><b>Po\u015fet format\u0131<\/b><\/td>\n<td><span style=\"font-weight: 400;\">\u0130nce<\/span><\/td>\n<\/tr>\n<tr>\n<td><b>\u00dcretici<\/b><\/td>\n<td><span style=\"font-weight: 400;\">SM\u00d6GEN<\/span><\/td>\n<\/tr>\n<tr>\n<td><b>Aroma<\/b><\/td>\n<td><span style=\"font-weight: 400;\">Nane (Seabreeze-ilham)<\/span><\/td>\n<\/tr>\n<tr>\n<td><b>T\u00fcr<\/b><\/td>\n<td><span style=\"font-weight: 400;\">Tamamen beyaz po\u015fet<\/span><\/td>\n<\/tr>\n<\/tbody>\n<\/table>","protected":false},"excerpt":{"rendered":"<p>SM\u00d6GEN Seabreeze Mint nikotin po\u015fetleri, keskin, ferahlat\u0131c\u0131 <strong data-start=\"67\" data-end=\"85\">Seabreeze Mint<\/strong> \u0130sve\u00e7'in bat\u0131 k\u0131y\u0131s\u0131ndan ilham alan aromas\u0131n\u0131 sunar. <strong data-start=\"126\" data-end=\"134\">\u0130nce<\/strong>, gizli, rahat kullan\u0131m i\u00e7in beyaz format ve temiz, hava ak\u0131\u015fl\u0131 tazelik. Her po\u015fet <strong data-start=\"231\" data-end=\"248\">8 mg nikotin<\/strong>i\u00e7erir. \u0130sve\u00e7'te tasarlanan dengeli, canland\u0131r\u0131c\u0131 bir deneyim i\u00e7in.<\/p>","protected":false},"featured_media":3422,"comment_status":"open","ping_status":"closed","template":"","format":[206],"meta":{"_acf_changed":false},"product_brand":[],"product_cat":[114],"product_tag":[16583],"flavours":[199],"nicotine":[210,232],"class_list":{"0":"post-10600","1":"product","2":"type-product","3":"status-publish","4":"has-post-thumbnail","6":"product_cat-smogen","7":"product_tag-8-mg-pouch","8":"pa_quantity-1-pack","9":"pa_quantity-10-pack","10":"pa_quantity-3-pack","11":"pa_quantity-30-pack","12":"pa_quantity-5-pack","13":"pa_quantity-60-pack","14":"flavours-mint","15":"format-slim","16":"nicotine-13-mg-g","17":"nicotine-extra-strong","19":"first","20":"outofstock","21":"taxable","22":"shipping-taxable","23":"purchasable","24":"product-type-variable"},"acf":[],"_links":{"self":[{"href":"https:\/\/whitelip.com\/tr\/wp-json\/wp\/v2\/product\/10600","targetHints":{"allow":["GET"]}}],"collection":[{"href":"https:\/\/whitelip.com\/tr\/wp-json\/wp\/v2\/product"}],"about":[{"href":"https:\/\/whitelip.com\/tr\/wp-json\/wp\/v2\/types\/product"}],"replies":[{"embeddable":true,"href":"https:\/\/whitelip.com\/tr\/wp-json\/wp\/v2\/comments?post=10600"}],"wp:featuredmedia":[{"embeddable":true,"href":"https:\/\/whitelip.com\/tr\/wp-json\/wp\/v2\/media\/3422"}],"wp:attachment":[{"href":"https:\/\/whitelip.com\/tr\/wp-json\/wp\/v2\/media?parent=10600"}],"wp:term":[{"taxonomy":"product_brand","embeddable":true,"href":"https:\/\/whitelip.com\/tr\/wp-json\/wp\/v2\/product_brand?post=10600"},{"taxonomy":"product_cat","embeddable":true,"href":"https:\/\/whitelip.com\/tr\/wp-json\/wp\/v2\/product_cat?post=10600"},{"taxonomy":"product_tag","embeddable":true,"href":"https:\/\/whitelip.com\/tr\/wp-json\/wp\/v2\/product_tag?post=10600"},{"taxonomy":"flavours","embeddable":true,"href":"https:\/\/whitelip.com\/tr\/wp-json\/wp\/v2\/flavours?post=10600"},{"taxonomy":"format","embeddable":true,"href":"https:\/\/whitelip.com\/tr\/wp-json\/wp\/v2\/format?post=10600"},{"taxonomy":"nicotine","embeddable":true,"href":"https:\/\/whitelip.com\/tr\/wp-json\/wp\/v2\/nicotine?post=10600"}],"curies":[{"name":"wp","href":"https:\/\/api.w.org\/{rel}","templated":true}]}}