{"id":10580,"date":"2025-05-21T07:54:44","date_gmt":"2025-05-21T07:54:44","guid":{"rendered":"https:\/\/whitelip.com\/iceberg-cherry-pie\/"},"modified":"2026-05-09T10:11:11","modified_gmt":"2026-05-09T10:11:11","slug":"iceberg-cherry-pie","status":"publish","type":"product","link":"https:\/\/whitelip.com\/tr\/iceberg\/iceberg-cherry-pie\/","title":{"rendered":"ICEBERG Kiraz Turtas\u0131"},"content":{"rendered":"<h2><strong>ICEBERG Kiraz Turtas\u0131<\/strong><\/h2>\n<p class=\"\" data-start=\"89\" data-end=\"754\">ICEBERG Cherry Pie nikotin po\u015fetleri tatl\u0131 kirazlar ve tereya\u011fl\u0131 pasta tad\u0131n\u0131 cesur, tatl\u0131 ilham alan bir po\u015fette birle\u015ftirir. Olgun kiraz dolgusu notalar\u0131 ve \u0131l\u0131k pasta kabu\u011fu ipu\u00e7lar\u0131 ile bu tat, zengin ve rahatlat\u0131c\u0131 bir deneyim sunar. Gram ba\u015f\u0131na 50 mg y\u00fcksek nikotin i\u00e7eri\u011fi ile\u2014po\u015fet ba\u015f\u0131na yakla\u015f\u0131k 35 mg\u2014bu po\u015fetler \u015fiddet ve benzersiz tat isteyen deneyimli kullan\u0131c\u0131lar i\u00e7in tasarlanm\u0131\u015ft\u0131r. Pasta dilimi \u015feklindeki kutu 40 ince format po\u015fet i\u00e7erir, bu da duda\u011f\u0131n alt\u0131nda rahat, ayr\u0131k oturu\u015f sa\u011flarken g\u00f6rsel ve dokusal olarak farkl\u0131 bir \u015fey sunar. Polonyal\u0131 Neoptolem taraf\u0131ndan \u00fcretilen ICEBERG Cherry Pie her po\u015fette yarat\u0131c\u0131l\u0131k, g\u00fc\u00e7 ve tatl\u0131l\u0131\u011f\u0131 birle\u015ftirir\u2014t\u00fct\u00fcn i\u00e7ermez.<\/p>\n<p><b>Teknik \u00d6zellikler<\/b><\/p>\n<table>\n<tbody>\n<tr>\n<td><b>Attribute<\/b><\/td>\n<td><b>Ayr\u0131nt\u0131lar<\/b><\/td>\n<\/tr>\n<tr>\n<td><b>10g (20 po\u015fet)<\/b><\/td>\n<td><span style=\"font-weight: 400;\">13g (20 po\u015fet)<\/span><\/td>\n<\/tr>\n<tr>\n<td><b>Nikotin i\u00e7eri\u011fi<\/b><\/td>\n<td><span style=\"font-weight: 400;\">50 mg\/g (po\u015fet ba\u015f\u0131na 35 mg)<\/span><\/td>\n<\/tr>\n<tr>\n<td><b>Po\u015fet format\u0131<\/b><\/td>\n<td><span style=\"font-weight: 400;\">\u0130nce<\/span><\/td>\n<\/tr>\n<tr>\n<td><b>\u00dcretici<\/b><\/td>\n<td><span style=\"font-weight: 400;\">Neoptolem<\/span><\/td>\n<\/tr>\n<tr>\n<td><b>Aroma<\/b><\/td>\n<td><span style=\"font-weight: 400;\">Kiraz Turtas\u0131 (Tatl\u0131 Kiraz, Pasta)<\/span><\/td>\n<\/tr>\n<tr>\n<td><b>T\u00fcr<\/b><\/td>\n<td><span style=\"font-weight: 400;\">Tamamen beyaz po\u015fet<\/span><\/td>\n<\/tr>\n<\/tbody>\n<\/table>","protected":false},"excerpt":{"rendered":"<p>ICEBERG Cherry Pie nikotin po\u015fetleri tatl\u0131 kirazlar ve tereya\u011fl\u0131 pasta tad\u0131n\u0131 cesur, tatl\u0131 ilham alan bir po\u015fette birle\u015ftirir. Olgun kiraz dolgusu notalar\u0131 ve \u0131l\u0131k pasta kabu\u011fu ipu\u00e7lar\u0131 ile bu tat, zengin ve rahatlat\u0131c\u0131 bir deneyim sunar. Gram ba\u015f\u0131na 50 mg y\u00fcksek nikotin i\u00e7eri\u011fi ile\u2014po\u015fet ba\u015f\u0131na yakla\u015f\u0131k 35 mg\u2014bu po\u015fetler \u015fiddet ve benzersiz tat isteyen deneyimli kullan\u0131c\u0131lar i\u00e7in tasarlanm\u0131\u015ft\u0131r. Pasta dilimi \u015feklindeki kutu 40 ince format po\u015fet i\u00e7erir, bu da duda\u011f\u0131n alt\u0131nda rahat, ayr\u0131k oturu\u015f sa\u011flarken g\u00f6rsel ve dokusal olarak farkl\u0131 bir \u015fey sunar. Polonyal\u0131 Neoptolem taraf\u0131ndan \u00fcretilen ICEBERG Cherry Pie her po\u015fette yarat\u0131c\u0131l\u0131k, g\u00fc\u00e7 ve tatl\u0131l\u0131\u011f\u0131 birle\u015ftirir\u2014t\u00fct\u00fcn i\u00e7ermez.<\/p>","protected":false},"featured_media":10581,"comment_status":"open","ping_status":"closed","template":"","format":[206],"meta":{"_acf_changed":false},"product_brand":[],"product_cat":[50],"product_tag":[16603],"flavours":[196],"nicotine":[226,233],"class_list":{"0":"post-10580","1":"product","2":"type-product","3":"status-publish","4":"has-post-thumbnail","6":"product_cat-iceberg","7":"product_tag-35-mg-pouch","8":"pa_quantity-1-pack","9":"pa_quantity-10-pack","10":"pa_quantity-2-pack","11":"pa_quantity-3-pack","12":"pa_quantity-30-pack","13":"pa_quantity-5-pack","14":"pa_quantity-60-pack","15":"flavours-fruits-berries","16":"format-slim","17":"nicotine-50-mg-g","18":"nicotine-extreme","20":"first","21":"outofstock","22":"taxable","23":"shipping-taxable","24":"purchasable","25":"product-type-variable","26":"has-default-attributes"},"acf":[],"_links":{"self":[{"href":"https:\/\/whitelip.com\/tr\/wp-json\/wp\/v2\/product\/10580","targetHints":{"allow":["GET"]}}],"collection":[{"href":"https:\/\/whitelip.com\/tr\/wp-json\/wp\/v2\/product"}],"about":[{"href":"https:\/\/whitelip.com\/tr\/wp-json\/wp\/v2\/types\/product"}],"replies":[{"embeddable":true,"href":"https:\/\/whitelip.com\/tr\/wp-json\/wp\/v2\/comments?post=10580"}],"wp:featuredmedia":[{"embeddable":true,"href":"https:\/\/whitelip.com\/tr\/wp-json\/wp\/v2\/media\/10581"}],"wp:attachment":[{"href":"https:\/\/whitelip.com\/tr\/wp-json\/wp\/v2\/media?parent=10580"}],"wp:term":[{"taxonomy":"product_brand","embeddable":true,"href":"https:\/\/whitelip.com\/tr\/wp-json\/wp\/v2\/product_brand?post=10580"},{"taxonomy":"product_cat","embeddable":true,"href":"https:\/\/whitelip.com\/tr\/wp-json\/wp\/v2\/product_cat?post=10580"},{"taxonomy":"product_tag","embeddable":true,"href":"https:\/\/whitelip.com\/tr\/wp-json\/wp\/v2\/product_tag?post=10580"},{"taxonomy":"flavours","embeddable":true,"href":"https:\/\/whitelip.com\/tr\/wp-json\/wp\/v2\/flavours?post=10580"},{"taxonomy":"format","embeddable":true,"href":"https:\/\/whitelip.com\/tr\/wp-json\/wp\/v2\/format?post=10580"},{"taxonomy":"nicotine","embeddable":true,"href":"https:\/\/whitelip.com\/tr\/wp-json\/wp\/v2\/nicotine?post=10580"}],"curies":[{"name":"wp","href":"https:\/\/api.w.org\/{rel}","templated":true}]}}