{"id":10570,"date":"2025-05-21T07:39:02","date_gmt":"2025-05-21T07:39:02","guid":{"rendered":"https:\/\/whitelip.com\/iceberg-apple-pie\/"},"modified":"2026-04-20T10:11:01","modified_gmt":"2026-04-20T10:11:01","slug":"iceberg-apple-pie","status":"publish","type":"product","link":"https:\/\/whitelip.com\/tr\/iceberg\/iceberg-apple-pie\/","title":{"rendered":"ICEBERG Elma Turtas\u0131"},"content":{"rendered":"<h2><strong>ICEBERG Elma Turtas\u0131<\/strong><\/h2>\n<p class=\"\" data-start=\"89\" data-end=\"754\">ICEBERG Apple Pie nikotin po\u015fetleri, elma turtas\u0131n\u0131n tatl\u0131 ve baharat tad\u0131yla modern nikotin deneyimine s\u0131cak ve nostaljik bir d\u00f6n\u00fc\u015f getirmektedir. F\u0131r\u0131nlanm\u0131\u015f elma, tar\u00e7\u0131n ve az miktarda tereya\u011fl\u0131 hamur pastan\u0131n kar\u0131\u015f\u0131m\u0131, her po\u015fet ba\u015fka bir \u015feye benzemeyen tatl\u0131 ilham\u0131 bir deneyim sunmaktad\u0131r. Gram ba\u015f\u0131na 50 mg y\u00fcksek nikotin i\u00e7eri\u011fiyle\u2014po\u015fet ba\u015f\u0131na yakla\u015f\u0131k 35 mg\u2014bu po\u015fetler, hem cesur lezzet hem de ciddi yo\u011funluk arayan deneyimli kullan\u0131c\u0131lar i\u00e7in haz\u0131rlanm\u0131\u015ft\u0131r. Pie dilimi \u015feklinde benzersiz kutu 40 par\u00e7a i\u00e7ermekte, duda\u011f\u0131n alt\u0131nda ince ve gizli bir oturma ile ay\u0131rt edici bir hisse sunmaktad\u0131r. Polonya'l\u0131 \u00fcretici Neoptolem taraf\u0131ndan yap\u0131lan ICEBERG Apple Pie, konfor, g\u00fc\u00e7 ve yarat\u0131c\u0131l\u0131\u011f\u0131 birle\u015ftiren t\u00fct\u00fcn i\u00e7ermeyen bir yenilik sunmaktad\u0131r.<\/p>\n<p><b>Teknik \u00d6zellikler<\/b><\/p>\n<table>\n<tbody>\n<tr>\n<td><b>Attribute<\/b><\/td>\n<td><b>Ayr\u0131nt\u0131lar<\/b><\/td>\n<\/tr>\n<tr>\n<td><b>10g (20 po\u015fet)<\/b><\/td>\n<td><span style=\"font-weight: 400;\">13g (20 po\u015fet)<\/span><\/td>\n<\/tr>\n<tr>\n<td><b>Nikotin i\u00e7eri\u011fi<\/b><\/td>\n<td><span style=\"font-weight: 400;\">50 mg\/g (po\u015fet ba\u015f\u0131na 35 mg)<\/span><\/td>\n<\/tr>\n<tr>\n<td><b>Po\u015fet format\u0131<\/b><\/td>\n<td><span style=\"font-weight: 400;\">\u0130nce<\/span><\/td>\n<\/tr>\n<tr>\n<td><b>\u00dcretici<\/b><\/td>\n<td><span style=\"font-weight: 400;\">Neoptolem<\/span><\/td>\n<\/tr>\n<tr>\n<td><b>Aroma<\/b><\/td>\n<td><span style=\"font-weight: 400;\">Apple Pie (F\u0131r\u0131nlanm\u0131\u015f Elma, Tar\u00e7\u0131n, Hamur Pastas\u0131)<\/span><\/td>\n<\/tr>\n<tr>\n<td><b>T\u00fcr<\/b><\/td>\n<td><span style=\"font-weight: 400;\">Tamamen beyaz po\u015fet<\/span><\/td>\n<\/tr>\n<\/tbody>\n<\/table>","protected":false},"excerpt":{"rendered":"<p>ICEBERG Apple Pie nikotin po\u015fetleri, elma turtas\u0131n\u0131n tatl\u0131 ve baharat tad\u0131yla modern nikotin deneyimine s\u0131cak ve nostaljik bir d\u00f6n\u00fc\u015f getirmektedir. F\u0131r\u0131nlanm\u0131\u015f elma, tar\u00e7\u0131n ve az miktarda tereya\u011fl\u0131 hamur pastan\u0131n kar\u0131\u015f\u0131m\u0131, her po\u015fet ba\u015fka bir \u015feye benzemeyen tatl\u0131 ilham\u0131 bir deneyim sunmaktad\u0131r. Gram ba\u015f\u0131na 50 mg y\u00fcksek nikotin i\u00e7eri\u011fiyle\u2014po\u015fet ba\u015f\u0131na yakla\u015f\u0131k 35 mg\u2014bu po\u015fetler, hem cesur lezzet hem de ciddi yo\u011funluk arayan deneyimli kullan\u0131c\u0131lar i\u00e7in haz\u0131rlanm\u0131\u015ft\u0131r. Pie dilimi \u015feklinde benzersiz kutu 40 par\u00e7a i\u00e7ermekte, duda\u011f\u0131n alt\u0131nda ince ve gizli bir oturma ile ay\u0131rt edici bir hisse sunmaktad\u0131r. Polonya'l\u0131 \u00fcretici Neoptolem taraf\u0131ndan yap\u0131lan ICEBERG Apple Pie, konfor, g\u00fc\u00e7 ve yarat\u0131c\u0131l\u0131\u011f\u0131 birle\u015ftiren t\u00fct\u00fcn i\u00e7ermeyen bir yenilik sunmaktad\u0131r.<\/p>","protected":false},"featured_media":10571,"comment_status":"open","ping_status":"closed","template":"","format":[206],"meta":{"_acf_changed":false},"product_brand":[],"product_cat":[50],"product_tag":[16603],"flavours":[196],"nicotine":[226,233],"class_list":{"0":"post-10570","1":"product","2":"type-product","3":"status-publish","4":"has-post-thumbnail","6":"product_cat-iceberg","7":"product_tag-35-mg-pouch","8":"pa_quantity-1-pack","9":"pa_quantity-10-pack","10":"pa_quantity-2-pack","11":"pa_quantity-3-pack","12":"pa_quantity-30-pack","13":"pa_quantity-5-pack","14":"pa_quantity-60-pack","15":"flavours-fruits-berries","16":"format-slim","17":"nicotine-50-mg-g","18":"nicotine-extreme","20":"first","21":"outofstock","22":"taxable","23":"shipping-taxable","24":"purchasable","25":"product-type-variable","26":"has-default-attributes"},"acf":[],"_links":{"self":[{"href":"https:\/\/whitelip.com\/tr\/wp-json\/wp\/v2\/product\/10570","targetHints":{"allow":["GET"]}}],"collection":[{"href":"https:\/\/whitelip.com\/tr\/wp-json\/wp\/v2\/product"}],"about":[{"href":"https:\/\/whitelip.com\/tr\/wp-json\/wp\/v2\/types\/product"}],"replies":[{"embeddable":true,"href":"https:\/\/whitelip.com\/tr\/wp-json\/wp\/v2\/comments?post=10570"}],"wp:featuredmedia":[{"embeddable":true,"href":"https:\/\/whitelip.com\/tr\/wp-json\/wp\/v2\/media\/10571"}],"wp:attachment":[{"href":"https:\/\/whitelip.com\/tr\/wp-json\/wp\/v2\/media?parent=10570"}],"wp:term":[{"taxonomy":"product_brand","embeddable":true,"href":"https:\/\/whitelip.com\/tr\/wp-json\/wp\/v2\/product_brand?post=10570"},{"taxonomy":"product_cat","embeddable":true,"href":"https:\/\/whitelip.com\/tr\/wp-json\/wp\/v2\/product_cat?post=10570"},{"taxonomy":"product_tag","embeddable":true,"href":"https:\/\/whitelip.com\/tr\/wp-json\/wp\/v2\/product_tag?post=10570"},{"taxonomy":"flavours","embeddable":true,"href":"https:\/\/whitelip.com\/tr\/wp-json\/wp\/v2\/flavours?post=10570"},{"taxonomy":"format","embeddable":true,"href":"https:\/\/whitelip.com\/tr\/wp-json\/wp\/v2\/format?post=10570"},{"taxonomy":"nicotine","embeddable":true,"href":"https:\/\/whitelip.com\/tr\/wp-json\/wp\/v2\/nicotine?post=10570"}],"curies":[{"name":"wp","href":"https:\/\/api.w.org\/{rel}","templated":true}]}}