{"id":10545,"date":"2025-05-19T13:43:34","date_gmt":"2025-05-19T13:43:34","guid":{"rendered":"https:\/\/whitelip.com\/chainpop-raspberry-lemon\/"},"modified":"2026-03-09T17:47:06","modified_gmt":"2026-03-09T17:47:06","slug":"chainpop-raspberry-lemon","status":"publish","type":"product","link":"https:\/\/whitelip.com\/tr\/chainpop\/chainpop-raspberry-lemon\/","title":{"rendered":"CHAINPOP Raspberry &amp; Lemon"},"content":{"rendered":"<h2><strong>CHAINPOP Raspberry &amp; Lemon<\/strong><\/h2>\n<p class=\"\" data-start=\"114\" data-end=\"625\">Ahududunun tatl\u0131, suyu meyveli tad\u0131n\u0131 limonun canl\u0131 dokunu\u015fu ile birle\u015ftirerek, hem tazeleyici hem de tatmin edici parlak, meyveli bir deneyim sunmaktad\u0131r. Bu iyi dengelenmi\u015f lezzet, p\u00fcr\u00fczs\u00fcz ve hafif ek\u015fi bir profil sunarak, her po\u015feti yaz\u0131n bir patlamas\u0131 gibi hissettirir. Orta-kuru doku, duda\u011f\u0131n alt\u0131nda temiz, d\u00fc\u015f\u00fck damlama bir uyum sa\u011flarken, sabit lezzet ve nikotin a\u00e7\u0131\u011fa \u00e7\u0131kar\u0131r. \u0130sve\u00e7'te y\u00fcksek kaliteli malzemelerle yap\u0131lm\u0131\u015f, cesur, do\u011fal meyve kar\u0131\u015f\u0131mlar\u0131ndan ve keskin bir biti\u015f ho\u015flananlar i\u00e7in m\u00fckemmel bir se\u00e7imdir.<\/p>\n<table>\n<tbody>\n<tr>\n<td><b>Attribute<\/b><\/td>\n<td><b>Ayr\u0131nt\u0131lar<\/b><\/td>\n<\/tr>\n<tr>\n<td><b>10g (20 po\u015fet)<\/b><\/td>\n<td><span style=\"font-weight: 400;\">Nikotin i\u00e7eri\u011fi<\/span><\/td>\n<\/tr>\n<tr>\n<td><b>Nikotin i\u00e7eri\u011fi<\/b><\/td>\n<td><span style=\"font-weight: 400;\">15 mg\/g (po\u015fet ba\u015f\u0131na 9 mg)<\/span><\/td>\n<\/tr>\n<tr>\n<td><b>Po\u015fet format\u0131<\/b><\/td>\n<td><span style=\"font-weight: 400;\">\u0130nce<\/span><\/td>\n<\/tr>\n<tr>\n<td><b>\u00dcretici<\/b><\/td>\n<td><span style=\"font-weight: 400;\">Chainpop AB<\/span><\/td>\n<\/tr>\n<tr>\n<td><b>Aroma<\/b><\/td>\n<td><span style=\"font-weight: 400;\">Ahududu ve limon<\/span><\/td>\n<\/tr>\n<tr>\n<td><b>T\u00fcr<\/b><\/td>\n<td><span style=\"font-weight: 400;\">Tamamen beyaz po\u015fet<\/span><\/td>\n<\/tr>\n<\/tbody>\n<\/table>","protected":false},"excerpt":{"rendered":"<p>Parlak, meyveli <strong data-start=\"15\" data-end=\"36\">raspberry &amp; lemon<\/strong> p\u00fcr\u00fczs\u00fcz, hafif ek\u015fi profil ve keskin bir biti\u015f ile. Orta-kuru, d\u00fc\u015f\u00fck damlama po\u015fetleri duda\u011f\u0131n alt\u0131nda temiz oturur ve sabit lezzet ve nikotin a\u00e7\u0131\u011fa \u00e7\u0131kar\u0131r. Her po\u015fet <strong data-start=\"222\" data-end=\"249\">po\u015fet ba\u015f\u0131na 9 mg nikotin<\/strong>i\u00e7erir, \u0130sve\u00e7'te y\u00fcksek kaliteli malzemelerle yap\u0131lm\u0131\u015f, tazeleyici, tatmin edici g\u00fcnl\u00fck deneyim i\u00e7in.<\/p>","protected":false},"featured_media":3411,"comment_status":"open","ping_status":"closed","template":"","format":[206],"meta":{"_acf_changed":false},"product_brand":[],"product_cat":[106],"product_tag":[16563],"flavours":[190,196],"nicotine":[212,232],"class_list":{"0":"post-10545","1":"product","2":"type-product","3":"status-publish","4":"has-post-thumbnail","6":"product_cat-chainpop","7":"product_tag-9-mg-pouch","8":"pa_quantity-1-pack","9":"pa_quantity-10-pack","10":"pa_quantity-3-pack","11":"pa_quantity-30-pack","12":"pa_quantity-5-pack","13":"pa_quantity-60-pack","14":"flavours-citrus","15":"flavours-fruits-berries","16":"format-slim","17":"nicotine-15-mg-g","18":"nicotine-extra-strong","20":"first","21":"outofstock","22":"taxable","23":"shipping-taxable","24":"purchasable","25":"product-type-variable","26":"has-default-attributes"},"acf":[],"_links":{"self":[{"href":"https:\/\/whitelip.com\/tr\/wp-json\/wp\/v2\/product\/10545","targetHints":{"allow":["GET"]}}],"collection":[{"href":"https:\/\/whitelip.com\/tr\/wp-json\/wp\/v2\/product"}],"about":[{"href":"https:\/\/whitelip.com\/tr\/wp-json\/wp\/v2\/types\/product"}],"replies":[{"embeddable":true,"href":"https:\/\/whitelip.com\/tr\/wp-json\/wp\/v2\/comments?post=10545"}],"wp:featuredmedia":[{"embeddable":true,"href":"https:\/\/whitelip.com\/tr\/wp-json\/wp\/v2\/media\/3411"}],"wp:attachment":[{"href":"https:\/\/whitelip.com\/tr\/wp-json\/wp\/v2\/media?parent=10545"}],"wp:term":[{"taxonomy":"product_brand","embeddable":true,"href":"https:\/\/whitelip.com\/tr\/wp-json\/wp\/v2\/product_brand?post=10545"},{"taxonomy":"product_cat","embeddable":true,"href":"https:\/\/whitelip.com\/tr\/wp-json\/wp\/v2\/product_cat?post=10545"},{"taxonomy":"product_tag","embeddable":true,"href":"https:\/\/whitelip.com\/tr\/wp-json\/wp\/v2\/product_tag?post=10545"},{"taxonomy":"flavours","embeddable":true,"href":"https:\/\/whitelip.com\/tr\/wp-json\/wp\/v2\/flavours?post=10545"},{"taxonomy":"format","embeddable":true,"href":"https:\/\/whitelip.com\/tr\/wp-json\/wp\/v2\/format?post=10545"},{"taxonomy":"nicotine","embeddable":true,"href":"https:\/\/whitelip.com\/tr\/wp-json\/wp\/v2\/nicotine?post=10545"}],"curies":[{"name":"wp","href":"https:\/\/api.w.org\/{rel}","templated":true}]}}