{"id":10519,"date":"2025-05-06T11:58:41","date_gmt":"2025-05-06T11:58:41","guid":{"rendered":"https:\/\/whitelip.com\/helwit-strawberry\/"},"modified":"2026-05-06T10:11:22","modified_gmt":"2026-05-06T10:11:22","slug":"helwit-strawberry","status":"publish","type":"product","link":"https:\/\/whitelip.com\/tr\/helwit\/helwit-strawberry\/","title":{"rendered":"HELWIT \u00c7ilek"},"content":{"rendered":"<h2><b>HELWIT \u00c7ilek<\/b><\/h2>\n<p><span style=\"font-weight: 400;\">HELWIT \u00c7ilek nikotin po\u015fetleri suyu bol ve tatl\u0131 \u00e7ilek lezzeti sunmakta, her po\u015fette taze toplanm\u0131\u015f berilerin tad\u0131n\u0131 yakalayan bir deneyim vermektedir. P\u00fcr\u00fczs\u00fcz ve dengeli profili ile bu po\u015fetler, ula\u015f\u0131labilir fakat tatmin edici bir deneyim sunar. Her ince formatl\u0131 po\u015fet 1 grama kar\u015f\u0131l\u0131k 9 mg nikotin i\u00e7erir, bu da d\u00fczenli kullan\u0131c\u0131lar i\u00e7in meyveli bir burkuluk arzusu tercih edenler i\u00e7in idealdir. Gizli kullan\u0131m i\u00e7in tasarlanan ve di\u015f boyamadan ka\u00e7\u0131nmak i\u00e7in \u00fcretilen, istedi\u011finiz zaman her yerde kullan\u0131m i\u00e7in m\u00fckemmeldir. \u0130sve\u00e7'te YOIK AB taraf\u0131ndan \u00fcretilen HELWIT \u00c7ilek, modern \u00fcretimi temiz, lezzetli alternatiflere olan ba\u011fl\u0131l\u0131k ile birle\u015ftirir.<\/span><\/p>\n<table>\n<tbody>\n<tr>\n<td><b>Attribute<\/b><\/td>\n<td><b>Ayr\u0131nt\u0131lar<\/b><\/td>\n<\/tr>\n<tr>\n<td><b>10g (20 po\u015fet)<\/b><\/td>\n<td><span style=\"font-weight: 400;\">Nikotin i\u00e7eri\u011fi<\/span><\/td>\n<\/tr>\n<tr>\n<td><b>Nikotin i\u00e7eri\u011fi<\/b><\/td>\n<td><span style=\"font-weight: 400;\">9 mg\/g (4,5 mg per po\u015fet)<\/span><\/td>\n<\/tr>\n<tr>\n<td><b>Po\u015fet format\u0131<\/b><\/td>\n<td><span style=\"font-weight: 400;\">\u0130nce<\/span><\/td>\n<\/tr>\n<tr>\n<td><b>\u00dcretici<\/b><\/td>\n<td><span style=\"font-weight: 400;\">YOIK AB<\/span><\/td>\n<\/tr>\n<tr>\n<td><b>Aroma<\/b><\/td>\n<td><span style=\"font-weight: 400;\">Strawberry<\/span><\/td>\n<\/tr>\n<tr>\n<td><b>T\u00fcr<\/b><\/td>\n<td><span style=\"font-weight: 400;\">Tamamen beyaz po\u015fet<\/span><\/td>\n<\/tr>\n<\/tbody>\n<\/table>","protected":false},"excerpt":{"rendered":"<p>Suyu bol, tatl\u0131 <strong data-start=\"13\" data-end=\"27\">\u00e7ilek<\/strong> taze toplanm\u0131\u015f, p\u00fcr\u00fczs\u00fcz, dengeli bir profili ile. <strong data-start=\"75\" data-end=\"83\">\u0130nce<\/strong>, t\u00fcm\u00fc beyaz, t\u00fct\u00fcns\u00fcz po\u015fetler duda\u011f\u0131n alt\u0131nda diskretle oturur ve di\u015fleri lekelendirmez. Her po\u015fet i\u00e7erir <strong data-start=\"189\" data-end=\"208\">9 mg\/g nikotin<\/strong>, ula\u015f\u0131labilir ancak tatmin edici bir sal\u0131n\u0131m sa\u011fl\u0131yor. YOIK AB (\u0130sve\u00e7) taraf\u0131ndan \u00fcretilmi\u015ftir.<\/p>","protected":false},"featured_media":10520,"comment_status":"open","ping_status":"closed","template":"","format":[206],"meta":{"_acf_changed":false},"product_brand":[],"product_cat":[52],"product_tag":[16595],"flavours":[196],"nicotine":[231,236],"class_list":{"0":"post-10519","1":"product","2":"type-product","3":"status-publish","4":"has-post-thumbnail","6":"product_cat-helwit","7":"product_tag-4-5-mg-pouch","8":"pa_quantity-1-pack","9":"pa_quantity-10-pack","10":"pa_quantity-3-pack","11":"pa_quantity-30-pack","12":"pa_quantity-5-pack","13":"pa_quantity-60-pack","14":"flavours-fruits-berries","15":"format-slim","16":"nicotine-9-mg-g","17":"nicotine-strong","19":"first","20":"instock","21":"taxable","22":"shipping-taxable","23":"purchasable","24":"product-type-variable","25":"has-default-attributes"},"acf":[],"_links":{"self":[{"href":"https:\/\/whitelip.com\/tr\/wp-json\/wp\/v2\/product\/10519","targetHints":{"allow":["GET"]}}],"collection":[{"href":"https:\/\/whitelip.com\/tr\/wp-json\/wp\/v2\/product"}],"about":[{"href":"https:\/\/whitelip.com\/tr\/wp-json\/wp\/v2\/types\/product"}],"replies":[{"embeddable":true,"href":"https:\/\/whitelip.com\/tr\/wp-json\/wp\/v2\/comments?post=10519"}],"wp:featuredmedia":[{"embeddable":true,"href":"https:\/\/whitelip.com\/tr\/wp-json\/wp\/v2\/media\/10520"}],"wp:attachment":[{"href":"https:\/\/whitelip.com\/tr\/wp-json\/wp\/v2\/media?parent=10519"}],"wp:term":[{"taxonomy":"product_brand","embeddable":true,"href":"https:\/\/whitelip.com\/tr\/wp-json\/wp\/v2\/product_brand?post=10519"},{"taxonomy":"product_cat","embeddable":true,"href":"https:\/\/whitelip.com\/tr\/wp-json\/wp\/v2\/product_cat?post=10519"},{"taxonomy":"product_tag","embeddable":true,"href":"https:\/\/whitelip.com\/tr\/wp-json\/wp\/v2\/product_tag?post=10519"},{"taxonomy":"flavours","embeddable":true,"href":"https:\/\/whitelip.com\/tr\/wp-json\/wp\/v2\/flavours?post=10519"},{"taxonomy":"format","embeddable":true,"href":"https:\/\/whitelip.com\/tr\/wp-json\/wp\/v2\/format?post=10519"},{"taxonomy":"nicotine","embeddable":true,"href":"https:\/\/whitelip.com\/tr\/wp-json\/wp\/v2\/nicotine?post=10519"}],"curies":[{"name":"wp","href":"https:\/\/api.w.org\/{rel}","templated":true}]}}