{"id":10514,"date":"2025-05-06T09:10:43","date_gmt":"2025-05-06T09:10:43","guid":{"rendered":"https:\/\/whitelip.com\/xqs-hallon-lakrits-strong\/"},"modified":"2026-05-11T10:11:55","modified_gmt":"2026-05-11T10:11:55","slug":"xqs-hallon-lakrits-strong","status":"publish","type":"product","link":"https:\/\/whitelip.com\/tr\/xqs\/xqs-hallon-lakrits-strong\/","title":{"rendered":"XQS Hallon Lakrits Strong"},"content":{"rendered":"<h2><b>XQS Hallon Lakrits Strong<\/b><\/h2>\n<p><span style=\"font-weight: 400;\">XQS Hallon Lakrits Strong, cesur ahududunun <\/span><b>tatl\u0131l\u0131\u011f\u0131n\u0131 klasik meyan k\u00f6k\u00fcn\u00fcn tuzlu derinli\u011fiyle birle\u015ftirerek<\/b><span style=\"font-weight: 400;\">, benzersiz bir \u0130skandinav lezzet deneyimi sunar. Karma\u015f\u0131k ve z\u0131t tat profillerini takdir eden kullan\u0131c\u0131lar i\u00e7in m\u00fckemmel olan bu po\u015fet, meyve ve tuzlu notalar\u0131n\u0131 tatmin edici ve dengeli bir sensasyona d\u00f6n\u00fc\u015ft\u00fcr\u00fcr. Her ince, tamam\u0131 beyaz po\u015fet <\/span><b>10 mg nikotin<\/b><span style=\"font-weight: 400;\">i\u00e7erir ve g\u00fcvenilir nikotin tatmini i\u00e7in g\u00fc\u00e7l\u00fc ve tutarl\u0131 bir sal\u0131m sa\u011flar.<\/span><\/p>\n<p><span style=\"font-weight: 400;\">Konfor ve gizlilik i\u00e7in tasarlanan ince po\u015fet dudak alt\u0131na kolayca s\u0131\u011far ve hi\u00e7 leke b\u0131rakmaz. Tamam\u0131 t\u00fct\u00fcns\u00fcz ve y\u00fcksek kaliteli bitki bazl\u0131 liflerden yap\u0131lan XQS Hallon Lakrits Strong, g\u00fcvenilir bir g\u00fc\u00e7le cesur, tatl\u0131-tuzlu kombinasyonlar\u0131 seven olanlar i\u00e7in aromatl\u0131 ve temiz bir alternatif sunar.<\/span><\/p>\n<table>\n<tbody>\n<tr>\n<td><b>Attribute<\/b><\/td>\n<td><b>Ayr\u0131nt\u0131lar<\/b><\/td>\n<\/tr>\n<tr>\n<td><b>Brand<\/b><\/td>\n<td><span style=\"font-weight: 400;\">XQS<\/span><\/td>\n<\/tr>\n<tr>\n<td><b>\u00dcr\u00fcn T\u00fcr\u00fc<\/b><\/td>\n<td><span style=\"font-weight: 400;\">T\u00fcm Beyaz Nikotin Po\u015fetleri<\/span><\/td>\n<\/tr>\n<tr>\n<td><b>Format<\/b><\/td>\n<td><span style=\"font-weight: 400;\">\u0130nce<\/span><\/td>\n<\/tr>\n<tr>\n<td><b>Aroma<\/b><\/td>\n<td><span style=\"font-weight: 400;\">Ahududu ve Meyan K\u00f6k\u00fc<\/span><\/td>\n<\/tr>\n<tr>\n<td><b>Nikotin G\u00fcc\u00fc<\/b><\/td>\n<td><span style=\"font-weight: 400;\">Po\u015fet ba\u015f\u0131na 10 mg (13 mg\/g)<\/span><\/td>\n<\/tr>\n<tr>\n<td><b>K\u0131s\u0131m A\u011f\u0131rl\u0131\u011f\u0131<\/b><\/td>\n<td><span style=\"font-weight: 400;\">0,75 gram<\/span><\/td>\n<\/tr>\n<tr>\n<td><b>K\u0131s\u0131m Say\u0131s\u0131<\/b><\/td>\n<td><span style=\"font-weight: 400;\">kutu ba\u015f\u0131na 20<\/span><\/td>\n<\/tr>\n<tr>\n<td><b>Toplam Kutu A\u011f\u0131rl\u0131\u011f\u0131<\/b><\/td>\n<td><span style=\"font-weight: 400;\">15 gram<\/span><\/td>\n<\/tr>\n<tr>\n<td><b>\u00dcretici<\/b><\/td>\n<td><span style=\"font-weight: 400;\">XQS International<\/span><\/td>\n<\/tr>\n<tr>\n<td><b>Dikkate De\u011fer \u00d6zellikler<\/b><\/td>\n<td><span style=\"font-weight: 400;\">T\u00fct\u00fcns\u00fcz, ince format, ahududu ve meyan k\u00f6k\u00fc aromas\u0131 g\u00fc\u00e7l\u00fc nikotin g\u00fcc\u00fcyle<\/span><\/td>\n<\/tr>\n<\/tbody>\n<\/table>","protected":false},"excerpt":{"rendered":"<p>XQS <strong>Ahududu ve Meyan K\u00f6k\u00fc<\/strong>\u00a0cesur ahududu ile tuzlu meyan k\u00f6k\u00fcn\u00fc kar\u0131\u015ft\u0131rarak karma\u015f\u0131k bir \u0130skandinav profili olu\u015fturur. Bu <strong data-start=\"110\" data-end=\"118\">ince<\/strong>, tamamen beyaz po\u015fetler ayr\u0131k ve rahattur. Her po\u015fet i\u00e7erir <strong data-start=\"188\" data-end=\"206\">, 77 Group'tan sabit orta g\u00fc\u00e7te bir deneyim sunar.<\/strong> g\u00fc\u00e7l\u00fc, tutarl\u0131 bir sal\u0131m i\u00e7in.<\/p>","protected":false},"featured_media":84310,"comment_status":"open","ping_status":"closed","template":"","format":[206],"meta":{"_acf_changed":false},"product_brand":[],"product_cat":[27],"product_tag":[16587],"flavours":[196,198],"nicotine":[213,232],"class_list":{"0":"post-10514","1":"product","2":"type-product","3":"status-publish","4":"has-post-thumbnail","6":"product_cat-xqs","7":"product_tag-10-mg-pouch","8":"pa_quantity-1-pack","9":"pa_quantity-10-pack","10":"pa_quantity-3-pack","11":"pa_quantity-30-pack","12":"pa_quantity-5-pack","13":"pa_quantity-60-pack","14":"flavours-fruits-berries","15":"flavours-licorice","16":"format-slim","17":"nicotine-16-mg-g","18":"nicotine-extra-strong","20":"first","21":"instock","22":"taxable","23":"shipping-taxable","24":"purchasable","25":"product-type-variable","26":"has-default-attributes"},"acf":[],"_links":{"self":[{"href":"https:\/\/whitelip.com\/tr\/wp-json\/wp\/v2\/product\/10514","targetHints":{"allow":["GET"]}}],"collection":[{"href":"https:\/\/whitelip.com\/tr\/wp-json\/wp\/v2\/product"}],"about":[{"href":"https:\/\/whitelip.com\/tr\/wp-json\/wp\/v2\/types\/product"}],"replies":[{"embeddable":true,"href":"https:\/\/whitelip.com\/tr\/wp-json\/wp\/v2\/comments?post=10514"}],"wp:featuredmedia":[{"embeddable":true,"href":"https:\/\/whitelip.com\/tr\/wp-json\/wp\/v2\/media\/84310"}],"wp:attachment":[{"href":"https:\/\/whitelip.com\/tr\/wp-json\/wp\/v2\/media?parent=10514"}],"wp:term":[{"taxonomy":"product_brand","embeddable":true,"href":"https:\/\/whitelip.com\/tr\/wp-json\/wp\/v2\/product_brand?post=10514"},{"taxonomy":"product_cat","embeddable":true,"href":"https:\/\/whitelip.com\/tr\/wp-json\/wp\/v2\/product_cat?post=10514"},{"taxonomy":"product_tag","embeddable":true,"href":"https:\/\/whitelip.com\/tr\/wp-json\/wp\/v2\/product_tag?post=10514"},{"taxonomy":"flavours","embeddable":true,"href":"https:\/\/whitelip.com\/tr\/wp-json\/wp\/v2\/flavours?post=10514"},{"taxonomy":"format","embeddable":true,"href":"https:\/\/whitelip.com\/tr\/wp-json\/wp\/v2\/format?post=10514"},{"taxonomy":"nicotine","embeddable":true,"href":"https:\/\/whitelip.com\/tr\/wp-json\/wp\/v2\/nicotine?post=10514"}],"curies":[{"name":"wp","href":"https:\/\/api.w.org\/{rel}","templated":true}]}}