{"id":10506,"date":"2025-04-17T11:47:18","date_gmt":"2025-04-17T11:47:18","guid":{"rendered":"https:\/\/whitelip.com\/stng-double-mint-max\/"},"modified":"2026-04-26T10:10:57","modified_gmt":"2026-04-26T10:10:57","slug":"stng-double-mint-max","status":"publish","type":"product","link":"https:\/\/whitelip.com\/tr\/stng\/stng-double-mint-max\/","title":{"rendered":"STNG Double Mint Max"},"content":{"rendered":"<h2><strong>STNG Double Mint Max<\/strong><\/h2>\n<p class=\"\" data-start=\"100\" data-end=\"587\">STNG Double Mint Max nikotinli po\u015fetler, cesur nane ve d\u00fczg\u00fcn spearmint'in ekstra so\u011fuk patlamas\u0131 sunarak, her darbe ile serinletmek ve uyand\u0131rmak i\u00e7in tasarlanm\u0131\u015ft\u0131r. Her ince, tamam\u0131 beyaz po\u015fet 27,5 mg nikotin i\u00e7erir ve maksimum g\u00fc\u00e7 ile mint\u00f6z yo\u011funlu\u011fu arayan kullan\u0131c\u0131lar i\u00e7in haz\u0131rlanm\u0131\u015ft\u0131r. Ayr\u0131k kullan\u0131m i\u00e7in tasarlanan po\u015fetler dudak alt\u0131nda rahat\u00e7a oturur ve di\u015fleri boyamaz. STNG taraf\u0131ndan \u00fcretilen bu lezzet, her po\u015fette buzlu tazelik ve y\u00fcksek etkili performans sunar.<\/p>\n<table>\n<tbody>\n<tr>\n<td><b>Attribute<\/b><\/td>\n<td><b>Ayr\u0131nt\u0131lar<\/b><\/td>\n<\/tr>\n<tr>\n<td><b>10g (20 po\u015fet)<\/b><\/td>\n<td><span style=\"font-weight: 400;\">11g (20 po\u015fet)<\/span><\/td>\n<\/tr>\n<tr>\n<td><b>Nikotin i\u00e7eri\u011fi<\/b><\/td>\n<td><span style=\"font-weight: 400;\">50 mg\/g (po\u015fet ba\u015f\u0131na 27,5 mg)<\/span><\/td>\n<\/tr>\n<tr>\n<td><b>Po\u015fet format\u0131<\/b><\/td>\n<td><span style=\"font-weight: 400;\">\u0130nce<\/span><\/td>\n<\/tr>\n<tr>\n<td><b>\u00dcretici<\/b><\/td>\n<td><span style=\"font-weight: 400;\">STNG<\/span><\/td>\n<\/tr>\n<tr>\n<td><b>Aroma<\/b><\/td>\n<td><span style=\"font-weight: 400;\">Double Mint (Pepermint &amp; Spearmint)<\/span><\/td>\n<\/tr>\n<tr>\n<td><b>T\u00fcr<\/b><\/td>\n<td><span style=\"font-weight: 400;\">Tamamen beyaz po\u015fet<\/span><\/td>\n<\/tr>\n<\/tbody>\n<\/table>","protected":false},"excerpt":{"rendered":"<p>STNG Double Mint Max nikotinli po\u015fetler, ekstra so\u011fuk <strong data-start=\"60\" data-end=\"75\">Double Mint<\/strong> (nane ve spearmint) lezzet buzlu tazelikle sunar. <strong data-start=\"128\" data-end=\"136\">\u0130nce<\/strong>, ayr\u0131k konfor ve temiz, g\u00fc\u00e7l\u00fc teslimat i\u00e7in tamam\u0131 beyaz format. Her po\u015fet i\u00e7erir <strong data-start=\"225\" data-end=\"245\">27,5 mg nikotin<\/strong>.<\/p>","protected":false},"featured_media":27187,"comment_status":"open","ping_status":"closed","template":"","format":[206],"meta":{"_acf_changed":false},"product_brand":[],"product_cat":[111],"product_tag":[17003],"flavours":[199],"nicotine":[226,233],"class_list":{"0":"post-10506","1":"product","2":"type-product","3":"status-publish","4":"has-post-thumbnail","6":"product_cat-stng","7":"product_tag-27-5-mg-pouch","8":"pa_quantity-1-pack","9":"pa_quantity-10-pack","10":"pa_quantity-3-pack","11":"pa_quantity-30-pack","12":"pa_quantity-5-pack","13":"pa_quantity-60-pack","14":"flavours-mint","15":"format-slim","16":"nicotine-50-mg-g","17":"nicotine-extreme","19":"first","20":"outofstock","21":"taxable","22":"shipping-taxable","23":"purchasable","24":"product-type-variable"},"acf":[],"_links":{"self":[{"href":"https:\/\/whitelip.com\/tr\/wp-json\/wp\/v2\/product\/10506","targetHints":{"allow":["GET"]}}],"collection":[{"href":"https:\/\/whitelip.com\/tr\/wp-json\/wp\/v2\/product"}],"about":[{"href":"https:\/\/whitelip.com\/tr\/wp-json\/wp\/v2\/types\/product"}],"replies":[{"embeddable":true,"href":"https:\/\/whitelip.com\/tr\/wp-json\/wp\/v2\/comments?post=10506"}],"wp:featuredmedia":[{"embeddable":true,"href":"https:\/\/whitelip.com\/tr\/wp-json\/wp\/v2\/media\/27187"}],"wp:attachment":[{"href":"https:\/\/whitelip.com\/tr\/wp-json\/wp\/v2\/media?parent=10506"}],"wp:term":[{"taxonomy":"product_brand","embeddable":true,"href":"https:\/\/whitelip.com\/tr\/wp-json\/wp\/v2\/product_brand?post=10506"},{"taxonomy":"product_cat","embeddable":true,"href":"https:\/\/whitelip.com\/tr\/wp-json\/wp\/v2\/product_cat?post=10506"},{"taxonomy":"product_tag","embeddable":true,"href":"https:\/\/whitelip.com\/tr\/wp-json\/wp\/v2\/product_tag?post=10506"},{"taxonomy":"flavours","embeddable":true,"href":"https:\/\/whitelip.com\/tr\/wp-json\/wp\/v2\/flavours?post=10506"},{"taxonomy":"format","embeddable":true,"href":"https:\/\/whitelip.com\/tr\/wp-json\/wp\/v2\/format?post=10506"},{"taxonomy":"nicotine","embeddable":true,"href":"https:\/\/whitelip.com\/tr\/wp-json\/wp\/v2\/nicotine?post=10506"}],"curies":[{"name":"wp","href":"https:\/\/api.w.org\/{rel}","templated":true}]}}