{"id":10501,"date":"2025-04-17T11:47:20","date_gmt":"2025-04-17T11:47:20","guid":{"rendered":"https:\/\/whitelip.com\/stng-bubble-max\/"},"modified":"2026-05-07T10:11:34","modified_gmt":"2026-05-07T10:11:34","slug":"stng-bubble-max","status":"publish","type":"product","link":"https:\/\/whitelip.com\/tr\/stng\/stng-bubble-max\/","title":{"rendered":"STNG Bubble Max"},"content":{"rendered":"<h2><strong>STNG Bubble Max<\/strong><\/h2>\n<p class=\"\" data-start=\"100\" data-end=\"587\">STNG Bubble Max nikotin po\u015fetleri, klasik sak\u0131z lezzetinin nostaljik tatll\u0131\u011f\u0131n\u0131 g\u00fc\u00e7l\u00fc bir nikotin h\u00fccumu ile sunuyor. Her ince, t\u00fcm beyaz po\u015fet 27,5 mg nikotin sunuyor ve maksimum g\u00fc\u00e7 isteyen ancak e\u011flenceli ve lezzetli bir b\u00fck\u00fclme isteyen deneyimli kullan\u0131c\u0131lar i\u00e7in tasarlanm\u0131\u015ft\u0131r. Gizli kullan\u0131m i\u00e7in tasarlanan po\u015fetler duda\u011f\u0131n alt\u0131na rahat bir \u015fekilde oturur ve di\u015fleri lekelemez. STNG taraf\u0131ndan \u00fcretilen Bubble Max, oyuncu tat\u0131 tam g\u00fc\u00e7 performans\u0131 ile sunar.<\/p>\n<table>\n<tbody>\n<tr>\n<td><b>Attribute<\/b><\/td>\n<td><b>Ayr\u0131nt\u0131lar<\/b><\/td>\n<\/tr>\n<tr>\n<td><b>10g (20 po\u015fet)<\/b><\/td>\n<td><span style=\"font-weight: 400;\">11g (20 po\u015fet)<\/span><\/td>\n<\/tr>\n<tr>\n<td><b>Nikotin i\u00e7eri\u011fi<\/b><\/td>\n<td><span style=\"font-weight: 400;\">50 mg\/g (po\u015fet ba\u015f\u0131na 27,5 mg)<\/span><\/td>\n<\/tr>\n<tr>\n<td><b>Po\u015fet format\u0131<\/b><\/td>\n<td><span style=\"font-weight: 400;\">\u0130nce<\/span><\/td>\n<\/tr>\n<tr>\n<td><b>\u00dcretici<\/b><\/td>\n<td><span style=\"font-weight: 400;\">STNG<\/span><\/td>\n<\/tr>\n<tr>\n<td><b>Aroma<\/b><\/td>\n<td><span style=\"font-weight: 400;\">Sak\u0131z<\/span><\/td>\n<\/tr>\n<tr>\n<td><b>T\u00fcr<\/b><\/td>\n<td><span style=\"font-weight: 400;\">Tamamen beyaz po\u015fet<\/span><\/td>\n<\/tr>\n<\/tbody>\n<\/table>","protected":false},"excerpt":{"rendered":"<p>STNG Bubble Max nikotin po\u015fetleri, nostaljik bir <strong data-start=\"53\" data-end=\"66\">Sak\u0131z<\/strong> lezzet sunuyor, tatl\u0131 ve oyuncu notalar\u0131 ile. <strong data-start=\"101\" data-end=\"109\">\u0130nce<\/strong>, t\u00fcm beyaz format\u0131nda duda\u011f\u0131n alt\u0131nda gizli rahatl\u0131k i\u00e7in. Her po\u015fet i\u00e7erir <strong data-start=\"184\" data-end=\"204\">27,5 mg nikotin<\/strong>.<\/p>","protected":false},"featured_media":27186,"comment_status":"open","ping_status":"closed","template":"","format":[206],"meta":{"_acf_changed":false},"product_brand":[],"product_cat":[111],"product_tag":[16445,17003],"flavours":[185],"nicotine":[226,233],"class_list":{"0":"post-10501","1":"product","2":"type-product","3":"status-publish","4":"has-post-thumbnail","6":"product_cat-stng","7":"product_tag-20-off","8":"product_tag-27-5-mg-pouch","9":"pa_quantity-1-pack","10":"pa_quantity-10-pack","11":"pa_quantity-3-pack","12":"pa_quantity-30-pack","13":"pa_quantity-5-pack","14":"pa_quantity-60-pack","15":"flavours-candy","16":"format-slim","17":"nicotine-50-mg-g","18":"nicotine-extreme","20":"first","21":"instock","22":"sale","23":"taxable","24":"shipping-taxable","25":"purchasable","26":"product-type-variable"},"acf":[],"_links":{"self":[{"href":"https:\/\/whitelip.com\/tr\/wp-json\/wp\/v2\/product\/10501","targetHints":{"allow":["GET"]}}],"collection":[{"href":"https:\/\/whitelip.com\/tr\/wp-json\/wp\/v2\/product"}],"about":[{"href":"https:\/\/whitelip.com\/tr\/wp-json\/wp\/v2\/types\/product"}],"replies":[{"embeddable":true,"href":"https:\/\/whitelip.com\/tr\/wp-json\/wp\/v2\/comments?post=10501"}],"wp:featuredmedia":[{"embeddable":true,"href":"https:\/\/whitelip.com\/tr\/wp-json\/wp\/v2\/media\/27186"}],"wp:attachment":[{"href":"https:\/\/whitelip.com\/tr\/wp-json\/wp\/v2\/media?parent=10501"}],"wp:term":[{"taxonomy":"product_brand","embeddable":true,"href":"https:\/\/whitelip.com\/tr\/wp-json\/wp\/v2\/product_brand?post=10501"},{"taxonomy":"product_cat","embeddable":true,"href":"https:\/\/whitelip.com\/tr\/wp-json\/wp\/v2\/product_cat?post=10501"},{"taxonomy":"product_tag","embeddable":true,"href":"https:\/\/whitelip.com\/tr\/wp-json\/wp\/v2\/product_tag?post=10501"},{"taxonomy":"flavours","embeddable":true,"href":"https:\/\/whitelip.com\/tr\/wp-json\/wp\/v2\/flavours?post=10501"},{"taxonomy":"format","embeddable":true,"href":"https:\/\/whitelip.com\/tr\/wp-json\/wp\/v2\/format?post=10501"},{"taxonomy":"nicotine","embeddable":true,"href":"https:\/\/whitelip.com\/tr\/wp-json\/wp\/v2\/nicotine?post=10501"}],"curies":[{"name":"wp","href":"https:\/\/api.w.org\/{rel}","templated":true}]}}