{"id":10461,"date":"2025-04-17T11:47:31","date_gmt":"2025-04-17T11:47:31","guid":{"rendered":"https:\/\/whitelip.com\/stng-raspberry-medium\/"},"modified":"2026-05-12T10:11:42","modified_gmt":"2026-05-12T10:11:42","slug":"stng-raspberry-medium","status":"publish","type":"product","link":"https:\/\/whitelip.com\/tr\/stng\/stng-raspberry-medium\/","title":{"rendered":"STNG Raspberry Medium"},"content":{"rendered":"<h2><strong>STNG Raspberry Medium<\/strong><\/h2>\n<p>STNG Raspberry Medium nikotin po\u015fetleri, do\u011fal tatll\u0131k ile asidik meyve notalar\u0131 aras\u0131nda m\u00fckemmel bir denge kuran canl\u0131 ve sulu ahududu lezzeti sunar. Orta yo\u011funluk kullan\u0131c\u0131lar\u0131 i\u00e7in uyarlanm\u0131\u015f nikotin kuvveti ile, her ince, tamam\u0131 beyaz po\u015fet tatmin edici 9.2 mg nikotin sa\u011flar. Duda\u011f\u0131n alt\u0131nda gizli ve rahat olan bu t\u00fct\u00fcns\u00fcz po\u015fetler, di\u015fleri lekelemeden temiz ve lezzetli bir deneyim sunar. STNG taraf\u0131ndan \u00fcretilen bu po\u015fet, cesur lezzetleri g\u00fcvenilir kalite ile birle\u015ftirir ve g\u00fcnl\u00fck memnuniyet sa\u011flar.<\/p>\n<table>\n<tbody>\n<tr>\n<td><b>Attribute<\/b><\/td>\n<td><b>Ayr\u0131nt\u0131lar<\/b><\/td>\n<\/tr>\n<tr>\n<td><b>10g (20 po\u015fet)<\/b><\/td>\n<td><span style=\"font-weight: 400;\">11g (20 po\u015fet)<\/span><\/td>\n<\/tr>\n<tr>\n<td><b>Nikotin i\u00e7eri\u011fi<\/b><\/td>\n<td><span style=\"font-weight: 400;\">16,7 mg\/g (po\u015fet ba\u015f\u0131na 9,2 mg)<\/span><\/td>\n<\/tr>\n<tr>\n<td><b>Po\u015fet format\u0131<\/b><\/td>\n<td><span style=\"font-weight: 400;\">\u0130nce<\/span><\/td>\n<\/tr>\n<tr>\n<td><b>\u00dcretici<\/b><\/td>\n<td><span style=\"font-weight: 400;\">STNG<\/span><\/td>\n<\/tr>\n<tr>\n<td><b>Aroma<\/b><\/td>\n<td><span style=\"font-weight: 400;\">Raspberry<\/span><\/td>\n<\/tr>\n<tr>\n<td><b>T\u00fcr<\/b><\/td>\n<td><span style=\"font-weight: 400;\">Tamamen beyaz po\u015fet<\/span><\/td>\n<\/tr>\n<\/tbody>\n<\/table>","protected":false},"excerpt":{"rendered":"<p>STNG Raspberry Medium nikotin po\u015fetleri canl\u0131, sulu bir <strong data-start=\"64\" data-end=\"77\">Raspberry<\/strong> lezetle dengeli tatl\u0131-ek\u015fi profili sunar. <strong data-start=\"121\" data-end=\"129\">\u0130nce<\/strong>, t\u00fcm beyaz format\u0131nda duda\u011f\u0131n alt\u0131nda gizli rahatl\u0131k i\u00e7in. Her po\u015fet i\u00e7erir <strong data-start=\"204\" data-end=\"223\">9,2 mg nikotin<\/strong>. G\u00fcnl\u00fck memnuniyet i\u00e7in temiz, t\u00fct\u00fcns\u00fcz deneyim.<\/p>","protected":false},"featured_media":27178,"comment_status":"open","ping_status":"closed","template":"","format":[206],"meta":{"_acf_changed":false},"product_brand":[],"product_cat":[111],"product_tag":[17002],"flavours":[196],"nicotine":[214,232],"class_list":{"0":"post-10461","1":"product","2":"type-product","3":"status-publish","4":"has-post-thumbnail","6":"product_cat-stng","7":"product_tag-9-2-mg-pouch","8":"pa_quantity-1-pack","9":"pa_quantity-10-pack","10":"pa_quantity-3-pack","11":"pa_quantity-30-pack","12":"pa_quantity-5-pack","13":"pa_quantity-60-pack","14":"flavours-fruits-berries","15":"format-slim","16":"nicotine-17-mg-g","17":"nicotine-extra-strong","19":"first","20":"outofstock","21":"taxable","22":"shipping-taxable","23":"purchasable","24":"product-type-variable"},"acf":[],"_links":{"self":[{"href":"https:\/\/whitelip.com\/tr\/wp-json\/wp\/v2\/product\/10461","targetHints":{"allow":["GET"]}}],"collection":[{"href":"https:\/\/whitelip.com\/tr\/wp-json\/wp\/v2\/product"}],"about":[{"href":"https:\/\/whitelip.com\/tr\/wp-json\/wp\/v2\/types\/product"}],"replies":[{"embeddable":true,"href":"https:\/\/whitelip.com\/tr\/wp-json\/wp\/v2\/comments?post=10461"}],"wp:featuredmedia":[{"embeddable":true,"href":"https:\/\/whitelip.com\/tr\/wp-json\/wp\/v2\/media\/27178"}],"wp:attachment":[{"href":"https:\/\/whitelip.com\/tr\/wp-json\/wp\/v2\/media?parent=10461"}],"wp:term":[{"taxonomy":"product_brand","embeddable":true,"href":"https:\/\/whitelip.com\/tr\/wp-json\/wp\/v2\/product_brand?post=10461"},{"taxonomy":"product_cat","embeddable":true,"href":"https:\/\/whitelip.com\/tr\/wp-json\/wp\/v2\/product_cat?post=10461"},{"taxonomy":"product_tag","embeddable":true,"href":"https:\/\/whitelip.com\/tr\/wp-json\/wp\/v2\/product_tag?post=10461"},{"taxonomy":"flavours","embeddable":true,"href":"https:\/\/whitelip.com\/tr\/wp-json\/wp\/v2\/flavours?post=10461"},{"taxonomy":"format","embeddable":true,"href":"https:\/\/whitelip.com\/tr\/wp-json\/wp\/v2\/format?post=10461"},{"taxonomy":"nicotine","embeddable":true,"href":"https:\/\/whitelip.com\/tr\/wp-json\/wp\/v2\/nicotine?post=10461"}],"curies":[{"name":"wp","href":"https:\/\/api.w.org\/{rel}","templated":true}]}}