{"id":10441,"date":"2025-04-16T13:00:37","date_gmt":"2025-04-16T13:00:37","guid":{"rendered":"https:\/\/whitelip.com\/pablo-exclusive-blue-mint-50mg\/"},"modified":"2026-05-09T10:11:10","modified_gmt":"2026-05-09T10:11:10","slug":"pablo-exclusive-blue-mint-50mg","status":"publish","type":"product","link":"https:\/\/whitelip.com\/tr\/pablo\/pablo-exclusive-blue-mint-50mg\/","title":{"rendered":"PABLO Exclusive Mavi Mint 50mg"},"content":{"rendered":"<h2><strong>PABLO Exclusive Mavi Mint 50mg<\/strong><\/h2>\n<p class=\"\" data-start=\"100\" data-end=\"587\">PABLO Exclusive Blue Mint 50mg nikotin po\u015fetleri, en y\u00fcksek nikotin g\u00fc\u00e7l\u00fc\u011f\u00fc ile m\u00fckemmel \u015fekilde e\u015fle\u015ftirilen imza serinlik efektiyle temiz, \u00e7\u0131t\u0131r bir buzlu nane patlamas\u0131 sunmaktad\u0131r. Deneyimli kullan\u0131c\u0131lar i\u00e7in tasarlanan bu ince, t\u00fct\u00fcns\u00fcz po\u015fetler ayr\u0131k bir formatta yo\u011fun ve serinletici bir deneyim sunmaktad\u0131r. \u0130ster g\u00fc\u00e7l\u00fc bir nane hissi ister ciddiyetli nikotin tatmini aray\u0131n, PABLO Blue Mint her ikisini de tam g\u00fc\u00e7 sunar.<\/p>\n<table>\n<tbody>\n<tr>\n<td><b>Attribute<\/b><\/td>\n<td><b>Ayr\u0131nt\u0131lar<\/b><\/td>\n<\/tr>\n<tr>\n<td><b>10g (20 po\u015fet)<\/b><\/td>\n<td><span style=\"font-weight: 400;\">15g (20 po\u015fet)<\/span><\/td>\n<\/tr>\n<tr>\n<td><b>Nikotin i\u00e7eri\u011fi<\/b><\/td>\n<td><span style=\"font-weight: 400;\">50 mg\/g (po\u015fet ba\u015f\u0131na 30 mg)<\/span><\/td>\n<\/tr>\n<tr>\n<td><b>Po\u015fet format\u0131<\/b><\/td>\n<td><span style=\"font-weight: 400;\">\u0130nce<\/span><\/td>\n<\/tr>\n<tr>\n<td><b>\u00dcretici<\/b><\/td>\n<td><span style=\"font-weight: 400;\">N.G.P Empire<\/span><\/td>\n<\/tr>\n<tr>\n<td><b>Aroma<\/b><\/td>\n<td><span style=\"font-weight: 400;\">Blue Mint (Buzlu, Ferahlat\u0131c\u0131)<\/span><\/td>\n<\/tr>\n<tr>\n<td><b>T\u00fcr<\/b><\/td>\n<td><span style=\"font-weight: 400;\">T\u00fcm beyaz po\u015fet, t\u00fct\u00fcns\u00fcz<\/span><\/td>\n<\/tr>\n<\/tbody>\n<\/table>","protected":false},"excerpt":{"rendered":"<p>PABLO Exclusive Blue Mint 50mg nikotin keseleri, temiz, keskin bir <strong data-start=\"71\" data-end=\"84\">Mavi Mint<\/strong> lezzeti sunar, g\u00fc\u00e7l\u00fc, buzlu bir so\u011futma etkisiyle. <strong data-start=\"127\" data-end=\"135\">\u0130nce<\/strong>, t\u00fct\u00fcns\u00fcz format gizli, yo\u011fun kullan\u0131m i\u00e7in. Her kese i\u00e7erir <strong>30 mg nikotin<\/strong>. Ciddi tatmin arayan deneyimli kullan\u0131c\u0131lar i\u00e7in tasarlanm\u0131\u015f.<\/p>","protected":false},"featured_media":10442,"comment_status":"open","ping_status":"closed","template":"","format":[206],"meta":{"_acf_changed":false},"product_brand":[],"product_cat":[44],"product_tag":[16605],"flavours":[199],"nicotine":[226,233],"class_list":{"0":"post-10441","1":"product","2":"type-product","3":"status-publish","4":"has-post-thumbnail","6":"product_cat-pablo","7":"product_tag-30-mg-pouch","8":"pa_quantity-1-pack","9":"pa_quantity-10-pack","10":"pa_quantity-3-pack","11":"pa_quantity-30-pack","12":"pa_quantity-5-pack","13":"pa_quantity-60-pack","14":"flavours-mint","15":"format-slim","16":"nicotine-50-mg-g","17":"nicotine-extreme","19":"first","20":"instock","21":"taxable","22":"shipping-taxable","23":"purchasable","24":"product-type-variable","25":"has-default-attributes"},"acf":[],"_links":{"self":[{"href":"https:\/\/whitelip.com\/tr\/wp-json\/wp\/v2\/product\/10441","targetHints":{"allow":["GET"]}}],"collection":[{"href":"https:\/\/whitelip.com\/tr\/wp-json\/wp\/v2\/product"}],"about":[{"href":"https:\/\/whitelip.com\/tr\/wp-json\/wp\/v2\/types\/product"}],"replies":[{"embeddable":true,"href":"https:\/\/whitelip.com\/tr\/wp-json\/wp\/v2\/comments?post=10441"}],"wp:featuredmedia":[{"embeddable":true,"href":"https:\/\/whitelip.com\/tr\/wp-json\/wp\/v2\/media\/10442"}],"wp:attachment":[{"href":"https:\/\/whitelip.com\/tr\/wp-json\/wp\/v2\/media?parent=10441"}],"wp:term":[{"taxonomy":"product_brand","embeddable":true,"href":"https:\/\/whitelip.com\/tr\/wp-json\/wp\/v2\/product_brand?post=10441"},{"taxonomy":"product_cat","embeddable":true,"href":"https:\/\/whitelip.com\/tr\/wp-json\/wp\/v2\/product_cat?post=10441"},{"taxonomy":"product_tag","embeddable":true,"href":"https:\/\/whitelip.com\/tr\/wp-json\/wp\/v2\/product_tag?post=10441"},{"taxonomy":"flavours","embeddable":true,"href":"https:\/\/whitelip.com\/tr\/wp-json\/wp\/v2\/flavours?post=10441"},{"taxonomy":"format","embeddable":true,"href":"https:\/\/whitelip.com\/tr\/wp-json\/wp\/v2\/format?post=10441"},{"taxonomy":"nicotine","embeddable":true,"href":"https:\/\/whitelip.com\/tr\/wp-json\/wp\/v2\/nicotine?post=10441"}],"curies":[{"name":"wp","href":"https:\/\/api.w.org\/{rel}","templated":true}]}}