{"id":10426,"date":"2025-04-16T12:50:07","date_gmt":"2025-04-16T12:50:07","guid":{"rendered":"https:\/\/whitelip.com\/pablo-exclusive-strawberry-watermelon-50mg\/"},"modified":"2026-05-17T10:11:03","modified_gmt":"2026-05-17T10:11:03","slug":"pablo-exclusive-strawberry-watermelon-50mg","status":"publish","type":"product","link":"https:\/\/whitelip.com\/tr\/pablo\/pablo-exclusive-strawberry-watermelon-50mg\/","title":{"rendered":"PABLO Exclusive \u00c7ilek Karpuz 50mg"},"content":{"rendered":"<h2><strong>PABLO Exclusive \u00c7ilek Karpuz 50mg<\/strong><\/h2>\n<p class=\"\" data-start=\"100\" data-end=\"587\">PABLO Exclusive Strawberry Watermelon 50mg nikotin po\u015fetleri, tatl\u0131 \u00e7ilekler ve ferahlat\u0131c\u0131 karpuz'un sulu kar\u0131\u015f\u0131m\u0131n\u0131 ultra-g\u00fc\u00e7l\u00fc bir nikotin vuru\u015fuyla sunar. Deneyimli kullan\u0131c\u0131lar i\u00e7in tasarlanan bu ince, tutunaks\u0131z po\u015fetler meyveli lezzeti ham yo\u011funlukla birle\u015ftirerek cesur ve tatmin edici bir deneyim sunar. Duda\u011f\u0131n alt\u0131nda ayr\u0131k ve rahat, PABLO Strawberry Watermelon her po\u015fette canl\u0131 tat ve a\u015f\u0131r\u0131 g\u00fcc\u00fc bir araya getiriyor\u2014dumans\u0131z, sadece tam dolu lezzet.<\/p>\n<table>\n<tbody>\n<tr>\n<td><b>Attribute<\/b><\/td>\n<td><b>Ayr\u0131nt\u0131lar<\/b><\/td>\n<\/tr>\n<tr>\n<td><b>10g (20 po\u015fet)<\/b><\/td>\n<td><span style=\"font-weight: 400;\">15g (20 po\u015fet)<\/span><\/td>\n<\/tr>\n<tr>\n<td><b>Nikotin i\u00e7eri\u011fi<\/b><\/td>\n<td><span style=\"font-weight: 400;\">50 mg\/g (po\u015fet ba\u015f\u0131na 30 mg)<\/span><\/td>\n<\/tr>\n<tr>\n<td><b>Po\u015fet format\u0131<\/b><\/td>\n<td><span style=\"font-weight: 400;\">\u0130nce<\/span><\/td>\n<\/tr>\n<tr>\n<td><b>\u00dcretici<\/b><\/td>\n<td><span style=\"font-weight: 400;\">N.G.P Empire<\/span><\/td>\n<\/tr>\n<tr>\n<td><b>Aroma<\/b><\/td>\n<td><span style=\"font-weight: 400;\">\u00c7ilek &amp; Karpuz<\/span><\/td>\n<\/tr>\n<tr>\n<td><b>T\u00fcr<\/b><\/td>\n<td><span style=\"font-weight: 400;\">T\u00fcm beyaz po\u015fet, t\u00fct\u00fcns\u00fcz<\/span><\/td>\n<\/tr>\n<\/tbody>\n<\/table>","protected":false},"excerpt":{"rendered":"<p>PABLO Exclusive Strawberry Watermelon 50mg nikotin po\u015fetleri, sulu <strong data-start=\"76\" data-end=\"101\">\u00c7ilek Karpuz<\/strong> lezzeti ultra-g\u00fc\u00e7l\u00fc yo\u011funlukla sunuyor. <strong data-start=\"138\" data-end=\"146\">\u0130nce<\/strong>, temiz, tatmin edici bir sal\u0131n\u0131mla ayr\u0131k ve rahat kullan\u0131m i\u00e7in tutunaks\u0131z format. Her po\u015fet <strong>30 mg nikotin<\/strong>.<\/p>","protected":false},"featured_media":3387,"comment_status":"open","ping_status":"closed","template":"","format":[206],"meta":{"_acf_changed":false},"product_brand":[],"product_cat":[44],"product_tag":[16605],"flavours":[196],"nicotine":[226,233],"class_list":{"0":"post-10426","1":"product","2":"type-product","3":"status-publish","4":"has-post-thumbnail","6":"product_cat-pablo","7":"product_tag-30-mg-pouch","8":"pa_quantity-1-pack","9":"pa_quantity-10-pack","10":"pa_quantity-3-pack","11":"pa_quantity-30-pack","12":"pa_quantity-5-pack","13":"pa_quantity-60-pack","14":"flavours-fruits-berries","15":"format-slim","16":"nicotine-50-mg-g","17":"nicotine-extreme","19":"first","20":"outofstock","21":"taxable","22":"shipping-taxable","23":"purchasable","24":"product-type-variable"},"acf":[],"_links":{"self":[{"href":"https:\/\/whitelip.com\/tr\/wp-json\/wp\/v2\/product\/10426","targetHints":{"allow":["GET"]}}],"collection":[{"href":"https:\/\/whitelip.com\/tr\/wp-json\/wp\/v2\/product"}],"about":[{"href":"https:\/\/whitelip.com\/tr\/wp-json\/wp\/v2\/types\/product"}],"replies":[{"embeddable":true,"href":"https:\/\/whitelip.com\/tr\/wp-json\/wp\/v2\/comments?post=10426"}],"wp:featuredmedia":[{"embeddable":true,"href":"https:\/\/whitelip.com\/tr\/wp-json\/wp\/v2\/media\/3387"}],"wp:attachment":[{"href":"https:\/\/whitelip.com\/tr\/wp-json\/wp\/v2\/media?parent=10426"}],"wp:term":[{"taxonomy":"product_brand","embeddable":true,"href":"https:\/\/whitelip.com\/tr\/wp-json\/wp\/v2\/product_brand?post=10426"},{"taxonomy":"product_cat","embeddable":true,"href":"https:\/\/whitelip.com\/tr\/wp-json\/wp\/v2\/product_cat?post=10426"},{"taxonomy":"product_tag","embeddable":true,"href":"https:\/\/whitelip.com\/tr\/wp-json\/wp\/v2\/product_tag?post=10426"},{"taxonomy":"flavours","embeddable":true,"href":"https:\/\/whitelip.com\/tr\/wp-json\/wp\/v2\/flavours?post=10426"},{"taxonomy":"format","embeddable":true,"href":"https:\/\/whitelip.com\/tr\/wp-json\/wp\/v2\/format?post=10426"},{"taxonomy":"nicotine","embeddable":true,"href":"https:\/\/whitelip.com\/tr\/wp-json\/wp\/v2\/nicotine?post=10426"}],"curies":[{"name":"wp","href":"https:\/\/api.w.org\/{rel}","templated":true}]}}