{"id":10416,"date":"2025-04-16T12:42:46","date_gmt":"2025-04-16T12:42:46","guid":{"rendered":"https:\/\/whitelip.com\/pablo-exclusive-gingerbread-50mg\/"},"modified":"2026-05-06T10:11:21","modified_gmt":"2026-05-06T10:11:21","slug":"pablo-exclusive-gingerbread-50mg","status":"publish","type":"product","link":"https:\/\/whitelip.com\/tr\/pablo\/pablo-exclusive-gingerbread-50mg\/","title":{"rendered":"PABLO Exclusive Zencefilli Kurabiye 50mg"},"content":{"rendered":"<h2><strong>PABLO Exclusive Zencefilli Kurabiye 50mg<\/strong><\/h2>\n<p class=\"\" data-start=\"100\" data-end=\"587\">PABLO Exclusive Gingerbread 50mg nikotin po\u015fetleri, ultra y\u00fcksek nikotin i\u00e7eri\u011fiyle e\u015fle\u015ftirilmi\u015f s\u0131cak, baharatl\u0131 zencefilli ekmek aromas\u0131yla cesur bir sapma sunuyor. Rahat tatl\u0131l\u0131\u011f\u0131 yo\u011fun g\u00fc\u00e7le birle\u015ftiren bu ince, t\u00fct\u00fcns\u00fcz po\u015fetler, benzersiz bir \u015fey arayan deneyimli kullan\u0131c\u0131lar i\u00e7in yap\u0131lm\u0131\u015ft\u0131r. Duda\u011f\u0131n alt\u0131nda gizli ve rahat, PABLO Gingerbread ciddi nikotin g\u00fcc\u00fcyle festivalde bir patlama sunar\u2014g\u00fc\u00e7l\u00fc ve mevsimsel po\u015fetleri sevenler i\u00e7in m\u00fckemmeldir.<\/p>\n<table>\n<tbody>\n<tr>\n<td><b>Attribute<\/b><\/td>\n<td><b>Ayr\u0131nt\u0131lar<\/b><\/td>\n<\/tr>\n<tr>\n<td><b>10g (20 po\u015fet)<\/b><\/td>\n<td><span style=\"font-weight: 400;\">15g (20 po\u015fet)<\/span><\/td>\n<\/tr>\n<tr>\n<td><b>Nikotin i\u00e7eri\u011fi<\/b><\/td>\n<td><span style=\"font-weight: 400;\">50 mg\/g (po\u015fet ba\u015f\u0131na 30 mg)<\/span><\/td>\n<\/tr>\n<tr>\n<td><b>Po\u015fet format\u0131<\/b><\/td>\n<td><span style=\"font-weight: 400;\">\u0130nce<\/span><\/td>\n<\/tr>\n<tr>\n<td><b>\u00dcretici<\/b><\/td>\n<td><span style=\"font-weight: 400;\">N.G.P Empire<\/span><\/td>\n<\/tr>\n<tr>\n<td><b>Aroma<\/b><\/td>\n<td><span style=\"font-weight: 400;\">Gingerbread (Baharatl\u0131 Tatl\u0131)<\/span><\/td>\n<\/tr>\n<tr>\n<td><b>T\u00fcr<\/b><\/td>\n<td><span style=\"font-weight: 400;\">T\u00fcm beyaz po\u015fet, t\u00fct\u00fcns\u00fcz<\/span><\/td>\n<\/tr>\n<\/tbody>\n<\/table>","protected":false},"excerpt":{"rendered":"<p>PABLO Exclusive Gingerbread 50mg nikotin po\u015fetleri s\u0131cak, baharatl\u0131 <strong data-start=\"73\" data-end=\"88\">Gingerbread<\/strong> tat\u0131n\u0131 rahat tatl\u0131l\u0131k ve yo\u011fun g\u00fccle sunuyor. <strong data-start=\"138\" data-end=\"146\">\u0130nce<\/strong>, t\u00fct\u00fcns\u00fcz format gizli, rahat kullan\u0131m i\u00e7in. Her po\u015fet <strong data-start=\"219\" data-end=\"239\">30 mg nikotin<\/strong>.<\/p>","protected":false},"featured_media":10417,"comment_status":"open","ping_status":"closed","template":"","format":[206],"meta":{"_acf_changed":false},"product_brand":[],"product_cat":[44],"product_tag":[16605],"flavours":[197],"nicotine":[226,233],"class_list":{"0":"post-10416","1":"product","2":"type-product","3":"status-publish","4":"has-post-thumbnail","6":"product_cat-pablo","7":"product_tag-30-mg-pouch","8":"pa_quantity-1-pack","9":"pa_quantity-10-pack","10":"pa_quantity-3-pack","11":"pa_quantity-30-pack","12":"pa_quantity-5-pack","13":"pa_quantity-60-pack","14":"flavours-ginger","15":"format-slim","16":"nicotine-50-mg-g","17":"nicotine-extreme","19":"first","20":"outofstock","21":"taxable","22":"shipping-taxable","23":"purchasable","24":"product-type-variable"},"acf":[],"_links":{"self":[{"href":"https:\/\/whitelip.com\/tr\/wp-json\/wp\/v2\/product\/10416","targetHints":{"allow":["GET"]}}],"collection":[{"href":"https:\/\/whitelip.com\/tr\/wp-json\/wp\/v2\/product"}],"about":[{"href":"https:\/\/whitelip.com\/tr\/wp-json\/wp\/v2\/types\/product"}],"replies":[{"embeddable":true,"href":"https:\/\/whitelip.com\/tr\/wp-json\/wp\/v2\/comments?post=10416"}],"wp:featuredmedia":[{"embeddable":true,"href":"https:\/\/whitelip.com\/tr\/wp-json\/wp\/v2\/media\/10417"}],"wp:attachment":[{"href":"https:\/\/whitelip.com\/tr\/wp-json\/wp\/v2\/media?parent=10416"}],"wp:term":[{"taxonomy":"product_brand","embeddable":true,"href":"https:\/\/whitelip.com\/tr\/wp-json\/wp\/v2\/product_brand?post=10416"},{"taxonomy":"product_cat","embeddable":true,"href":"https:\/\/whitelip.com\/tr\/wp-json\/wp\/v2\/product_cat?post=10416"},{"taxonomy":"product_tag","embeddable":true,"href":"https:\/\/whitelip.com\/tr\/wp-json\/wp\/v2\/product_tag?post=10416"},{"taxonomy":"flavours","embeddable":true,"href":"https:\/\/whitelip.com\/tr\/wp-json\/wp\/v2\/flavours?post=10416"},{"taxonomy":"format","embeddable":true,"href":"https:\/\/whitelip.com\/tr\/wp-json\/wp\/v2\/format?post=10416"},{"taxonomy":"nicotine","embeddable":true,"href":"https:\/\/whitelip.com\/tr\/wp-json\/wp\/v2\/nicotine?post=10416"}],"curies":[{"name":"wp","href":"https:\/\/api.w.org\/{rel}","templated":true}]}}