{"id":10406,"date":"2025-04-16T12:27:54","date_gmt":"2025-04-16T12:27:54","guid":{"rendered":"https:\/\/whitelip.com\/pablo-exclusive-liquorice-50mg\/"},"modified":"2026-05-06T10:11:21","modified_gmt":"2026-05-06T10:11:21","slug":"pablo-exclusive-liquorice-50mg","status":"publish","type":"product","link":"https:\/\/whitelip.com\/tr\/pablo\/pablo-exclusive-liquorice-50mg\/","title":{"rendered":"PABLO Exclusive Meyan K\u00f6k\u00fc 50mg"},"content":{"rendered":"<h2><strong>PABLO Exclusive Meyan K\u00f6k\u00fc 50mg<\/strong><\/h2>\n<p class=\"\" data-start=\"100\" data-end=\"587\">PABLO Exclusive Liquorice 50mg nikotin po\u015fetleri, zengin lik\u00f6r'\u00fcn karakteristik tad\u0131n\u0131 g\u00fc\u00e7l\u00fc nikotin vuru\u015fuyla birle\u015ftirerek cesur ve yo\u011fun bir tat deneyimi sunuyor. Deneyimli kullan\u0131c\u0131lar i\u00e7in tasarlanan bu ince, t\u00fct\u00fcns\u00fcz po\u015fetler, h\u0131zl\u0131 ve kal\u0131c\u0131 etki i\u00e7in ultra g\u00fc\u00e7l\u00fc 50 mg\/g nikotin i\u00e7eri\u011fi sunar. Gizli format duda\u011f\u0131n alt\u0131na rahat\u00e7a s\u0131\u011farak herhangi bir yerde, herhangi bir zaman keyif almay\u0131 kolayla\u015ft\u0131r\u0131r. PABLO Exclusive Liquorice g\u00fc\u00e7l\u00fc aroma, y\u00fcksek etki ve hi\u00e7bir uzla\u015fmadan ibarettir.<\/p>\n<table>\n<tbody>\n<tr>\n<td><b>Attribute<\/b><\/td>\n<td><b>Ayr\u0131nt\u0131lar<\/b><\/td>\n<\/tr>\n<tr>\n<td><b>10g (20 po\u015fet)<\/b><\/td>\n<td><span style=\"font-weight: 400;\">15g (20 po\u015fet)<\/span><\/td>\n<\/tr>\n<tr>\n<td><b>Nikotin i\u00e7eri\u011fi<\/b><\/td>\n<td><span style=\"font-weight: 400;\">50 mg\/g (po\u015fet ba\u015f\u0131na 30 mg)<\/span><\/td>\n<\/tr>\n<tr>\n<td><b>Po\u015fet format\u0131<\/b><\/td>\n<td><span style=\"font-weight: 400;\">\u0130nce<\/span><\/td>\n<\/tr>\n<tr>\n<td><b>\u00dcretici<\/b><\/td>\n<td><span style=\"font-weight: 400;\">N.G.P Empire<\/span><\/td>\n<\/tr>\n<tr>\n<td><b>Aroma<\/b><\/td>\n<td><span style=\"font-weight: 400;\">Lik\u00f6r<\/span><\/td>\n<\/tr>\n<tr>\n<td><b>T\u00fcr<\/b><\/td>\n<td><span style=\"font-weight: 400;\">T\u00fcm beyaz po\u015fet, t\u00fct\u00fcns\u00fcz<\/span><\/td>\n<\/tr>\n<\/tbody>\n<\/table>","protected":false},"excerpt":{"rendered":"<p>PABLO Exclusive Liquorice 50mg nikotin po\u015fetleri zengin, yo\u011fun <strong data-start=\"72\" data-end=\"85\">Lik\u00f6r<\/strong> aromay\u0131 g\u00fc\u00e7l\u00fc bir vuru\u015fla sunuyor. <strong data-start=\"115\" data-end=\"123\">\u0130nce<\/strong>, t\u00fct\u00fcns\u00fcz format gizli konfor ve h\u0131zl\u0131, kal\u0131c\u0131 etki i\u00e7in. Her po\u015fet <strong data-start=\"212\" data-end=\"232\">30 mg nikotin<\/strong>.<\/p>","protected":false},"featured_media":10407,"comment_status":"open","ping_status":"closed","template":"","format":[206],"meta":{"_acf_changed":false},"product_brand":[],"product_cat":[44],"product_tag":[16605],"flavours":[198],"nicotine":[226,233],"class_list":{"0":"post-10406","1":"product","2":"type-product","3":"status-publish","4":"has-post-thumbnail","6":"product_cat-pablo","7":"product_tag-30-mg-pouch","8":"pa_quantity-1-pack","9":"pa_quantity-10-pack","10":"pa_quantity-3-pack","11":"pa_quantity-30-pack","12":"pa_quantity-5-pack","13":"pa_quantity-60-pack","14":"flavours-licorice","15":"format-slim","16":"nicotine-50-mg-g","17":"nicotine-extreme","19":"first","20":"outofstock","21":"taxable","22":"shipping-taxable","23":"purchasable","24":"product-type-variable","25":"has-default-attributes"},"acf":[],"_links":{"self":[{"href":"https:\/\/whitelip.com\/tr\/wp-json\/wp\/v2\/product\/10406","targetHints":{"allow":["GET"]}}],"collection":[{"href":"https:\/\/whitelip.com\/tr\/wp-json\/wp\/v2\/product"}],"about":[{"href":"https:\/\/whitelip.com\/tr\/wp-json\/wp\/v2\/types\/product"}],"replies":[{"embeddable":true,"href":"https:\/\/whitelip.com\/tr\/wp-json\/wp\/v2\/comments?post=10406"}],"wp:featuredmedia":[{"embeddable":true,"href":"https:\/\/whitelip.com\/tr\/wp-json\/wp\/v2\/media\/10407"}],"wp:attachment":[{"href":"https:\/\/whitelip.com\/tr\/wp-json\/wp\/v2\/media?parent=10406"}],"wp:term":[{"taxonomy":"product_brand","embeddable":true,"href":"https:\/\/whitelip.com\/tr\/wp-json\/wp\/v2\/product_brand?post=10406"},{"taxonomy":"product_cat","embeddable":true,"href":"https:\/\/whitelip.com\/tr\/wp-json\/wp\/v2\/product_cat?post=10406"},{"taxonomy":"product_tag","embeddable":true,"href":"https:\/\/whitelip.com\/tr\/wp-json\/wp\/v2\/product_tag?post=10406"},{"taxonomy":"flavours","embeddable":true,"href":"https:\/\/whitelip.com\/tr\/wp-json\/wp\/v2\/flavours?post=10406"},{"taxonomy":"format","embeddable":true,"href":"https:\/\/whitelip.com\/tr\/wp-json\/wp\/v2\/format?post=10406"},{"taxonomy":"nicotine","embeddable":true,"href":"https:\/\/whitelip.com\/tr\/wp-json\/wp\/v2\/nicotine?post=10406"}],"curies":[{"name":"wp","href":"https:\/\/api.w.org\/{rel}","templated":true}]}}