{"id":10401,"date":"2025-04-16T12:25:35","date_gmt":"2025-04-16T12:25:35","guid":{"rendered":"https:\/\/whitelip.com\/killa-freeze-gold\/"},"modified":"2026-04-18T17:42:32","modified_gmt":"2026-04-18T17:42:32","slug":"killa-freeze-gold","status":"publish","type":"product","link":"https:\/\/whitelip.com\/tr\/killa\/killa-freeze-gold\/","title":{"rendered":"KILLA Freeze Gold"},"content":{"rendered":"<h2><strong>KILLA Freeze Gold<\/strong><\/h2>\n<p class=\"\" data-start=\"100\" data-end=\"587\">KILLA Freeze Gold nikotin po\u015fetleri, yo\u011fun bir so\u011futma hissi ile g\u00fc\u00e7l\u00fc bir nikotin etkisini birle\u015ftirir. Deneyimli kullan\u0131c\u0131lar i\u00e7in tasarlanm\u0131\u015f, bu cesur kar\u0131\u015f\u0131m sert ve uzun s\u00fcren icy tazelik sa\u011flar. T\u00fct\u00fcns\u00fcz, dar format\u0131 ile Freeze Gold, y\u00fcksek g\u00fc\u00e7l\u00fc bir po\u015feti ciddi yo\u011funluk isteyen ki\u015filer i\u00e7in temiz ve gizli bir \u015fekilde kullanman\u0131n m\u00fckemmel yolu\u2014taviz vermeksizin.<\/p>\n<table>\n<tbody>\n<tr>\n<td><b>Attribute<\/b><\/td>\n<td><b>Ayr\u0131nt\u0131lar<\/b><\/td>\n<\/tr>\n<tr>\n<td><b>10g (20 po\u015fet)<\/b><\/td>\n<td><span style=\"font-weight: 400;\">16g (20 po\u015fet)<\/span><\/td>\n<\/tr>\n<tr>\n<td><b>Nikotin i\u00e7eri\u011fi<\/b><\/td>\n<td><span style=\"font-weight: 400;\">16 mg\/g (po\u015fet ba\u015f\u0131na 12,8 mg)<\/span><\/td>\n<\/tr>\n<tr>\n<td><b>Po\u015fet format\u0131<\/b><\/td>\n<td><span style=\"font-weight: 400;\">\u0130nce<\/span><\/td>\n<\/tr>\n<tr>\n<td><b>\u00dcretici<\/b><\/td>\n<td><span style=\"font-weight: 400;\">NGP Empire<\/span><\/td>\n<\/tr>\n<tr>\n<td><b>Aroma<\/b><\/td>\n<td><span style=\"font-weight: 400;\">Freeze (G\u00fc\u00e7l\u00fc Nane, Buzlu So\u011fuk)<\/span><\/td>\n<\/tr>\n<tr>\n<td><b>T\u00fcr<\/b><\/td>\n<td><span style=\"font-weight: 400;\">T\u00fcm beyaz po\u015fet, t\u00fct\u00fcns\u00fcz<\/span><\/td>\n<\/tr>\n<\/tbody>\n<\/table>","protected":false},"excerpt":{"rendered":"<p>Yo\u011fun, buzlu <strong data-start=\"13\" data-end=\"28\">Freeze Gold<\/strong> g\u00fc\u00e7l\u00fc, uzun s\u00fcren bir etki ile. <strong data-start=\"65\" data-end=\"73\">\u0130nce<\/strong>, t\u00fct\u00fcns\u00fcz po\u015fetler lip alt\u0131nda gizlice uyar temiz, y\u00fcksek g\u00fc\u00e7l\u00fc kullan\u0131m i\u00e7in. Her po\u015fet i\u00e7erir <strong data-start=\"175\" data-end=\"195\">12,8 mg nikotin<\/strong> taviz vermeden ciddi yo\u011funluk i\u00e7in.<\/p>","protected":false},"featured_media":10402,"comment_status":"open","ping_status":"closed","template":"","format":[206],"meta":{"_acf_changed":false},"product_brand":[],"product_cat":[64],"product_tag":[16676],"flavours":[199],"nicotine":[213,232],"class_list":{"0":"post-10401","1":"product","2":"type-product","3":"status-publish","4":"has-post-thumbnail","6":"product_cat-killa","7":"product_tag-12-8-mg-pouch","8":"pa_quantity-1-pack","9":"pa_quantity-10-pack","10":"pa_quantity-3-pack","11":"pa_quantity-30-pack","12":"pa_quantity-5-pack","13":"pa_quantity-60-pack","14":"flavours-mint","15":"format-slim","16":"nicotine-16-mg-g","17":"nicotine-extra-strong","19":"first","20":"outofstock","21":"taxable","22":"shipping-taxable","23":"purchasable","24":"product-type-variable","25":"has-default-attributes"},"acf":[],"_links":{"self":[{"href":"https:\/\/whitelip.com\/tr\/wp-json\/wp\/v2\/product\/10401","targetHints":{"allow":["GET"]}}],"collection":[{"href":"https:\/\/whitelip.com\/tr\/wp-json\/wp\/v2\/product"}],"about":[{"href":"https:\/\/whitelip.com\/tr\/wp-json\/wp\/v2\/types\/product"}],"replies":[{"embeddable":true,"href":"https:\/\/whitelip.com\/tr\/wp-json\/wp\/v2\/comments?post=10401"}],"wp:featuredmedia":[{"embeddable":true,"href":"https:\/\/whitelip.com\/tr\/wp-json\/wp\/v2\/media\/10402"}],"wp:attachment":[{"href":"https:\/\/whitelip.com\/tr\/wp-json\/wp\/v2\/media?parent=10401"}],"wp:term":[{"taxonomy":"product_brand","embeddable":true,"href":"https:\/\/whitelip.com\/tr\/wp-json\/wp\/v2\/product_brand?post=10401"},{"taxonomy":"product_cat","embeddable":true,"href":"https:\/\/whitelip.com\/tr\/wp-json\/wp\/v2\/product_cat?post=10401"},{"taxonomy":"product_tag","embeddable":true,"href":"https:\/\/whitelip.com\/tr\/wp-json\/wp\/v2\/product_tag?post=10401"},{"taxonomy":"flavours","embeddable":true,"href":"https:\/\/whitelip.com\/tr\/wp-json\/wp\/v2\/flavours?post=10401"},{"taxonomy":"format","embeddable":true,"href":"https:\/\/whitelip.com\/tr\/wp-json\/wp\/v2\/format?post=10401"},{"taxonomy":"nicotine","embeddable":true,"href":"https:\/\/whitelip.com\/tr\/wp-json\/wp\/v2\/nicotine?post=10401"}],"curies":[{"name":"wp","href":"https:\/\/api.w.org\/{rel}","templated":true}]}}