{"id":10396,"date":"2025-04-16T12:25:38","date_gmt":"2025-04-16T12:25:38","guid":{"rendered":"https:\/\/whitelip.com\/killa-glogg\/"},"modified":"2026-05-06T10:11:21","modified_gmt":"2026-05-06T10:11:21","slug":"killa-glogg","status":"publish","type":"product","link":"https:\/\/whitelip.com\/tr\/killa\/killa-glogg\/","title":{"rendered":"KILLA Gl\u00f6gg"},"content":{"rendered":"<h2><strong>KILLA Gl\u00f6gg<\/strong><\/h2>\n<p class=\"\" data-start=\"100\" data-end=\"587\">KILLA Gl\u00f6gg nikotin po\u015fetleri, geleneksel \u0130skandinav vin chaud'un rahat ve baharatl\u0131 \u00f6z\u00fcn\u00fc yakalar. Ya\u015f meyvelerinin s\u0131cak notalar\u0131, karanfil ve hafif tar\u00e7\u0131n ipu\u00e7lar\u0131yla, bu benzersiz tat g\u00fc\u00e7l\u00fc bir nikotin deneyiminin yan\u0131nda \u015fenlikli bir twist sunar. So\u011fuk sezonlar i\u00e7in m\u00fckemmel\u2014ya da her zaman tatil ruhu istedi\u011finizde\u2014bu ince, t\u00fct\u00fcns\u00fcz po\u015fetler nikotin tad\u0131n\u0131 duman i\u00e7ermeksizin keyifle almak i\u00e7in \u00fcnde ve lezzetli bir yol sunar.<\/p>\n<table>\n<tbody>\n<tr>\n<td><b>Attribute<\/b><\/td>\n<td><b>Ayr\u0131nt\u0131lar<\/b><\/td>\n<\/tr>\n<tr>\n<td><b>10g (20 po\u015fet)<\/b><\/td>\n<td><span style=\"font-weight: 400;\">16g (20 po\u015fet)<\/span><\/td>\n<\/tr>\n<tr>\n<td><b>Nikotin i\u00e7eri\u011fi<\/b><\/td>\n<td><span style=\"font-weight: 400;\">16 mg\/g (po\u015fet ba\u015f\u0131na 12,8 mg)<\/span><\/td>\n<\/tr>\n<tr>\n<td><b>Po\u015fet format\u0131<\/b><\/td>\n<td><span style=\"font-weight: 400;\">\u0130nce<\/span><\/td>\n<\/tr>\n<tr>\n<td><b>\u00dcretici<\/b><\/td>\n<td><span style=\"font-weight: 400;\">NGP Empire<\/span><\/td>\n<\/tr>\n<tr>\n<td><b>Aroma<\/b><\/td>\n<td><span style=\"font-weight: 400;\">Gl\u00f6gg (\u015earap, Baharatlar)<\/span><\/td>\n<\/tr>\n<tr>\n<td><b>T\u00fcr<\/b><\/td>\n<td><span style=\"font-weight: 400;\">T\u00fcm beyaz po\u015fet, t\u00fct\u00fcns\u00fcz<\/span><\/td>\n<\/tr>\n<\/tbody>\n<\/table>","protected":false},"excerpt":{"rendered":"<p>Rahat, baharatl\u0131 <strong data-start=\"13\" data-end=\"22\">gl\u00f6gg<\/strong> \u00e7ilekli s\u0131cak notalar, karanfil ve bir d\u00fc\u011f\u00fcn yeme\u011fi b\u00fck\u00fclmesinin ipucu ile. <strong data-start=\"103\" data-end=\"111\">\u0130nce<\/strong>, t\u00fct\u00fcns\u00fcz po\u015fetler duda\u011f\u0131n alt\u0131nda gizli bir \u015fekilde oturur ve duman i\u00e7ermeyen g\u00fc\u00e7l\u00fc nikotin deneyimi sunar.<\/p>","protected":false},"featured_media":3381,"comment_status":"open","ping_status":"closed","template":"","format":[206],"meta":{"_acf_changed":false},"product_brand":[],"product_cat":[64],"product_tag":[16676],"flavours":[200],"nicotine":[213,232],"class_list":{"0":"post-10396","1":"product","2":"type-product","3":"status-publish","4":"has-post-thumbnail","6":"product_cat-killa","7":"product_tag-12-8-mg-pouch","8":"pa_quantity-1-pack","9":"pa_quantity-10-pack","10":"pa_quantity-3-pack","11":"pa_quantity-30-pack","12":"pa_quantity-5-pack","13":"pa_quantity-60-pack","14":"flavours-spices","15":"format-slim","16":"nicotine-16-mg-g","17":"nicotine-extra-strong","19":"first","20":"outofstock","21":"taxable","22":"shipping-taxable","23":"purchasable","24":"product-type-variable"},"acf":[],"_links":{"self":[{"href":"https:\/\/whitelip.com\/tr\/wp-json\/wp\/v2\/product\/10396","targetHints":{"allow":["GET"]}}],"collection":[{"href":"https:\/\/whitelip.com\/tr\/wp-json\/wp\/v2\/product"}],"about":[{"href":"https:\/\/whitelip.com\/tr\/wp-json\/wp\/v2\/types\/product"}],"replies":[{"embeddable":true,"href":"https:\/\/whitelip.com\/tr\/wp-json\/wp\/v2\/comments?post=10396"}],"wp:featuredmedia":[{"embeddable":true,"href":"https:\/\/whitelip.com\/tr\/wp-json\/wp\/v2\/media\/3381"}],"wp:attachment":[{"href":"https:\/\/whitelip.com\/tr\/wp-json\/wp\/v2\/media?parent=10396"}],"wp:term":[{"taxonomy":"product_brand","embeddable":true,"href":"https:\/\/whitelip.com\/tr\/wp-json\/wp\/v2\/product_brand?post=10396"},{"taxonomy":"product_cat","embeddable":true,"href":"https:\/\/whitelip.com\/tr\/wp-json\/wp\/v2\/product_cat?post=10396"},{"taxonomy":"product_tag","embeddable":true,"href":"https:\/\/whitelip.com\/tr\/wp-json\/wp\/v2\/product_tag?post=10396"},{"taxonomy":"flavours","embeddable":true,"href":"https:\/\/whitelip.com\/tr\/wp-json\/wp\/v2\/flavours?post=10396"},{"taxonomy":"format","embeddable":true,"href":"https:\/\/whitelip.com\/tr\/wp-json\/wp\/v2\/format?post=10396"},{"taxonomy":"nicotine","embeddable":true,"href":"https:\/\/whitelip.com\/tr\/wp-json\/wp\/v2\/nicotine?post=10396"}],"curies":[{"name":"wp","href":"https:\/\/api.w.org\/{rel}","templated":true}]}}