{"id":10386,"date":"2025-04-16T12:25:41","date_gmt":"2025-04-16T12:25:41","guid":{"rendered":"https:\/\/whitelip.com\/killa-mocca\/"},"modified":"2026-05-12T10:11:41","modified_gmt":"2026-05-12T10:11:41","slug":"killa-mocca","status":"publish","type":"product","link":"https:\/\/whitelip.com\/tr\/killa\/killa-mocca\/","title":{"rendered":"KILLA Mocca"},"content":{"rendered":"<h2><strong>KILLA Mocca<\/strong><\/h2>\n<p class=\"\" data-start=\"100\" data-end=\"587\">KILLA Mocca nikotin po\u015fetleri d\u00fczg\u00fcn kahve notalar\u0131n\u0131 \u00e7ikolatal\u0131 tatl\u0131l\u0131k ipu\u00e7lar\u0131yla harmanlayan derin, zengin mokka tad\u0131 sunmaktad\u0131r. Cesur fakat dengeli bir tat ho\u015flanan olanlar i\u00e7in tasarlanan bu t\u00fct\u00fcns\u00fcz po\u015fetler ayr\u0131k, ince formatta g\u00fc\u00e7l\u00fc nikotin vurmas\u0131 sunmaktad\u0131rlar. G\u00fcn\u00fc ba\u015flat\u0131p ba\u015flatmad\u0131\u011f\u0131n\u0131zdan veya ara al\u0131p almad\u0131\u011f\u0131n\u0131zdan ba\u011f\u0131ms\u0131z olarak, KILLA Mocca nikotin tatmini i\u00e7in tatmin edici ve lezzetli bir yol sunmaktad\u0131r\u2014dumans\u0131z, sadece saf mokka \u015fehveti.<\/p>\n<table>\n<tbody>\n<tr>\n<td><b>Attribute<\/b><\/td>\n<td><b>Ayr\u0131nt\u0131lar<\/b><\/td>\n<\/tr>\n<tr>\n<td><b>10g (20 po\u015fet)<\/b><\/td>\n<td><span style=\"font-weight: 400;\">16g (20 po\u015fet)<\/span><\/td>\n<\/tr>\n<tr>\n<td><b>Nikotin i\u00e7eri\u011fi<\/b><\/td>\n<td><span style=\"font-weight: 400;\">16 mg\/g (po\u015fet ba\u015f\u0131na 12,8 mg)<\/span><\/td>\n<\/tr>\n<tr>\n<td><b>Po\u015fet format\u0131<\/b><\/td>\n<td><span style=\"font-weight: 400;\">\u0130nce<\/span><\/td>\n<\/tr>\n<tr>\n<td><b>\u00dcretici<\/b><\/td>\n<td><span style=\"font-weight: 400;\">NGP Empire<\/span><\/td>\n<\/tr>\n<tr>\n<td><b>Aroma<\/b><\/td>\n<td><span style=\"font-weight: 400;\">Mocca (Kahve ve \u00c7ikolata)<\/span><\/td>\n<\/tr>\n<tr>\n<td><b>T\u00fcr<\/b><\/td>\n<td><span style=\"font-weight: 400;\">T\u00fcm beyaz po\u015fet, t\u00fct\u00fcns\u00fcz<\/span><\/td>\n<\/tr>\n<\/tbody>\n<\/table>","protected":false},"excerpt":{"rendered":"<p>Derin, zengin <strong data-start=\"11\" data-end=\"20\">mocca<\/strong> p\u00fcr\u00fczs\u00fcz kahve ve hafif \u00e7ikolatal\u0131 tatl\u0131l\u0131kla. <strong data-start=\"76\" data-end=\"84\">\u0130nce<\/strong>, t\u00fct\u00fcns\u00fcz po\u015fetler duda\u011f\u0131n alt\u0131nda gizli bir \u015fekilde oturur ve g\u00fc\u00e7l\u00fc, tatmin edici bir darbe sunar. Her po\u015fet i\u00e7erir <strong data-start=\"186\" data-end=\"206\">12,8 mg nikotin<\/strong> cesur, dengeli keyif i\u00e7in.<\/p>","protected":false},"featured_media":10387,"comment_status":"open","ping_status":"closed","template":"","format":[206],"meta":{"_acf_changed":false},"product_brand":[],"product_cat":[64],"product_tag":[16676],"flavours":[188,192],"nicotine":[213,232],"class_list":{"0":"post-10386","1":"product","2":"type-product","3":"status-publish","4":"has-post-thumbnail","6":"product_cat-killa","7":"product_tag-12-8-mg-pouch","8":"pa_quantity-1-pack","9":"pa_quantity-10-pack","10":"pa_quantity-3-pack","11":"pa_quantity-30-pack","12":"pa_quantity-5-pack","13":"pa_quantity-60-pack","14":"flavours-chocolate","15":"flavours-coffee","16":"format-slim","17":"nicotine-16-mg-g","18":"nicotine-extra-strong","20":"first","21":"outofstock","22":"taxable","23":"shipping-taxable","24":"purchasable","25":"product-type-variable","26":"has-default-attributes"},"acf":[],"_links":{"self":[{"href":"https:\/\/whitelip.com\/tr\/wp-json\/wp\/v2\/product\/10386","targetHints":{"allow":["GET"]}}],"collection":[{"href":"https:\/\/whitelip.com\/tr\/wp-json\/wp\/v2\/product"}],"about":[{"href":"https:\/\/whitelip.com\/tr\/wp-json\/wp\/v2\/types\/product"}],"replies":[{"embeddable":true,"href":"https:\/\/whitelip.com\/tr\/wp-json\/wp\/v2\/comments?post=10386"}],"wp:featuredmedia":[{"embeddable":true,"href":"https:\/\/whitelip.com\/tr\/wp-json\/wp\/v2\/media\/10387"}],"wp:attachment":[{"href":"https:\/\/whitelip.com\/tr\/wp-json\/wp\/v2\/media?parent=10386"}],"wp:term":[{"taxonomy":"product_brand","embeddable":true,"href":"https:\/\/whitelip.com\/tr\/wp-json\/wp\/v2\/product_brand?post=10386"},{"taxonomy":"product_cat","embeddable":true,"href":"https:\/\/whitelip.com\/tr\/wp-json\/wp\/v2\/product_cat?post=10386"},{"taxonomy":"product_tag","embeddable":true,"href":"https:\/\/whitelip.com\/tr\/wp-json\/wp\/v2\/product_tag?post=10386"},{"taxonomy":"flavours","embeddable":true,"href":"https:\/\/whitelip.com\/tr\/wp-json\/wp\/v2\/flavours?post=10386"},{"taxonomy":"format","embeddable":true,"href":"https:\/\/whitelip.com\/tr\/wp-json\/wp\/v2\/format?post=10386"},{"taxonomy":"nicotine","embeddable":true,"href":"https:\/\/whitelip.com\/tr\/wp-json\/wp\/v2\/nicotine?post=10386"}],"curies":[{"name":"wp","href":"https:\/\/api.w.org\/{rel}","templated":true}]}}